{"id":1867,"date":"2026-04-30T01:46:59","date_gmt":"2026-04-29T17:46:59","guid":{"rendered":"https:\/\/glassouse.com\/?page_id=1867"},"modified":"2026-04-30T01:46:59","modified_gmt":"2026-04-29T17:46:59","slug":"money-back-guarantee","status":"publish","type":"page","link":"https:\/\/glassouse.com\/tr\/money-back-guarantee\/","title":{"rendered":"Money Back Guarantee"},"content":{"rendered":"<div class=\"wpb-content-wrapper\"><div data-parent=\"true\" class=\"vc_row vc_custom_1649004907143 row-container\" style=\"padding-bottom: 0px ;\" id=\"row-unique-0\"><div class=\"row limit-width row-parent\"><div class=\"wpb_row row-inner\"><div class=\"wpb_column pos-top pos-center align_left column_parent col-lg-12 single-internal-gutter\"><div class=\"uncol style-light\"  ><div class=\"uncoltable\"><div class=\"uncell  vc_custom_1649004867867 one-block-padding\" style=\"padding-bottom: 0px ;\" ><div class=\"uncont\" ><div class=\"uncode-single-media  text-center\"><div class=\"single-wrapper\" style=\"max-width: 100%;\"><div class=\"tmb tmb-light  tmb-media-first tmb-media-last tmb-content-overlay tmb-no-bg\"><div class=\"t-inside\"><div class=\"t-entry-visual\"><div class=\"t-entry-visual-tc\"><div class=\"uncode-single-media-wrapper\"><img decoding=\"async\" class=\"wp-image-5087\" src=\"https:\/\/glassouse.com\/wp-content\/uploads\/2022\/04\/GlassOuse-banner-scaled.jpg\" width=\"2560\" height=\"844\" alt=\"GlassOuse 15-Days Trial - Return &amp; Refund Policy\" srcset=\"https:\/\/glassouse.com\/wp-content\/uploads\/2022\/04\/GlassOuse-banner-scaled.jpg 2560w, https:\/\/glassouse.com\/wp-content\/uploads\/2022\/04\/GlassOuse-banner-scaled-300x99.jpg 300w, https:\/\/glassouse.com\/wp-content\/uploads\/2022\/04\/GlassOuse-banner-1024x337.jpg 1024w, https:\/\/glassouse.com\/wp-content\/uploads\/2022\/04\/GlassOuse-banner-768x253.jpg 768w, https:\/\/glassouse.com\/wp-content\/uploads\/2022\/04\/GlassOuse-banner-1536x506.jpg 1536w, https:\/\/glassouse.com\/wp-content\/uploads\/2022\/04\/GlassOuse-banner-2048x675.jpg 2048w\" sizes=\"(max-width: 2560px) 100vw, 2560px\" \/><\/div>\n\t\t\t\t\t<\/div>\n\t\t\t\t<\/div><\/div><\/div><\/div><\/div><div class=\"uncode_text_column\" ><\/p>\n<p><img decoding=\"async\" class=\"alignnone size-full wp-image-214 aligncenter\" src=\"https:\/\/glassouse.com\/wp-content\/uploads\/2017\/11\/black.png\" alt=\"\" width=\"100\" height=\"4\" srcset=\"https:\/\/glassouse.com\/wp-content\/uploads\/2017\/11\/black.png 100w, https:\/\/glassouse.com\/wp-content\/uploads\/2017\/11\/black-75x4.png 75w\" sizes=\"(max-width: 100px) 100vw, 100px\" \/><\/p>\n<\/div><div class=\"uncode_text_column\" ><\/p>\n<h4 style=\"text-align: center;\">T\u00fcm GlassOuse \u00fcr\u00fcnleri 15 g\u00fcnl\u00fck deneme s\u00fcr\u00fcm\u00fcyle birlikte sunulur<\/h4>\n<p style=\"text-align: center;\">Web sitesinden sat\u0131n alma yapt\u0131ktan sonra fikrinizi de\u011fi\u015ftirir ve \u00fcr\u00fcn\u00fc teslim ald\u0131\u011f\u0131n\u0131z tarihten itibaren 15 g\u00fcn i\u00e7inde iade etmek isterseniz, iade ve geri \u00f6deme talebinde bulunabilirsiniz.<\/p>\n<p>\n<\/div><div class=\"uncode_text_column vc_custom_1650349700527\"  style=\"padding-bottom: 0px ;\"><\/p>\n<h4><strong>Nas\u0131l \u0130ade Edilir ve Geri \u00d6deme Al\u0131n\u0131r<\/strong><\/h4>\n<ol>\n<li>Web sitesi veya e-posta yoluyla destek ekibimizle ileti\u015fime ge\u00e7in \u2013 <a href=\"mailto:support@glassouse.com\">support@glassouse.com<\/a>. Sipari\u015f numaran\u0131z\u0131 ve iade nedeninizi l\u00fctfen belirtin.<\/li>\n<li>Ekipimiz size iade talimatlar\u0131n\u0131 g\u00f6nderecektir. Bu talimatlar\u0131 izleyerek \u00fcr\u00fcn\u00fc orijinal ambalaj\u0131yla birlikte geri g\u00f6nderin. \u0130ade kargo \u00fccreti taraf\u0131n\u0131zca kar\u015f\u0131lanacakt\u0131r.<br \/>\n<strong>Not:<\/strong> \u00dcr\u00fcnlerin hasarl\u0131 olmad\u0131\u011f\u0131ndan l\u00fctfen emin olun, \u00e7\u00fcnk\u00fc hasarl\u0131 \u00fcr\u00fcnler i\u00e7in para iadesi yap\u0131lmayacakt\u0131r.<\/li>\n<li>Mallar genel merkezimize ula\u015ft\u0131\u011f\u0131nda, iade i\u015flemini 7 g\u00fcn i\u00e7inde ba\u015flataca\u011f\u0131z.<\/li>\n<\/ol>\n<p>\n<\/div><\/div><\/div><\/div><\/div><\/div><script id=\"script-row-unique-0\" data-row=\"script-row-unique-0\" type=\"text\/javascript\" class=\"vc_controls\">UNCODE.initRow(document.getElementById(\"row-unique-0\"));<\/script><\/div><\/div><\/div><div data-parent=\"true\" class=\"vc_row vc_custom_1649004922471 row-container\" style=\"padding-top: 10px ;\" id=\"row-unique-1\"><div class=\"row limit-width row-parent\"><div class=\"wpb_row row-inner\"><div class=\"wpb_column pos-top pos-center align_left column_parent col-lg-12 single-internal-gutter\"><div class=\"uncol style-light\"  ><div class=\"uncoltable\"><div class=\"uncell no-block-padding\" ><div class=\"uncont\" ><div class=\"uncode-accordion wpb_accordion wpb_content_element  sign-size-rg w-border\" data-collapsible=\"no\" data-target=\"\" data-active-tab=\"0\" >\n\t\t<div class=\"panel-group wpb_wrapper wpb_accordion_wrapper\" id=\"accordion_853043944\" data-no-toggle=\"\">\n\n<div class=\"panel panel-default wpb_accordion_section group\"><div class=\"panel-heading wpb_accordion_header ui-accordion-header\"><p class=\"panel-title font-weight- text-   icon-size-rg\"><a data-toggle=\"collapse\" data-parent=\"#accordion_853043944\" href=\"#083c16d9-ea7a-6\"><span>GlassOuse&#x27;nin iade politikas\u0131 var m\u0131?<\/span><\/a><\/p><\/div><div id=\"083c16d9-ea7a-6\" class=\"panel-collapse collapse\"><div class=\"panel-body wpb_accordion_content ui-accordion-content half-internal-gutter single-block-padding\">\n\t\t\t\t\t\t<div class=\"uncode_text_column\" ><p>T\u00fcm GlassOuse \u00fcr\u00fcnleri, teslimat tarihinden itibaren 15 g\u00fcnl\u00fck bir deneme s\u00fcresi sunar. Fikrinizi de\u011fi\u015ftirirseniz, \u00fcr\u00fcn\u00fc ald\u0131\u011f\u0131n\u0131z haliyle iade etmeyi talep edebilirsiniz.<\/p>\n<\/div><\/div><\/div><\/div><div class=\"panel panel-default wpb_accordion_section group\"><div class=\"panel-heading wpb_accordion_header ui-accordion-header\"><p class=\"panel-title font-weight- text-   icon-size-rg\"><a data-toggle=\"collapse\" data-parent=\"#accordion_853043944\" href=\"#ded89cbf-a994-7\"><span>Kullan\u0131lm\u0131\u015f bir \u00fcr\u00fcn\u00fc iade edebilir miyim?<\/span><\/a><\/p><\/div><div id=\"ded89cbf-a994-7\" class=\"panel-collapse collapse\"><div class=\"panel-body wpb_accordion_content ui-accordion-content half-internal-gutter single-block-padding\">\n\t\t\t\t\t\t<div class=\"uncode_text_column\" ><p>Elbette. Ancak tam bir geri \u00f6deme i\u00e7in iade edilen t\u00fcm cihazlar, ar\u0131zas\u0131z ve kusursuz olmal\u0131d\u0131r.<\/p>\n<\/div><\/div><\/div><\/div><div class=\"panel panel-default wpb_accordion_section group\"><div class=\"panel-heading wpb_accordion_header ui-accordion-header\"><p class=\"panel-title font-weight- text-   icon-size-rg\"><a data-toggle=\"collapse\" data-parent=\"#accordion_853043944\" href=\"#0928a723-1730-7\"><span>\u0130ade g\u00f6nderim \u00fccretini kim \u00f6der?<\/span><\/a><\/p><\/div><div id=\"0928a723-1730-7\" class=\"panel-collapse collapse\"><div class=\"panel-body wpb_accordion_content ui-accordion-content half-internal-gutter single-block-padding\">\n\t\t\t\t\t\t<div class=\"uncode_text_column\" ><p>GlassOuse, \u00fcr\u00fcnler i\u00e7in tam para iadesi sunsa da, iade kargo \u00fccretleri al\u0131c\u0131 taraf\u0131ndan kar\u015f\u0131lan\u0131r.<\/p>\n<\/div><\/div><\/div><\/div><div class=\"panel panel-default wpb_accordion_section group\"><div class=\"panel-heading wpb_accordion_header ui-accordion-header\"><p class=\"panel-title font-weight- text-   icon-size-rg\"><a data-toggle=\"collapse\" data-parent=\"#accordion_853043944\" href=\"#db439506-05f3-2\"><span>\u0130ademi ne zaman alaca\u011f\u0131m?<\/span><\/a><\/p><\/div><div id=\"db439506-05f3-2\" class=\"panel-collapse collapse\"><div class=\"panel-body wpb_accordion_content ui-accordion-content half-internal-gutter single-block-padding\">\n\t\t\t\t\t\t<div class=\"uncode_text_column\" ><p>\u0130ade \u00f6demeniz, iade edilen cihaz\u0131n teslim al\u0131nd\u0131\u011f\u0131 haliyle, yani ar\u0131zas\u0131z ve kusursuz bir \u015fekilde teslim edilmesinden sonra 7 (yedi) i\u015f g\u00fcn\u00fc i\u00e7inde yap\u0131l\u0131r. Not - \u0130ade tutar\u0131 yaln\u0131zca cihaz maliyetini kapsar, nakliye \u00fccretini kapsamaz.<\/p>\n<\/div><\/div><\/div><\/div><div class=\"panel panel-default wpb_accordion_section group\"><div class=\"panel-heading wpb_accordion_header ui-accordion-header\"><p class=\"panel-title font-weight- text-   icon-size-rg\"><a data-toggle=\"collapse\" data-parent=\"#accordion_853043944\" href=\"#1650406264098-5-3\"><span>\u0130ade \u00fccreti var m\u0131?<\/span><\/a><\/p><\/div><div id=\"1650406264098-5-3\" class=\"panel-collapse collapse\"><div class=\"panel-body wpb_accordion_content ui-accordion-content half-internal-gutter single-block-padding\">\n\t\t\t\t\t\t<div class=\"uncode_text_column\" ><p>\u00d6dedi\u011finiz tutar\u0131n tamam\u0131n\u0131 iade edece\u011fiz. Ancak, \u00f6deme sistemleri taraf\u0131ndan toplam \u00f6deme tutar\u0131n\u0131n yakla\u015f\u0131k %3,6-4&#x27;\u00fc \u00fccret olarak kesilmektedir. \u00d6rne\u011fin, sat\u0131n alma s\u0131ras\u0131nda 100 TL \u00f6dediyseniz, yakla\u015f\u0131k 96 TL geri alacaks\u0131n\u0131z.<\/p>\n<\/div><\/div><\/div><\/div>\n\t\t<\/div><\/div><\/div><\/div><\/div><\/div><\/div><script id=\"script-row-unique-1\" data-row=\"script-row-unique-1\" type=\"text\/javascript\" class=\"vc_controls\">UNCODE.initRow(document.getElementById(\"row-unique-1\"));<\/script><\/div><\/div><\/div>\n<\/div>","protected":false},"excerpt":{"rendered":"All GlassOuse products come with a 15-days trial After purchasing from the website, if you change your mind and decide [...]","protected":false},"author":1,"featured_media":0,"parent":0,"menu_order":24,"comment_status":"closed","ping_status":"closed","template":"","meta":{"_acf_changed":false,"footnotes":""},"class_list":["post-1867","page","type-page","status-publish","hentry"],"acf":[],"yoast_head":"<!-- This site is optimized with the Yoast SEO plugin v27.6 - https:\/\/yoast.com\/product\/yoast-seo-wordpress\/ -->\n<title>Money Back Guarantee - Glassouse Assistive Device<\/title>\n<meta name=\"description\" content=\"Try GlassOuse &amp; G-Switch Series for 15 days now with Money Back Guarantee program. Order your demo assistive device now within minutes.\" \/>\n<meta name=\"robots\" content=\"index, follow, max-snippet:-1, max-image-preview:large, max-video-preview:-1\" \/>\n<link rel=\"canonical\" href=\"https:\/\/glassouse.com\/tr\/money-back-guarantee\/\" \/>\n<meta property=\"og:locale\" content=\"tr_TR\" \/>\n<meta property=\"og:type\" content=\"article\" \/>\n<meta property=\"og:title\" content=\"Money Back Guarantee - Glassouse Assistive Device\" \/>\n<meta property=\"og:description\" content=\"Try GlassOuse &amp; G-Switch Series for 15 days now with Money Back Guarantee program. Order your demo assistive device now within minutes.\" \/>\n<meta property=\"og:url\" content=\"https:\/\/glassouse.com\/tr\/money-back-guarantee\/\" \/>\n<meta property=\"og:site_name\" content=\"Glassouse Assistive Device\" \/>\n<meta property=\"article:publisher\" content=\"https:\/\/www.facebook.com\/glassouse\/\" \/>\n<meta property=\"og:image\" content=\"https:\/\/glassouse.com\/wp-content\/uploads\/2017\/11\/black.png\" \/>\n\t<meta property=\"og:image:width\" content=\"100\" \/>\n\t<meta property=\"og:image:height\" content=\"4\" \/>\n\t<meta property=\"og:image:type\" content=\"image\/png\" \/>\n<meta name=\"twitter:card\" content=\"summary_large_image\" \/>\n<meta name=\"twitter:site\" content=\"@glassouse\" \/>\n<meta name=\"twitter:label1\" content=\"Tahmini okuma s\u00fcresi\" \/>\n\t<meta name=\"twitter:data1\" content=\"2 dakika\" \/>\n<script type=\"application\/ld+json\" class=\"yoast-schema-graph\">{\"@context\":\"https:\\\/\\\/schema.org\",\"@graph\":[{\"@type\":\"WebPage\",\"@id\":\"https:\\\/\\\/glassouse.com\\\/money-back-guarantee\\\/\",\"url\":\"https:\\\/\\\/glassouse.com\\\/money-back-guarantee\\\/\",\"name\":\"Money Back Guarantee - Glassouse Assistive Device\",\"isPartOf\":{\"@id\":\"https:\\\/\\\/glassouse.com\\\/#website\"},\"primaryImageOfPage\":{\"@id\":\"https:\\\/\\\/glassouse.com\\\/money-back-guarantee\\\/#primaryimage\"},\"image\":{\"@id\":\"https:\\\/\\\/glassouse.com\\\/money-back-guarantee\\\/#primaryimage\"},\"thumbnailUrl\":\"https:\\\/\\\/glassouse.com\\\/wp-content\\\/uploads\\\/2017\\\/11\\\/black.png\",\"datePublished\":\"2026-04-29T17:46:59+00:00\",\"description\":\"Try GlassOuse & G-Switch Series for 15 days now with Money Back Guarantee program. Order your demo assistive device now within minutes.\",\"breadcrumb\":{\"@id\":\"https:\\\/\\\/glassouse.com\\\/money-back-guarantee\\\/#breadcrumb\"},\"inLanguage\":\"tr\",\"potentialAction\":[{\"@type\":\"ReadAction\",\"target\":[\"https:\\\/\\\/glassouse.com\\\/money-back-guarantee\\\/\"]}]},{\"@type\":\"ImageObject\",\"inLanguage\":\"tr\",\"@id\":\"https:\\\/\\\/glassouse.com\\\/money-back-guarantee\\\/#primaryimage\",\"url\":\"https:\\\/\\\/glassouse.com\\\/wp-content\\\/uploads\\\/2017\\\/11\\\/black.png\",\"contentUrl\":\"https:\\\/\\\/glassouse.com\\\/wp-content\\\/uploads\\\/2017\\\/11\\\/black.png\"},{\"@type\":\"BreadcrumbList\",\"@id\":\"https:\\\/\\\/glassouse.com\\\/money-back-guarantee\\\/#breadcrumb\",\"itemListElement\":[{\"@type\":\"ListItem\",\"position\":1,\"name\":\"Home\",\"item\":\"https:\\\/\\\/glassouse.com\\\/\"},{\"@type\":\"ListItem\",\"position\":2,\"name\":\"Money Back Guarantee\"}]},{\"@type\":\"WebSite\",\"@id\":\"https:\\\/\\\/glassouse.com\\\/#website\",\"url\":\"https:\\\/\\\/glassouse.com\\\/\",\"name\":\"Glassouse Assistive Device\",\"description\":\"Assistive Device and Switches for Disabled\",\"publisher\":{\"@id\":\"https:\\\/\\\/glassouse.com\\\/#organization\"},\"potentialAction\":[{\"@type\":\"SearchAction\",\"target\":{\"@type\":\"EntryPoint\",\"urlTemplate\":\"https:\\\/\\\/glassouse.com\\\/?s={search_term_string}\"},\"query-input\":{\"@type\":\"PropertyValueSpecification\",\"valueRequired\":true,\"valueName\":\"search_term_string\"}}],\"inLanguage\":\"tr\"},{\"@type\":\"Organization\",\"@id\":\"https:\\\/\\\/glassouse.com\\\/#organization\",\"name\":\"GlassOuse Assistive Device\",\"url\":\"https:\\\/\\\/glassouse.com\\\/\",\"logo\":{\"@type\":\"ImageObject\",\"inLanguage\":\"tr\",\"@id\":\"https:\\\/\\\/glassouse.com\\\/#\\\/schema\\\/logo\\\/image\\\/\",\"url\":\"https:\\\/\\\/glassouse.com\\\/wp-content\\\/uploads\\\/2017\\\/11\\\/logo.jpg\",\"contentUrl\":\"https:\\\/\\\/glassouse.com\\\/wp-content\\\/uploads\\\/2017\\\/11\\\/logo.jpg\",\"width\":500,\"height\":500,\"caption\":\"GlassOuse Assistive Device\"},\"image\":{\"@id\":\"https:\\\/\\\/glassouse.com\\\/#\\\/schema\\\/logo\\\/image\\\/\"},\"sameAs\":[\"https:\\\/\\\/www.facebook.com\\\/glassouse\\\/\",\"https:\\\/\\\/x.com\\\/glassouse\",\"https:\\\/\\\/www.instagram.com\\\/glassouseassistivedevice\\\/\",\"https:\\\/\\\/www.linkedin.com\\\/company\\\/glassouse\\\/\",\"https:\\\/\\\/www.youtube.com\\\/channel\\\/UCM5pebcmVXbu00QYd91_Gyw\"]}]}<\/script>\n<!-- \/ Yoast SEO plugin. -->","yoast_head_json":{"title":"Money Back Guarantee - Glassouse Assistive Device","description":"Try GlassOuse & G-Switch Series for 15 days now with Money Back Guarantee program. Order your demo assistive device now within minutes.","robots":{"index":"index","follow":"follow","max-snippet":"max-snippet:-1","max-image-preview":"max-image-preview:large","max-video-preview":"max-video-preview:-1"},"canonical":"https:\/\/glassouse.com\/tr\/money-back-guarantee\/","og_locale":"tr_TR","og_type":"article","og_title":"Money Back Guarantee - Glassouse Assistive Device","og_description":"Try GlassOuse & G-Switch Series for 15 days now with Money Back Guarantee program. Order your demo assistive device now within minutes.","og_url":"https:\/\/glassouse.com\/tr\/money-back-guarantee\/","og_site_name":"Glassouse Assistive Device","article_publisher":"https:\/\/www.facebook.com\/glassouse\/","og_image":[{"width":100,"height":4,"url":"https:\/\/glassouse.com\/wp-content\/uploads\/2017\/11\/black.png","type":"image\/png"}],"twitter_card":"summary_large_image","twitter_site":"@glassouse","twitter_misc":{"Tahmini okuma s\u00fcresi":"2 dakika"},"schema":{"@context":"https:\/\/schema.org","@graph":[{"@type":"WebPage","@id":"https:\/\/glassouse.com\/money-back-guarantee\/","url":"https:\/\/glassouse.com\/money-back-guarantee\/","name":"Money Back Guarantee - Glassouse Assistive Device","isPartOf":{"@id":"https:\/\/glassouse.com\/#website"},"primaryImageOfPage":{"@id":"https:\/\/glassouse.com\/money-back-guarantee\/#primaryimage"},"image":{"@id":"https:\/\/glassouse.com\/money-back-guarantee\/#primaryimage"},"thumbnailUrl":"https:\/\/glassouse.com\/wp-content\/uploads\/2017\/11\/black.png","datePublished":"2026-04-29T17:46:59+00:00","description":"Try GlassOuse & G-Switch Series for 15 days now with Money Back Guarantee program. Order your demo assistive device now within minutes.","breadcrumb":{"@id":"https:\/\/glassouse.com\/money-back-guarantee\/#breadcrumb"},"inLanguage":"tr","potentialAction":[{"@type":"ReadAction","target":["https:\/\/glassouse.com\/money-back-guarantee\/"]}]},{"@type":"ImageObject","inLanguage":"tr","@id":"https:\/\/glassouse.com\/money-back-guarantee\/#primaryimage","url":"https:\/\/glassouse.com\/wp-content\/uploads\/2017\/11\/black.png","contentUrl":"https:\/\/glassouse.com\/wp-content\/uploads\/2017\/11\/black.png"},{"@type":"BreadcrumbList","@id":"https:\/\/glassouse.com\/money-back-guarantee\/#breadcrumb","itemListElement":[{"@type":"ListItem","position":1,"name":"Home","item":"https:\/\/glassouse.com\/"},{"@type":"ListItem","position":2,"name":"Money Back Guarantee"}]},{"@type":"WebSite","@id":"https:\/\/glassouse.com\/#website","url":"https:\/\/glassouse.com\/","name":"Glassouse Yard\u0131mc\u0131 Cihaz","description":"Assistive Device and Switches for Disabled","publisher":{"@id":"https:\/\/glassouse.com\/#organization"},"potentialAction":[{"@type":"SearchAction","target":{"@type":"EntryPoint","urlTemplate":"https:\/\/glassouse.com\/?s={search_term_string}"},"query-input":{"@type":"PropertyValueSpecification","valueRequired":true,"valueName":"search_term_string"}}],"inLanguage":"tr"},{"@type":"Organization","@id":"https:\/\/glassouse.com\/#organization","name":"GlassOuse Yard\u0131mc\u0131 Cihaz","url":"https:\/\/glassouse.com\/","logo":{"@type":"ImageObject","inLanguage":"tr","@id":"https:\/\/glassouse.com\/#\/schema\/logo\/image\/","url":"https:\/\/glassouse.com\/wp-content\/uploads\/2017\/11\/logo.jpg","contentUrl":"https:\/\/glassouse.com\/wp-content\/uploads\/2017\/11\/logo.jpg","width":500,"height":500,"caption":"GlassOuse Assistive Device"},"image":{"@id":"https:\/\/glassouse.com\/#\/schema\/logo\/image\/"},"sameAs":["https:\/\/www.facebook.com\/glassouse\/","https:\/\/x.com\/glassouse","https:\/\/www.instagram.com\/glassouseassistivedevice\/","https:\/\/www.linkedin.com\/company\/glassouse\/","https:\/\/www.youtube.com\/channel\/UCM5pebcmVXbu00QYd91_Gyw"]}]}},"_links":{"self":[{"href":"https:\/\/glassouse.com\/tr\/wp-json\/wp\/v2\/pages\/1867","targetHints":{"allow":["GET"]}}],"collection":[{"href":"https:\/\/glassouse.com\/tr\/wp-json\/wp\/v2\/pages"}],"about":[{"href":"https:\/\/glassouse.com\/tr\/wp-json\/wp\/v2\/types\/page"}],"author":[{"embeddable":true,"href":"https:\/\/glassouse.com\/tr\/wp-json\/wp\/v2\/users\/1"}],"replies":[{"embeddable":true,"href":"https:\/\/glassouse.com\/tr\/wp-json\/wp\/v2\/comments?post=1867"}],"version-history":[{"count":1,"href":"https:\/\/glassouse.com\/tr\/wp-json\/wp\/v2\/pages\/1867\/revisions"}],"predecessor-version":[{"id":43021,"href":"https:\/\/glassouse.com\/tr\/wp-json\/wp\/v2\/pages\/1867\/revisions\/43021"}],"wp:attachment":[{"href":"https:\/\/glassouse.com\/tr\/wp-json\/wp\/v2\/media?parent=1867"}],"curies":[{"name":"wp","href":"https:\/\/api.w.org\/{rel}","templated":true}]}}