{"id":30414,"date":"2022-06-07T11:14:18","date_gmt":"2022-06-07T03:14:18","guid":{"rendered":"https:\/\/glassouse.com\/hakkimizda\/"},"modified":"2026-04-27T17:11:07","modified_gmt":"2026-04-27T09:11:07","slug":"hakkimizda","status":"publish","type":"page","link":"https:\/\/glassouse.com\/tr\/hakkimizda\/","title":{"rendered":"Hakk\u0131m\u0131zda"},"content":{"rendered":"<div class=\"wpb-content-wrapper\"><p>[vc_row unlock_row_content=&#8221;yes&#8221; row_height_percent=&#8221;0&#8243; override_padding=&#8221;yes&#8221; h_padding=&#8221;0&#8243; top_padding=&#8221;0&#8243; bottom_padding=&#8221;0&#8243; overlay_alpha=&#8221;50&#8243; gutter_size=&#8221;0&#8243; column_width_percent=&#8221;100&#8243; shift_y=&#8221;0&#8243; z_index=&#8221;0&#8243; uncode_shortcode_id=&#8221;113570&#8243; row_height_pixel=&#8221;500&#8243; css=&#8221;.vc_custom_1657234076761{padding-right: 0px !important;padding-left: 0px !important;}&#8221;][vc_column column_width_percent=&#8221;100&#8243; position_vertical=&#8221;middle&#8221; align_horizontal=&#8221;align_center&#8221; gutter_size=&#8221;3&#8243; overlay_alpha=&#8221;50&#8243; shift_x=&#8221;0&#8243; shift_y=&#8221;0&#8243; shift_y_down=&#8221;0&#8243; z_index=&#8221;0&#8243; medium_width=&#8221;0&#8243; mobile_width=&#8221;0&#8243; width=&#8221;1\/1&#8243; uncode_shortcode_id=&#8221;109151&#8243;][vc_single_image media=&#8221;30416&#8243; media_width_use_pixel=&#8221;yes&#8221; alignment=&#8221;center&#8221; uncode_shortcode_id=&#8221;736981&#8243; el_class=&#8221;w-auto about_us_banenr&#8221;][\/vc_column][\/vc_row][vc_row row_height_percent=&#8221;0&#8243; override_padding=&#8221;yes&#8221; h_padding=&#8221;0&#8243; top_padding=&#8221;3&#8243; bottom_padding=&#8221;3&#8243; overlay_alpha=&#8221;50&#8243; gutter_size=&#8221;3&#8243; column_width_percent=&#8221;100&#8243; shift_y=&#8221;0&#8243; z_index=&#8221;0&#8243; uncode_shortcode_id=&#8221;183118&#8243;][vc_column][vc_custom_heading heading_semantic=&#8221;h1&#8243; text_weight=&#8221;700&#8243; uncode_shortcode_id=&#8221;122096&#8243;]GlassOuse Yard\u0131mc\u0131 Cihaz <span style=\"color: #43b8db;\">Hakk\u0131nda <\/span>[\/vc_custom_heading][vc_separator sep_color=&#8221;color-vyce&#8221; icon_position=&#8221;left&#8221; el_height=&#8221;5px&#8221; uncode_shortcode_id=&#8221;727187&#8243; sep_color_type=&#8221;uncode-palette&#8221; el_width=&#8221;50px&#8221; el_class=&#8221;c-divider&#8221;][vc_column_text text_lead=&#8221;yes&#8221; uncode_shortcode_id=&#8221;157375&#8243;]2016 y\u0131l\u0131nda kurulan GlassOuse Assistive Device, fiziksel engelleri ve s\u0131n\u0131rl\u0131 hareket kabiliyeti olan ki\u015filerin herkes gibi temel teknolojilere eri\u015fmesine yard\u0131mc\u0131 olmak i\u00e7in teknolojiler tasarlamakta ve geli\u015ftirmektedir.<\/p>\n<p>&#8220;Uzuvlar\u0131 veya hareket kabiliyeti olmayan engelli bir ki\u015fi ak\u0131ll\u0131 telefonlar\u0131n\u0131, tabletlerini ve bilgisayarlar\u0131n\u0131 nas\u0131l kullan\u0131r?&#8221; &#8211; Kurucumuz ve CEO&#8217;muz Mehmet T\u00fcrker 2016 y\u0131l\u0131n\u0131n ba\u015flar\u0131nda bu ikilemle kar\u015f\u0131 kar\u015f\u0131ya kald\u0131\u011f\u0131nda sordu\u011fu sorulardan biri buydu. Nemo&#8217;nun yak\u0131n arkada\u015f\u0131 20 ya\u015f\u0131ndaki maceraperest Caner Cem Mart\u0131, derin deniz dal\u0131\u015f\u0131 s\u0131ras\u0131nda ba\u015f\u0131n\u0131n alt\u0131ndan t\u00fcm v\u00fccudunun fel\u00e7 olmas\u0131na neden olan ciddi bir yaralanma ge\u00e7irdi. Bu kaza Carner&#8217;in hayat\u0131n\u0131 sonsuza dek de\u011fi\u015ftirecekti. Bu y\u00fczden Nemo, arkada\u015f\u0131n\u0131n herkes gibi telefonunu ve bilgisayar\u0131n\u0131 kullanabilmesini sa\u011flayacak bir cihaz yaratmak istedi.   <\/p>\n<p>Caner, GlassOuse V1.1&#8217;i tasarlamaya devam etti &#8211; Caner&#8217;in cep telefonlar\u0131n\u0131 ve bilgisayarlar\u0131 sadece kafa hareketleri ve \u0131s\u0131r\u0131k t\u0131klamas\u0131yla kullanmas\u0131n\u0131 sa\u011flayacak kablosuz bir kafa faresi. Bu cihaz daha sonra Indiegogo&#8217;da piyasaya s\u00fcr\u00fcld\u00fc ve burada d\u00fcnya \u00e7ap\u0131nda \u00f6vg\u00fc ve takdir toplad\u0131. <\/p>\n<p>O zamandan beri, uzman ekibimiz, k\u00fcresel kullan\u0131c\u0131 toplulu\u011fumuzdan gelen yararl\u0131 geri bildirimlerle, herkesin teknolojiye daha ba\u011f\u0131ms\u0131z bir \u015fekilde eri\u015fmesini sa\u011flamak i\u00e7in <strong>GlassOuse V1.4, GlassOuse PRO, G-Switches, Adaptive Toys<\/strong> ve daha fazlas\u0131 gibi \u00e7e\u015fitli yard\u0131mc\u0131 cihazlar geli\u015ftirdi.<\/p>\n<p><strong style=\"color: #43b8db;\">#inclusion<\/strong> <strong style=\"color: #43b8db;\">#technology4all<\/strong><\/p>\n<p>GlassOuse Yard\u0131mc\u0131 Cihaz (Marka) tamamen<strong> Ennopro Group Limited<\/strong> &#8216;e (Ana Kurulu\u015f) aittir ve onun taraf\u0131ndan i\u015fletilmektedir.[\/vc_column_text][\/vc_column][\/vc_row]<\/p>\n<\/div>","protected":false},"excerpt":{"rendered":"<p>[vc_row unlock_row_content=&#8221;yes&#8221; row_height_percent=&#8221;0&#8243; override_padding=&#8221;yes&#8221; h_padding=&#8221;0&#8243; top_padding=&#8221;0&#8243; bottom_padding=&#8221;0&#8243; overlay_alpha=&#8221;50&#8243; gutter_size=&#8221;0&#8243; column_width_percent=&#8221;100&#8243; shift_y=&#8221;0&#8243; z_index=&#8221;0&#8243; uncode_shortcode_id=&#8221;113570&#8243; row_height_pixel=&#8221;500&#8243; css=&#8221;.vc_custom_1657234076761{padding-right: 0px !important;padding-left: 0px !important;}&#8221;][vc_column column_width_percent=&#8221;100&#8243; [&hellip;]<\/p>\n","protected":false},"author":1,"featured_media":0,"parent":0,"menu_order":6,"comment_status":"closed","ping_status":"closed","template":"","meta":{"_acf_changed":false,"footnotes":""},"class_list":["post-30414","page","type-page","status-publish","hentry"],"acf":[],"yoast_head":"<!-- This site is optimized with the Yoast SEO plugin v27.4 - https:\/\/yoast.com\/product\/yoast-seo-wordpress\/ -->\n<title>Hakk\u0131m\u0131zda - GlassOuse Yard\u0131mc\u0131 Cihaz<\/title>\n<meta name=\"description\" content=\"2016 y\u0131l\u0131nda kurulan GlassOuse Assistive Device, fiziksel engelli ve s\u0131n\u0131rl\u0131 hareket kabiliyetine sahip ki\u015filerin herkes gibi temel teknolojilere eri\u015fmesine yard\u0131mc\u0131 olmak i\u00e7in teknolojiler tasarlamakta ve geli\u015ftirmektedir.\" \/>\n<meta name=\"robots\" content=\"index, follow, max-snippet:-1, max-image-preview:large, max-video-preview:-1\" \/>\n<link rel=\"canonical\" href=\"https:\/\/glassouse.com\/tr\/hakkimizda\/\" \/>\n<meta property=\"og:locale\" content=\"tr_TR\" \/>\n<meta property=\"og:type\" content=\"article\" \/>\n<meta property=\"og:title\" content=\"Hakk\u0131m\u0131zda - GlassOuse Yard\u0131mc\u0131 Cihaz\" \/>\n<meta property=\"og:description\" content=\"2016 y\u0131l\u0131nda kurulan GlassOuse Assistive Device, fiziksel engelli ve s\u0131n\u0131rl\u0131 hareket kabiliyetine sahip ki\u015filerin herkes gibi temel teknolojilere eri\u015fmesine yard\u0131mc\u0131 olmak i\u00e7in teknolojiler tasarlamakta ve geli\u015ftirmektedir.\" \/>\n<meta property=\"og:url\" content=\"https:\/\/glassouse.com\/tr\/hakkimizda\/\" \/>\n<meta property=\"og:site_name\" content=\"Glassouse Assistive Device\" \/>\n<meta property=\"article:publisher\" content=\"https:\/\/www.facebook.com\/glassouse\/\" \/>\n<meta property=\"article:modified_time\" content=\"2026-04-27T09:11:07+00:00\" \/>\n<meta name=\"twitter:card\" content=\"summary_large_image\" \/>\n<meta name=\"twitter:site\" content=\"@glassouse\" \/>\n<meta name=\"twitter:label1\" content=\"Tahmini okuma s\u00fcresi\" \/>\n\t<meta name=\"twitter:data1\" content=\"2 dakika\" \/>\n<script type=\"application\/ld+json\" class=\"yoast-schema-graph\">{\"@context\":\"https:\\\/\\\/schema.org\",\"@graph\":[{\"@type\":\"WebPage\",\"@id\":\"https:\\\/\\\/glassouse.com\\\/tr\\\/hakkimizda\\\/\",\"url\":\"https:\\\/\\\/glassouse.com\\\/tr\\\/hakkimizda\\\/\",\"name\":\"Hakk\u0131m\u0131zda - GlassOuse Yard\u0131mc\u0131 Cihaz\",\"isPartOf\":{\"@id\":\"https:\\\/\\\/glassouse.com\\\/tr\\\/#website\"},\"datePublished\":\"2022-06-07T03:14:18+00:00\",\"dateModified\":\"2026-04-27T09:11:07+00:00\",\"description\":\"2016 y\u0131l\u0131nda kurulan GlassOuse Assistive Device, fiziksel engelli ve s\u0131n\u0131rl\u0131 hareket kabiliyetine sahip ki\u015filerin herkes gibi temel teknolojilere eri\u015fmesine yard\u0131mc\u0131 olmak i\u00e7in teknolojiler tasarlamakta ve geli\u015ftirmektedir.\",\"breadcrumb\":{\"@id\":\"https:\\\/\\\/glassouse.com\\\/tr\\\/hakkimizda\\\/#breadcrumb\"},\"inLanguage\":\"tr\",\"potentialAction\":[{\"@type\":\"ReadAction\",\"target\":[\"https:\\\/\\\/glassouse.com\\\/tr\\\/hakkimizda\\\/\"]}]},{\"@type\":\"BreadcrumbList\",\"@id\":\"https:\\\/\\\/glassouse.com\\\/tr\\\/hakkimizda\\\/#breadcrumb\",\"itemListElement\":[{\"@type\":\"ListItem\",\"position\":1,\"name\":\"Home\",\"item\":\"https:\\\/\\\/glassouse.com\\\/tr\\\/ev\\\/\"},{\"@type\":\"ListItem\",\"position\":2,\"name\":\"Hakk\u0131m\u0131zda\"}]},{\"@type\":\"WebSite\",\"@id\":\"https:\\\/\\\/glassouse.com\\\/tr\\\/#website\",\"url\":\"https:\\\/\\\/glassouse.com\\\/tr\\\/\",\"name\":\"Glassouse Assistive Device\",\"description\":\"Assistive Device and Switches for Disabled\",\"publisher\":{\"@id\":\"https:\\\/\\\/glassouse.com\\\/tr\\\/#organization\"},\"potentialAction\":[{\"@type\":\"SearchAction\",\"target\":{\"@type\":\"EntryPoint\",\"urlTemplate\":\"https:\\\/\\\/glassouse.com\\\/tr\\\/?s={search_term_string}\"},\"query-input\":{\"@type\":\"PropertyValueSpecification\",\"valueRequired\":true,\"valueName\":\"search_term_string\"}}],\"inLanguage\":\"tr\"},{\"@type\":\"Organization\",\"@id\":\"https:\\\/\\\/glassouse.com\\\/tr\\\/#organization\",\"name\":\"GlassOuse Assistive Device\",\"url\":\"https:\\\/\\\/glassouse.com\\\/tr\\\/\",\"logo\":{\"@type\":\"ImageObject\",\"inLanguage\":\"tr\",\"@id\":\"https:\\\/\\\/glassouse.com\\\/tr\\\/#\\\/schema\\\/logo\\\/image\\\/\",\"url\":\"https:\\\/\\\/glassouse.com\\\/wp-content\\\/uploads\\\/2017\\\/11\\\/logo.jpg\",\"contentUrl\":\"https:\\\/\\\/glassouse.com\\\/wp-content\\\/uploads\\\/2017\\\/11\\\/logo.jpg\",\"width\":500,\"height\":500,\"caption\":\"GlassOuse Assistive Device\"},\"image\":{\"@id\":\"https:\\\/\\\/glassouse.com\\\/tr\\\/#\\\/schema\\\/logo\\\/image\\\/\"},\"sameAs\":[\"https:\\\/\\\/www.facebook.com\\\/glassouse\\\/\",\"https:\\\/\\\/x.com\\\/glassouse\",\"https:\\\/\\\/www.instagram.com\\\/glassouseassistivedevice\\\/\",\"https:\\\/\\\/www.linkedin.com\\\/company\\\/glassouse\\\/\",\"https:\\\/\\\/www.youtube.com\\\/channel\\\/UCM5pebcmVXbu00QYd91_Gyw\"]}]}<\/script>\n<!-- \/ Yoast SEO plugin. -->","yoast_head_json":{"title":"Hakk\u0131m\u0131zda - GlassOuse Yard\u0131mc\u0131 Cihaz","description":"2016 y\u0131l\u0131nda kurulan GlassOuse Assistive Device, fiziksel engelli ve s\u0131n\u0131rl\u0131 hareket kabiliyetine sahip ki\u015filerin herkes gibi temel teknolojilere eri\u015fmesine yard\u0131mc\u0131 olmak i\u00e7in teknolojiler tasarlamakta ve geli\u015ftirmektedir.","robots":{"index":"index","follow":"follow","max-snippet":"max-snippet:-1","max-image-preview":"max-image-preview:large","max-video-preview":"max-video-preview:-1"},"canonical":"https:\/\/glassouse.com\/tr\/hakkimizda\/","og_locale":"tr_TR","og_type":"article","og_title":"Hakk\u0131m\u0131zda - GlassOuse Yard\u0131mc\u0131 Cihaz","og_description":"2016 y\u0131l\u0131nda kurulan GlassOuse Assistive Device, fiziksel engelli ve s\u0131n\u0131rl\u0131 hareket kabiliyetine sahip ki\u015filerin herkes gibi temel teknolojilere eri\u015fmesine yard\u0131mc\u0131 olmak i\u00e7in teknolojiler tasarlamakta ve geli\u015ftirmektedir.","og_url":"https:\/\/glassouse.com\/tr\/hakkimizda\/","og_site_name":"Glassouse Assistive Device","article_publisher":"https:\/\/www.facebook.com\/glassouse\/","article_modified_time":"2026-04-27T09:11:07+00:00","twitter_card":"summary_large_image","twitter_site":"@glassouse","twitter_misc":{"Tahmini okuma s\u00fcresi":"2 dakika"},"schema":{"@context":"https:\/\/schema.org","@graph":[{"@type":"WebPage","@id":"https:\/\/glassouse.com\/tr\/hakkimizda\/","url":"https:\/\/glassouse.com\/tr\/hakkimizda\/","name":"Hakk\u0131m\u0131zda - GlassOuse Yard\u0131mc\u0131 Cihaz","isPartOf":{"@id":"https:\/\/glassouse.com\/tr\/#website"},"datePublished":"2022-06-07T03:14:18+00:00","dateModified":"2026-04-27T09:11:07+00:00","description":"2016 y\u0131l\u0131nda kurulan GlassOuse Assistive Device, fiziksel engelli ve s\u0131n\u0131rl\u0131 hareket kabiliyetine sahip ki\u015filerin herkes gibi temel teknolojilere eri\u015fmesine yard\u0131mc\u0131 olmak i\u00e7in teknolojiler tasarlamakta ve geli\u015ftirmektedir.","breadcrumb":{"@id":"https:\/\/glassouse.com\/tr\/hakkimizda\/#breadcrumb"},"inLanguage":"tr","potentialAction":[{"@type":"ReadAction","target":["https:\/\/glassouse.com\/tr\/hakkimizda\/"]}]},{"@type":"BreadcrumbList","@id":"https:\/\/glassouse.com\/tr\/hakkimizda\/#breadcrumb","itemListElement":[{"@type":"ListItem","position":1,"name":"Home","item":"https:\/\/glassouse.com\/tr\/ev\/"},{"@type":"ListItem","position":2,"name":"Hakk\u0131m\u0131zda"}]},{"@type":"WebSite","@id":"https:\/\/glassouse.com\/tr\/#website","url":"https:\/\/glassouse.com\/tr\/","name":"Glassouse Assistive Device","description":"Assistive Device and Switches for Disabled","publisher":{"@id":"https:\/\/glassouse.com\/tr\/#organization"},"potentialAction":[{"@type":"SearchAction","target":{"@type":"EntryPoint","urlTemplate":"https:\/\/glassouse.com\/tr\/?s={search_term_string}"},"query-input":{"@type":"PropertyValueSpecification","valueRequired":true,"valueName":"search_term_string"}}],"inLanguage":"tr"},{"@type":"Organization","@id":"https:\/\/glassouse.com\/tr\/#organization","name":"GlassOuse Assistive Device","url":"https:\/\/glassouse.com\/tr\/","logo":{"@type":"ImageObject","inLanguage":"tr","@id":"https:\/\/glassouse.com\/tr\/#\/schema\/logo\/image\/","url":"https:\/\/glassouse.com\/wp-content\/uploads\/2017\/11\/logo.jpg","contentUrl":"https:\/\/glassouse.com\/wp-content\/uploads\/2017\/11\/logo.jpg","width":500,"height":500,"caption":"GlassOuse Assistive Device"},"image":{"@id":"https:\/\/glassouse.com\/tr\/#\/schema\/logo\/image\/"},"sameAs":["https:\/\/www.facebook.com\/glassouse\/","https:\/\/x.com\/glassouse","https:\/\/www.instagram.com\/glassouseassistivedevice\/","https:\/\/www.linkedin.com\/company\/glassouse\/","https:\/\/www.youtube.com\/channel\/UCM5pebcmVXbu00QYd91_Gyw"]}]}},"_links":{"self":[{"href":"https:\/\/glassouse.com\/tr\/wp-json\/wp\/v2\/pages\/30414","targetHints":{"allow":["GET"]}}],"collection":[{"href":"https:\/\/glassouse.com\/tr\/wp-json\/wp\/v2\/pages"}],"about":[{"href":"https:\/\/glassouse.com\/tr\/wp-json\/wp\/v2\/types\/page"}],"author":[{"embeddable":true,"href":"https:\/\/glassouse.com\/tr\/wp-json\/wp\/v2\/users\/1"}],"replies":[{"embeddable":true,"href":"https:\/\/glassouse.com\/tr\/wp-json\/wp\/v2\/comments?post=30414"}],"version-history":[{"count":2,"href":"https:\/\/glassouse.com\/tr\/wp-json\/wp\/v2\/pages\/30414\/revisions"}],"predecessor-version":[{"id":30429,"href":"https:\/\/glassouse.com\/tr\/wp-json\/wp\/v2\/pages\/30414\/revisions\/30429"}],"wp:attachment":[{"href":"https:\/\/glassouse.com\/tr\/wp-json\/wp\/v2\/media?parent=30414"}],"curies":[{"name":"wp","href":"https:\/\/api.w.org\/{rel}","templated":true}]}}