{"id":33922,"date":"2018-04-09T12:47:45","date_gmt":"2018-04-09T04:47:45","guid":{"rendered":"https:\/\/glassouse.com\/para-iade-garantisi\/"},"modified":"2026-04-27T17:14:26","modified_gmt":"2026-04-27T09:14:26","slug":"para-iade-garantisi","status":"publish","type":"page","link":"https:\/\/glassouse.com\/tr\/para-iade-garantisi\/","title":{"rendered":"Para \u0130ade Garantisi"},"content":{"rendered":"<div class=\"wpb-content-wrapper\"><p>[vc_row row_height_percent=&#8221;0&#8243; overlay_alpha=&#8221;50&#8243; gutter_size=&#8221;3&#8243; column_width_percent=&#8221;100&#8243; shift_y=&#8221;0&#8243; z_index=&#8221;0&#8243; uncode_shortcode_id=&#8221;144508&#8243; css=&#8221;.vc_custom_1649004907143{padding-bottom: 0px !important;}&#8221;][vc_column column_width_percent=&#8221;100&#8243; gutter_size=&#8221;3&#8243; override_padding=&#8221;yes&#8221; column_padding=&#8221;1&#8243; overlay_alpha=&#8221;50&#8243; shift_x=&#8221;0&#8243; shift_y=&#8221;0&#8243; shift_y_down=&#8221;0&#8243; z_index=&#8221;0&#8243; medium_width=&#8221;0&#8243; mobile_width=&#8221;0&#8243; width=&#8221;1\/1&#8243; uncode_shortcode_id=&#8221;167546&#8243; css=&#8221;.vc_custom_1649004867867{padding-bottom: 0px !important;}&#8221;][vc_single_image media=&#8221;33923&#8243; media_width_percent=&#8221;100&#8243; alignment=&#8221;center&#8221; uncode_shortcode_id=&#8221;168334&#8243;][vc_column_text uncode_shortcode_id=&#8221;998297&#8243;]<\/p>\n<p><img decoding=\"async\" class=\"alignnone size-full wp-image-214 aligncenter\" src=\"https:\/\/glassouse.com\/wp-content\/uploads\/2017\/11\/black.png\" alt=\"\" width=\"100\" height=\"4\" srcset=\"https:\/\/glassouse.com\/wp-content\/uploads\/2017\/11\/black.png 100w, https:\/\/glassouse.com\/wp-content\/uploads\/2017\/11\/black-75x4.png 75w\" sizes=\"(max-width: 100px) 100vw, 100px\" \/>[\/vc_column_text][vc_column_text uncode_shortcode_id=&#8221;579978&#8243;]<\/p>\n<h4 style=\"text-align: center;\">T\u00fcm GlassOuse \u00fcr\u00fcnleri 15 g\u00fcnl\u00fck deneme s\u00fcr\u00fcm\u00fc ile birlikte gelir<\/h4>\n<p style=\"text-align: center;\">Web sitesinden sat\u0131n ald\u0131ktan sonra, fikrinizi de\u011fi\u015ftirirseniz ve \u00fcr\u00fcn\u00fc 15 g\u00fcn i\u00e7inde (\u00fcr\u00fcn\u00fc ald\u0131\u011f\u0131n\u0131z g\u00fcnden itibaren) geri iade etmeye karar verirseniz, iade ve geri \u00f6deme talebinde bulunabilirsiniz.<\/p>\n<p>[\/vc_column_text][vc_column_text uncode_shortcode_id=&#8221;195375&#8243; css=&#8221;.vc_custom_1650349700527{padding-bottom: 0px !important;}&#8221;]<\/p>\n<h4><strong>Nas\u0131l \u0130ade Edilir ve Para \u0130adesi Al\u0131n\u0131r<\/strong><\/h4>\n<ol>\n<li>Web sitesi veya e-posta yoluyla destek ekibimizle ileti\u015fime ge\u00e7in &#8211; <a href=\"mailto:support@glassouse.com\">support@glassouse.com<\/a>. L\u00fctfen sipari\u015f numaran\u0131z\u0131 ve iade nedeninizi belirtin. <\/li>\n<li>Ekibimiz size iade talimatlar\u0131n\u0131 geri g\u00f6nderecektir. Bu talimatlar\u0131 izleyin ve \u00fcr\u00fcn\u00fc orijinal ambalaj\u0131yla birlikte geri g\u00f6nderin. \u0130ade kargo \u00fccreti sizin taraf\u0131n\u0131zdan kar\u015f\u0131lanacakt\u0131r.<br \/>\n<strong>Not:<\/strong> Hasarl\u0131 \u00fcr\u00fcnler i\u00e7in para iadesi yap\u0131lmayaca\u011f\u0131ndan, \u00fcr\u00fcn\u00fcn hasarl\u0131 olmad\u0131\u011f\u0131ndan emin olun.<\/li>\n<li>\u00dcr\u00fcnler merkezimize geri ula\u015ft\u0131\u011f\u0131nda, 7 g\u00fcn i\u00e7inde iade i\u015flemini ba\u015flataca\u011f\u0131z.<\/li>\n<\/ol>\n<p>[\/vc_column_text][\/vc_column][\/vc_row][vc_row row_height_percent=&#8221;0&#8243; overlay_alpha=&#8221;50&#8243; gutter_size=&#8221;3&#8243; column_width_percent=&#8221;100&#8243; shift_y=&#8221;0&#8243; z_index=&#8221;0&#8243; uncode_shortcode_id=&#8221;420806&#8243; css=&#8221;.vc_custom_1649004922471{padding-top: 10px !important;}&#8221;][vc_column width=&#8221;1\/1&#8243;][vc_accordion active_tab=&#8221;0&#8243;][vc_accordion_tab title=&#8221;GlassOuse&apos;un iade politikas\u0131 var m\u0131?&#8221; tab_id=&#8221;083c16d9-ea7a-6&#8243;][vc_column_text]T\u00fcm GlassOuse \u00fcr\u00fcnleri, teslimat tarihinden sonra 15 g\u00fcnl\u00fck deneme s\u00fcresi sunar. Fikrinizi de\u011fi\u015ftirirseniz, bir \u00fcr\u00fcn\u00fc al\u0131nd\u0131\u011f\u0131 ko\u015fulda iade etmeyi talep edebilirsiniz.[\/vc_column_text][\/vc_accordion_tab][vc_accordion_tab title=&#8221;Kullanm\u0131\u015f oldu\u011fum bir \u00fcr\u00fcn\u00fc iade edebilir miyim?&#8221; tab_id=&#8221;ded89cbf-a994-7&#8243;][vc_column_text]Kesinlikle. Ancak tam bir geri \u00f6deme i\u00e7in iade edilen t\u00fcm cihazlarda ar\u0131za ve kusur olmamal\u0131d\u0131r.[\/vc_column_text][\/vc_accordion_tab][vc_accordion_tab title=&#8221;\u0130ade kargo \u00fccretini kim \u00f6d\u00fcyor?&#8221; tab_id=&#8221;0928a723-1730-7&#8243;][vc_column_text]GlassOuse \u00fcr\u00fcnler i\u00e7in tam bir geri \u00f6deme sunsa da, iade nakliye \u00fccreti masraflar\u0131 al\u0131c\u0131 taraf\u0131ndan kar\u015f\u0131lan\u0131r.[\/vc_column_text][\/vc_accordion_tab][vc_accordion_tab title=&#8221;Geri \u00f6dememi ne zaman alaca\u011f\u0131m?&#8221; tab_id=&#8221;db439506-05f3-2&#8243;][vc_column_text]\u0130ade \u00f6demeniz, iade edilen cihaz\u0131n teslim al\u0131nd\u0131\u011f\u0131 durumda &#8211; ar\u0131za ve kusur olmadan &#8211; teslim edilmesinden sonra 7 (yedi) i\u015f g\u00fcn\u00fc i\u00e7inde yap\u0131l\u0131r. Not &#8211; \u0130ade tutar\u0131 yaln\u0131zca cihaz bedelini i\u00e7erir, nakliye \u00fccretini i\u00e7ermez.[\/vc_column_text][\/vc_accordion_tab][vc_accordion_tab gutter_size=&#8221;2&#8243; column_padding=&#8221;2&#8243; title=&#8221;Geri \u00f6deme \u00fccreti var m\u0131?&#8221; tab_id=&#8221;1650406264098-5-3&#8243;][vc_column_text uncode_shortcode_id=&#8221;142636&#8243;]\u00d6dedi\u011finiz paran\u0131n tamam\u0131n\u0131n iadesini ba\u015flataca\u011f\u0131z. Ancak, toplam \u00f6demenin yakla\u015f\u0131k %3,6-4&#8217;\u00fc \u00f6deme sistemleri arac\u0131l\u0131\u011f\u0131yla \u00fccret olarak kesilir. \u00d6rne\u011fin &#8211; sat\u0131n alma s\u0131ras\u0131nda 100 $ \u00f6dediyseniz, yakla\u015f\u0131k 96 $ geri alacaks\u0131n\u0131z.[\/vc_column_text][\/vc_accordion_tab][\/vc_accordion][\/vc_column][\/vc_row]<\/p>\n<\/div>","protected":false},"excerpt":{"rendered":"<p>[vc_row row_height_percent=&#8221;0&#8243; overlay_alpha=&#8221;50&#8243; gutter_size=&#8221;3&#8243; column_width_percent=&#8221;100&#8243; shift_y=&#8221;0&#8243; z_index=&#8221;0&#8243; uncode_shortcode_id=&#8221;144508&#8243; css=&#8221;.vc_custom_1649004907143{padding-bottom: 0px !important;}&#8221;][vc_column column_width_percent=&#8221;100&#8243; gutter_size=&#8221;3&#8243; override_padding=&#8221;yes&#8221; column_padding=&#8221;1&#8243; overlay_alpha=&#8221;50&#8243; shift_x=&#8221;0&#8243; shift_y=&#8221;0&#8243; shift_y_down=&#8221;0&#8243; z_index=&#8221;0&#8243; [&hellip;]<\/p>\n","protected":false},"author":1,"featured_media":0,"parent":0,"menu_order":24,"comment_status":"closed","ping_status":"closed","template":"","meta":{"_acf_changed":false,"footnotes":""},"class_list":["post-33922","page","type-page","status-publish","hentry"],"acf":[],"yoast_head":"<!-- This site is optimized with the Yoast SEO plugin v27.4 - https:\/\/yoast.com\/product\/yoast-seo-wordpress\/ -->\n<title>Para \u0130ade Garantisi - Glassouse Assistive Device<\/title>\n<meta name=\"description\" content=\"GlassOuse &amp; G-Switch Serisini Para \u0130ade Garantisi program\u0131 ile \u015fimdi 15 g\u00fcn boyunca deneyin. Demo yard\u0131mc\u0131 cihaz\u0131n\u0131z\u0131 \u015fimdi dakikalar i\u00e7inde sipari\u015f edin.\" \/>\n<meta name=\"robots\" content=\"index, follow, max-snippet:-1, max-image-preview:large, max-video-preview:-1\" \/>\n<link rel=\"canonical\" href=\"https:\/\/glassouse.com\/tr\/para-iade-garantisi\/\" \/>\n<meta property=\"og:locale\" content=\"tr_TR\" \/>\n<meta property=\"og:type\" content=\"article\" \/>\n<meta property=\"og:title\" content=\"Para \u0130ade Garantisi - Glassouse Assistive Device\" \/>\n<meta property=\"og:description\" content=\"GlassOuse &amp; G-Switch Serisini Para \u0130ade Garantisi program\u0131 ile \u015fimdi 15 g\u00fcn boyunca deneyin. Demo yard\u0131mc\u0131 cihaz\u0131n\u0131z\u0131 \u015fimdi dakikalar i\u00e7inde sipari\u015f edin.\" \/>\n<meta property=\"og:url\" content=\"https:\/\/glassouse.com\/tr\/para-iade-garantisi\/\" \/>\n<meta property=\"og:site_name\" content=\"Glassouse Assistive Device\" \/>\n<meta property=\"article:publisher\" content=\"https:\/\/www.facebook.com\/glassouse\/\" \/>\n<meta property=\"article:modified_time\" content=\"2026-04-27T09:14:26+00:00\" \/>\n<meta property=\"og:image\" content=\"https:\/\/glassouse.com\/wp-content\/uploads\/2017\/11\/black.png\" \/>\n\t<meta property=\"og:image:width\" content=\"100\" \/>\n\t<meta property=\"og:image:height\" content=\"4\" \/>\n\t<meta property=\"og:image:type\" content=\"image\/png\" \/>\n<meta name=\"twitter:card\" content=\"summary_large_image\" \/>\n<meta name=\"twitter:site\" content=\"@glassouse\" \/>\n<meta name=\"twitter:label1\" content=\"Tahmini okuma s\u00fcresi\" \/>\n\t<meta name=\"twitter:data1\" content=\"3 dakika\" \/>\n<script type=\"application\/ld+json\" class=\"yoast-schema-graph\">{\"@context\":\"https:\\\/\\\/schema.org\",\"@graph\":[{\"@type\":\"WebPage\",\"@id\":\"https:\\\/\\\/glassouse.com\\\/tr\\\/para-iade-garantisi\\\/\",\"url\":\"https:\\\/\\\/glassouse.com\\\/tr\\\/para-iade-garantisi\\\/\",\"name\":\"Para \u0130ade Garantisi - Glassouse Assistive Device\",\"isPartOf\":{\"@id\":\"https:\\\/\\\/glassouse.com\\\/tr\\\/#website\"},\"primaryImageOfPage\":{\"@id\":\"https:\\\/\\\/glassouse.com\\\/tr\\\/para-iade-garantisi\\\/#primaryimage\"},\"image\":{\"@id\":\"https:\\\/\\\/glassouse.com\\\/tr\\\/para-iade-garantisi\\\/#primaryimage\"},\"thumbnailUrl\":\"https:\\\/\\\/glassouse.com\\\/wp-content\\\/uploads\\\/2017\\\/11\\\/black.png\",\"datePublished\":\"2018-04-09T04:47:45+00:00\",\"dateModified\":\"2026-04-27T09:14:26+00:00\",\"description\":\"GlassOuse & G-Switch Serisini Para \u0130ade Garantisi program\u0131 ile \u015fimdi 15 g\u00fcn boyunca deneyin. Demo yard\u0131mc\u0131 cihaz\u0131n\u0131z\u0131 \u015fimdi dakikalar i\u00e7inde sipari\u015f edin.\",\"breadcrumb\":{\"@id\":\"https:\\\/\\\/glassouse.com\\\/tr\\\/para-iade-garantisi\\\/#breadcrumb\"},\"inLanguage\":\"tr\",\"potentialAction\":[{\"@type\":\"ReadAction\",\"target\":[\"https:\\\/\\\/glassouse.com\\\/tr\\\/para-iade-garantisi\\\/\"]}]},{\"@type\":\"ImageObject\",\"inLanguage\":\"tr\",\"@id\":\"https:\\\/\\\/glassouse.com\\\/tr\\\/para-iade-garantisi\\\/#primaryimage\",\"url\":\"https:\\\/\\\/glassouse.com\\\/wp-content\\\/uploads\\\/2017\\\/11\\\/black.png\",\"contentUrl\":\"https:\\\/\\\/glassouse.com\\\/wp-content\\\/uploads\\\/2017\\\/11\\\/black.png\"},{\"@type\":\"BreadcrumbList\",\"@id\":\"https:\\\/\\\/glassouse.com\\\/tr\\\/para-iade-garantisi\\\/#breadcrumb\",\"itemListElement\":[{\"@type\":\"ListItem\",\"position\":1,\"name\":\"Home\",\"item\":\"https:\\\/\\\/glassouse.com\\\/tr\\\/ev\\\/\"},{\"@type\":\"ListItem\",\"position\":2,\"name\":\"Para \u0130ade Garantisi\"}]},{\"@type\":\"WebSite\",\"@id\":\"https:\\\/\\\/glassouse.com\\\/tr\\\/#website\",\"url\":\"https:\\\/\\\/glassouse.com\\\/tr\\\/\",\"name\":\"Glassouse Assistive Device\",\"description\":\"Assistive Device and Switches for Disabled\",\"publisher\":{\"@id\":\"https:\\\/\\\/glassouse.com\\\/tr\\\/#organization\"},\"potentialAction\":[{\"@type\":\"SearchAction\",\"target\":{\"@type\":\"EntryPoint\",\"urlTemplate\":\"https:\\\/\\\/glassouse.com\\\/tr\\\/?s={search_term_string}\"},\"query-input\":{\"@type\":\"PropertyValueSpecification\",\"valueRequired\":true,\"valueName\":\"search_term_string\"}}],\"inLanguage\":\"tr\"},{\"@type\":\"Organization\",\"@id\":\"https:\\\/\\\/glassouse.com\\\/tr\\\/#organization\",\"name\":\"GlassOuse Assistive Device\",\"url\":\"https:\\\/\\\/glassouse.com\\\/tr\\\/\",\"logo\":{\"@type\":\"ImageObject\",\"inLanguage\":\"tr\",\"@id\":\"https:\\\/\\\/glassouse.com\\\/tr\\\/#\\\/schema\\\/logo\\\/image\\\/\",\"url\":\"https:\\\/\\\/glassouse.com\\\/wp-content\\\/uploads\\\/2017\\\/11\\\/logo.jpg\",\"contentUrl\":\"https:\\\/\\\/glassouse.com\\\/wp-content\\\/uploads\\\/2017\\\/11\\\/logo.jpg\",\"width\":500,\"height\":500,\"caption\":\"GlassOuse Assistive Device\"},\"image\":{\"@id\":\"https:\\\/\\\/glassouse.com\\\/tr\\\/#\\\/schema\\\/logo\\\/image\\\/\"},\"sameAs\":[\"https:\\\/\\\/www.facebook.com\\\/glassouse\\\/\",\"https:\\\/\\\/x.com\\\/glassouse\",\"https:\\\/\\\/www.instagram.com\\\/glassouseassistivedevice\\\/\",\"https:\\\/\\\/www.linkedin.com\\\/company\\\/glassouse\\\/\",\"https:\\\/\\\/www.youtube.com\\\/channel\\\/UCM5pebcmVXbu00QYd91_Gyw\"]}]}<\/script>\n<!-- \/ Yoast SEO plugin. -->","yoast_head_json":{"title":"Para \u0130ade Garantisi - Glassouse Assistive Device","description":"GlassOuse & G-Switch Serisini Para \u0130ade Garantisi program\u0131 ile \u015fimdi 15 g\u00fcn boyunca deneyin. Demo yard\u0131mc\u0131 cihaz\u0131n\u0131z\u0131 \u015fimdi dakikalar i\u00e7inde sipari\u015f edin.","robots":{"index":"index","follow":"follow","max-snippet":"max-snippet:-1","max-image-preview":"max-image-preview:large","max-video-preview":"max-video-preview:-1"},"canonical":"https:\/\/glassouse.com\/tr\/para-iade-garantisi\/","og_locale":"tr_TR","og_type":"article","og_title":"Para \u0130ade Garantisi - Glassouse Assistive Device","og_description":"GlassOuse & G-Switch Serisini Para \u0130ade Garantisi program\u0131 ile \u015fimdi 15 g\u00fcn boyunca deneyin. Demo yard\u0131mc\u0131 cihaz\u0131n\u0131z\u0131 \u015fimdi dakikalar i\u00e7inde sipari\u015f edin.","og_url":"https:\/\/glassouse.com\/tr\/para-iade-garantisi\/","og_site_name":"Glassouse Assistive Device","article_publisher":"https:\/\/www.facebook.com\/glassouse\/","article_modified_time":"2026-04-27T09:14:26+00:00","og_image":[{"width":100,"height":4,"url":"https:\/\/glassouse.com\/wp-content\/uploads\/2017\/11\/black.png","type":"image\/png"}],"twitter_card":"summary_large_image","twitter_site":"@glassouse","twitter_misc":{"Tahmini okuma s\u00fcresi":"3 dakika"},"schema":{"@context":"https:\/\/schema.org","@graph":[{"@type":"WebPage","@id":"https:\/\/glassouse.com\/tr\/para-iade-garantisi\/","url":"https:\/\/glassouse.com\/tr\/para-iade-garantisi\/","name":"Para \u0130ade Garantisi - Glassouse Assistive Device","isPartOf":{"@id":"https:\/\/glassouse.com\/tr\/#website"},"primaryImageOfPage":{"@id":"https:\/\/glassouse.com\/tr\/para-iade-garantisi\/#primaryimage"},"image":{"@id":"https:\/\/glassouse.com\/tr\/para-iade-garantisi\/#primaryimage"},"thumbnailUrl":"https:\/\/glassouse.com\/wp-content\/uploads\/2017\/11\/black.png","datePublished":"2018-04-09T04:47:45+00:00","dateModified":"2026-04-27T09:14:26+00:00","description":"GlassOuse & G-Switch Serisini Para \u0130ade Garantisi program\u0131 ile \u015fimdi 15 g\u00fcn boyunca deneyin. Demo yard\u0131mc\u0131 cihaz\u0131n\u0131z\u0131 \u015fimdi dakikalar i\u00e7inde sipari\u015f edin.","breadcrumb":{"@id":"https:\/\/glassouse.com\/tr\/para-iade-garantisi\/#breadcrumb"},"inLanguage":"tr","potentialAction":[{"@type":"ReadAction","target":["https:\/\/glassouse.com\/tr\/para-iade-garantisi\/"]}]},{"@type":"ImageObject","inLanguage":"tr","@id":"https:\/\/glassouse.com\/tr\/para-iade-garantisi\/#primaryimage","url":"https:\/\/glassouse.com\/wp-content\/uploads\/2017\/11\/black.png","contentUrl":"https:\/\/glassouse.com\/wp-content\/uploads\/2017\/11\/black.png"},{"@type":"BreadcrumbList","@id":"https:\/\/glassouse.com\/tr\/para-iade-garantisi\/#breadcrumb","itemListElement":[{"@type":"ListItem","position":1,"name":"Home","item":"https:\/\/glassouse.com\/tr\/ev\/"},{"@type":"ListItem","position":2,"name":"Para \u0130ade Garantisi"}]},{"@type":"WebSite","@id":"https:\/\/glassouse.com\/tr\/#website","url":"https:\/\/glassouse.com\/tr\/","name":"Glassouse Assistive Device","description":"Assistive Device and Switches for Disabled","publisher":{"@id":"https:\/\/glassouse.com\/tr\/#organization"},"potentialAction":[{"@type":"SearchAction","target":{"@type":"EntryPoint","urlTemplate":"https:\/\/glassouse.com\/tr\/?s={search_term_string}"},"query-input":{"@type":"PropertyValueSpecification","valueRequired":true,"valueName":"search_term_string"}}],"inLanguage":"tr"},{"@type":"Organization","@id":"https:\/\/glassouse.com\/tr\/#organization","name":"GlassOuse Assistive Device","url":"https:\/\/glassouse.com\/tr\/","logo":{"@type":"ImageObject","inLanguage":"tr","@id":"https:\/\/glassouse.com\/tr\/#\/schema\/logo\/image\/","url":"https:\/\/glassouse.com\/wp-content\/uploads\/2017\/11\/logo.jpg","contentUrl":"https:\/\/glassouse.com\/wp-content\/uploads\/2017\/11\/logo.jpg","width":500,"height":500,"caption":"GlassOuse Assistive Device"},"image":{"@id":"https:\/\/glassouse.com\/tr\/#\/schema\/logo\/image\/"},"sameAs":["https:\/\/www.facebook.com\/glassouse\/","https:\/\/x.com\/glassouse","https:\/\/www.instagram.com\/glassouseassistivedevice\/","https:\/\/www.linkedin.com\/company\/glassouse\/","https:\/\/www.youtube.com\/channel\/UCM5pebcmVXbu00QYd91_Gyw"]}]}},"_links":{"self":[{"href":"https:\/\/glassouse.com\/tr\/wp-json\/wp\/v2\/pages\/33922","targetHints":{"allow":["GET"]}}],"collection":[{"href":"https:\/\/glassouse.com\/tr\/wp-json\/wp\/v2\/pages"}],"about":[{"href":"https:\/\/glassouse.com\/tr\/wp-json\/wp\/v2\/types\/page"}],"author":[{"embeddable":true,"href":"https:\/\/glassouse.com\/tr\/wp-json\/wp\/v2\/users\/1"}],"replies":[{"embeddable":true,"href":"https:\/\/glassouse.com\/tr\/wp-json\/wp\/v2\/comments?post=33922"}],"version-history":[{"count":2,"href":"https:\/\/glassouse.com\/tr\/wp-json\/wp\/v2\/pages\/33922\/revisions"}],"predecessor-version":[{"id":33954,"href":"https:\/\/glassouse.com\/tr\/wp-json\/wp\/v2\/pages\/33922\/revisions\/33954"}],"wp:attachment":[{"href":"https:\/\/glassouse.com\/tr\/wp-json\/wp\/v2\/media?parent=33922"}],"curies":[{"name":"wp","href":"https:\/\/api.w.org\/{rel}","templated":true}]}}