{"id":5385,"date":"2026-04-30T01:46:52","date_gmt":"2026-04-29T17:46:52","guid":{"rendered":"https:\/\/glassouse.com\/?page_id=5385"},"modified":"2026-04-30T01:46:52","modified_gmt":"2026-04-29T17:46:52","slug":"about-us","status":"publish","type":"page","link":"https:\/\/glassouse.com\/tr\/about-us\/","title":{"rendered":"hakk\u0131m\u0131zda"},"content":{"rendered":"<div class=\"wpb-content-wrapper\"><div data-parent=\"true\" class=\"vc_row vc_custom_1657234076761 row-container\" style=\"padding-right: 0px ;padding-left: 0px ;\" id=\"row-unique-0\"><div class=\"row col-no-gutter no-top-padding no-bottom-padding no-h-padding full-width row-parent\" data-minheight=\"500\"><div class=\"wpb_row row-inner\"><div class=\"wpb_column pos-middle pos-center align_center column_parent col-lg-12 single-internal-gutter\"><div class=\"uncol style-light\"  ><div class=\"uncoltable\"><div class=\"uncell no-block-padding\" ><div class=\"uncont\" ><div class=\"uncode-single-media w-auto about_us_banenr text-center\"><div class=\"single-wrapper\" style=\"max-width: 100%;\"><div class=\"tmb tmb-light  tmb-media-first tmb-media-last tmb-content-overlay tmb-no-bg\"><div class=\"t-inside\"><div class=\"t-entry-visual\"><div class=\"t-entry-visual-tc\"><div class=\"uncode-single-media-wrapper\"><img decoding=\"async\" class=\"wp-image-5561\" src=\"https:\/\/glassouse.com\/wp-content\/uploads\/2022\/07\/about-us-page-banner-1.png\" width=\"1316\" height=\"599\" alt=\"about-us-page-banne\" srcset=\"https:\/\/glassouse.com\/wp-content\/uploads\/2022\/07\/about-us-page-banner-1.png 1316w, https:\/\/glassouse.com\/wp-content\/uploads\/2022\/07\/about-us-page-banner-1-300x137.png 300w, https:\/\/glassouse.com\/wp-content\/uploads\/2022\/07\/about-us-page-banner-1-1024x466.png 1024w, https:\/\/glassouse.com\/wp-content\/uploads\/2022\/07\/about-us-page-banner-1-768x350.png 768w\" sizes=\"(max-width: 1316px) 100vw, 1316px\" \/><\/div>\n\t\t\t\t\t<\/div>\n\t\t\t\t<\/div><\/div><\/div><\/div><\/div><\/div><\/div><\/div><\/div><\/div><script id=\"script-row-unique-0\" data-row=\"script-row-unique-0\" type=\"text\/javascript\" class=\"vc_controls\">UNCODE.initRow(document.getElementById(\"row-unique-0\"));<\/script><\/div><\/div><\/div><div data-parent=\"true\" class=\"vc_row row-container\" id=\"row-unique-1\"><div class=\"row double-top-padding double-bottom-padding no-h-padding limit-width row-parent\"><div class=\"wpb_row row-inner\"><div class=\"wpb_column pos-top pos-center align_left column_parent col-lg-12 single-internal-gutter\"><div class=\"uncol style-light\"  ><div class=\"uncoltable\"><div class=\"uncell no-block-padding\" ><div class=\"uncont\" ><div class=\"vc_custom_heading_wrap\"><div class=\"heading-text el-text\" ><h1 class=\"h2 font-weight-700\" ><span><span style=\"color: #43b8db;\">Hakk\u0131nda <\/span>GlassOuse Yard\u0131mc\u0131 Cihaz<\/span><\/h1><\/div><div class=\"clear\"><\/div><\/div><div class=\"divider-wrapper c-divider\"  >\n    <hr class=\"unseparator border-color-vyce-color separator-no-padding\"  style=\"width: 50px;border-top-width: 5px;\" \/>\n<\/div>\n<div class=\"uncode_text_column text-lead\" ><p>2016 y\u0131l\u0131nda kurulan GlassOuse Assistive Device, fiziksel engelli ve hareket kabiliyeti s\u0131n\u0131rl\u0131 ki\u015filerin herkes gibi temel teknolojiye eri\u015fimini sa\u011flamak i\u00e7in teknolojiler tasarlamakta ve geli\u015ftirmektedir.<\/p>\n<p>\u201cUzuvlar\u0131 veya hareket sorunlar\u0131 olmayan engelli bir ki\u015fi ak\u0131ll\u0131 telefonlar\u0131n\u0131, tabletlerini ve bilgisayarlar\u0131n\u0131 nas\u0131l kullan\u0131yor?\u201d \u2013 Kurucumuz ve CEO muz Mehmet T\u00dcRKER, 2016 ba\u015flar\u0131nda bu ikilemle kar\u015f\u0131la\u015ft\u0131\u011f\u0131nda kendisine y\u00f6neltilen sorulardan biri buydu. Nemo\u2019nun yak\u0131n arkada\u015f\u0131 20 ya\u015f\u0131ndaki macera tutkunu Caner Cem MARTI, derin deniz dal\u0131\u015f\u0131 s\u0131ras\u0131nda ge\u00e7irdi\u011fi a\u011f\u0131r bir kaza sonucu ba\u015f\u0131ndan a\u015fa\u011f\u0131 tam fel\u00e7 ge\u00e7irdi. Bu kaza Caner\u2019in hayat\u0131n\u0131 sonsuza dek de\u011fi\u015ftirecekti. Nemo, arkada\u015f\u0131n\u0131n kendi telefonunu ve bilgisayar\u0131n\u0131 herkes gibi kullanabilmesini sa\u011flamak i\u00e7in bir cihaz yaratmak istedi.<\/p>\n<p>Tasar\u0131m\u0131na GlassOuse V1.1 ile devam etti \u2013 Caner'in cep telefonlar\u0131n\u0131 ve bilgisayarlar\u0131 yaln\u0131zca ba\u015f hareketleri ve \u0131s\u0131r\u0131k t\u0131klamas\u0131yla kullanmas\u0131n\u0131 sa\u011flayacak kablosuz bir ba\u015f faresi. Bu cihaz daha sonra Indiegogo'da piyasaya s\u00fcr\u00fcld\u00fc ve burada k\u00fcresel olarak \u00f6v\u00fcld\u00fc ve takdir edildi.<\/p>\n<p>O zamandan beri, k\u00fcresel kullan\u0131c\u0131 toplulu\u011fumuzdan gelen yard\u0131mc\u0131 geri bildirimlerle uzman ekibimiz, a\u015fa\u011f\u0131dakiler gibi \u00e7e\u015fitli yard\u0131mc\u0131 cihazlar geli\u015ftirmi\u015ftir: <strong>GlassOuse V1.4, GlassOuse PRO, G-Anahtarlar, Uyarlanabilir Oyuncaklar<\/strong> ve teknolojiden daha ba\u011f\u0131ms\u0131z bir \u015fekilde herkesin yararlanmas\u0131n\u0131 sa\u011flamak.<\/p>\n<p><strong style=\"color: #43b8db;\">#dahil etme<\/strong> <strong style=\"color: #43b8db;\">#teknoloji4herkes<\/strong><\/p>\n<p>GlassOuse Yard\u0131mc\u0131 Cihaz (Marka), tamamen sahip olunan ve i\u015fletilen<strong> Ennopro Group Limited<\/strong> (\u00dcst Kurulu\u015f)<\/p>\n<\/div><\/div><\/div><\/div><\/div><\/div><script id=\"script-row-unique-1\" data-row=\"script-row-unique-1\" type=\"text\/javascript\" class=\"vc_controls\">UNCODE.initRow(document.getElementById(\"row-unique-1\"));<\/script><\/div><\/div><\/div>\n<\/div>","protected":false},"excerpt":{"rendered":"About GlassOuse Assistive Device Founded in 2016, GlassOuse Assistive Device has been designing and developing technologies to assist people with [...]","protected":false},"author":1,"featured_media":0,"parent":0,"menu_order":6,"comment_status":"closed","ping_status":"closed","template":"","meta":{"_acf_changed":false,"footnotes":""},"class_list":["post-5385","page","type-page","status-publish","hentry"],"acf":[],"yoast_head":"<!-- This site is optimized with the Yoast SEO plugin v27.5 - https:\/\/yoast.com\/product\/yoast-seo-wordpress\/ -->\n<title>About Us - GlassOuse Assistive Device<\/title>\n<meta name=\"description\" content=\"Founded in 2016, GlassOuse Assistive Device has been designing and developing technologies to assist people with physical disabilities and limited mobility to access basic technology like every else.\" \/>\n<meta name=\"robots\" content=\"index, follow, max-snippet:-1, max-image-preview:large, max-video-preview:-1\" \/>\n<link rel=\"canonical\" href=\"https:\/\/glassouse.com\/tr\/about-us\/\" \/>\n<meta property=\"og:locale\" content=\"tr_TR\" \/>\n<meta property=\"og:type\" content=\"article\" \/>\n<meta property=\"og:title\" content=\"About Us - GlassOuse Assistive Device\" \/>\n<meta property=\"og:description\" content=\"Founded in 2016, GlassOuse Assistive Device has been designing and developing technologies to assist people with physical disabilities and limited mobility to access basic technology like every else.\" \/>\n<meta property=\"og:url\" content=\"https:\/\/glassouse.com\/tr\/about-us\/\" \/>\n<meta property=\"og:site_name\" content=\"Glassouse Assistive Device\" \/>\n<meta property=\"article:publisher\" content=\"https:\/\/www.facebook.com\/glassouse\/\" \/>\n<meta name=\"twitter:card\" content=\"summary_large_image\" \/>\n<meta name=\"twitter:site\" content=\"@glassouse\" \/>\n<meta name=\"twitter:label1\" content=\"Tahmini okuma s\u00fcresi\" \/>\n\t<meta name=\"twitter:data1\" content=\"2 dakika\" \/>\n<script type=\"application\/ld+json\" class=\"yoast-schema-graph\">{\"@context\":\"https:\\\/\\\/schema.org\",\"@graph\":[{\"@type\":\"WebPage\",\"@id\":\"https:\\\/\\\/glassouse.com\\\/about-us\\\/\",\"url\":\"https:\\\/\\\/glassouse.com\\\/about-us\\\/\",\"name\":\"About Us - GlassOuse Assistive Device\",\"isPartOf\":{\"@id\":\"https:\\\/\\\/glassouse.com\\\/#website\"},\"datePublished\":\"2026-04-29T17:46:52+00:00\",\"description\":\"Founded in 2016, GlassOuse Assistive Device has been designing and developing technologies to assist people with physical disabilities and limited mobility to access basic technology like every else.\",\"breadcrumb\":{\"@id\":\"https:\\\/\\\/glassouse.com\\\/about-us\\\/#breadcrumb\"},\"inLanguage\":\"tr\",\"potentialAction\":[{\"@type\":\"ReadAction\",\"target\":[\"https:\\\/\\\/glassouse.com\\\/about-us\\\/\"]}]},{\"@type\":\"BreadcrumbList\",\"@id\":\"https:\\\/\\\/glassouse.com\\\/about-us\\\/#breadcrumb\",\"itemListElement\":[{\"@type\":\"ListItem\",\"position\":1,\"name\":\"Home\",\"item\":\"https:\\\/\\\/glassouse.com\\\/\"},{\"@type\":\"ListItem\",\"position\":2,\"name\":\"About Us\"}]},{\"@type\":\"WebSite\",\"@id\":\"https:\\\/\\\/glassouse.com\\\/#website\",\"url\":\"https:\\\/\\\/glassouse.com\\\/\",\"name\":\"Glassouse Assistive Device\",\"description\":\"Assistive Device and Switches for Disabled\",\"publisher\":{\"@id\":\"https:\\\/\\\/glassouse.com\\\/#organization\"},\"potentialAction\":[{\"@type\":\"SearchAction\",\"target\":{\"@type\":\"EntryPoint\",\"urlTemplate\":\"https:\\\/\\\/glassouse.com\\\/?s={search_term_string}\"},\"query-input\":{\"@type\":\"PropertyValueSpecification\",\"valueRequired\":true,\"valueName\":\"search_term_string\"}}],\"inLanguage\":\"tr\"},{\"@type\":\"Organization\",\"@id\":\"https:\\\/\\\/glassouse.com\\\/#organization\",\"name\":\"GlassOuse Assistive Device\",\"url\":\"https:\\\/\\\/glassouse.com\\\/\",\"logo\":{\"@type\":\"ImageObject\",\"inLanguage\":\"tr\",\"@id\":\"https:\\\/\\\/glassouse.com\\\/#\\\/schema\\\/logo\\\/image\\\/\",\"url\":\"https:\\\/\\\/glassouse.com\\\/wp-content\\\/uploads\\\/2017\\\/11\\\/logo.jpg\",\"contentUrl\":\"https:\\\/\\\/glassouse.com\\\/wp-content\\\/uploads\\\/2017\\\/11\\\/logo.jpg\",\"width\":500,\"height\":500,\"caption\":\"GlassOuse Assistive Device\"},\"image\":{\"@id\":\"https:\\\/\\\/glassouse.com\\\/#\\\/schema\\\/logo\\\/image\\\/\"},\"sameAs\":[\"https:\\\/\\\/www.facebook.com\\\/glassouse\\\/\",\"https:\\\/\\\/x.com\\\/glassouse\",\"https:\\\/\\\/www.instagram.com\\\/glassouseassistivedevice\\\/\",\"https:\\\/\\\/www.linkedin.com\\\/company\\\/glassouse\\\/\",\"https:\\\/\\\/www.youtube.com\\\/channel\\\/UCM5pebcmVXbu00QYd91_Gyw\"]}]}<\/script>\n<!-- \/ Yoast SEO plugin. -->","yoast_head_json":{"title":"About Us - GlassOuse Assistive Device","description":"Founded in 2016, GlassOuse Assistive Device has been designing and developing technologies to assist people with physical disabilities and limited mobility to access basic technology like every else.","robots":{"index":"index","follow":"follow","max-snippet":"max-snippet:-1","max-image-preview":"max-image-preview:large","max-video-preview":"max-video-preview:-1"},"canonical":"https:\/\/glassouse.com\/tr\/about-us\/","og_locale":"tr_TR","og_type":"article","og_title":"About Us - GlassOuse Assistive Device","og_description":"Founded in 2016, GlassOuse Assistive Device has been designing and developing technologies to assist people with physical disabilities and limited mobility to access basic technology like every else.","og_url":"https:\/\/glassouse.com\/tr\/about-us\/","og_site_name":"Glassouse Assistive Device","article_publisher":"https:\/\/www.facebook.com\/glassouse\/","twitter_card":"summary_large_image","twitter_site":"@glassouse","twitter_misc":{"Tahmini okuma s\u00fcresi":"2 dakika"},"schema":{"@context":"https:\/\/schema.org","@graph":[{"@type":"WebPage","@id":"https:\/\/glassouse.com\/about-us\/","url":"https:\/\/glassouse.com\/about-us\/","name":"About Us - GlassOuse Assistive Device","isPartOf":{"@id":"https:\/\/glassouse.com\/#website"},"datePublished":"2026-04-29T17:46:52+00:00","description":"Founded in 2016, GlassOuse Assistive Device has been designing and developing technologies to assist people with physical disabilities and limited mobility to access basic technology like every else.","breadcrumb":{"@id":"https:\/\/glassouse.com\/about-us\/#breadcrumb"},"inLanguage":"tr","potentialAction":[{"@type":"ReadAction","target":["https:\/\/glassouse.com\/about-us\/"]}]},{"@type":"BreadcrumbList","@id":"https:\/\/glassouse.com\/about-us\/#breadcrumb","itemListElement":[{"@type":"ListItem","position":1,"name":"Home","item":"https:\/\/glassouse.com\/"},{"@type":"ListItem","position":2,"name":"About Us"}]},{"@type":"WebSite","@id":"https:\/\/glassouse.com\/#website","url":"https:\/\/glassouse.com\/","name":"Glassouse Yard\u0131mc\u0131 Cihaz","description":"Assistive Device and Switches for Disabled","publisher":{"@id":"https:\/\/glassouse.com\/#organization"},"potentialAction":[{"@type":"SearchAction","target":{"@type":"EntryPoint","urlTemplate":"https:\/\/glassouse.com\/?s={search_term_string}"},"query-input":{"@type":"PropertyValueSpecification","valueRequired":true,"valueName":"search_term_string"}}],"inLanguage":"tr"},{"@type":"Organization","@id":"https:\/\/glassouse.com\/#organization","name":"GlassOuse Yard\u0131mc\u0131 Cihaz","url":"https:\/\/glassouse.com\/","logo":{"@type":"ImageObject","inLanguage":"tr","@id":"https:\/\/glassouse.com\/#\/schema\/logo\/image\/","url":"https:\/\/glassouse.com\/wp-content\/uploads\/2017\/11\/logo.jpg","contentUrl":"https:\/\/glassouse.com\/wp-content\/uploads\/2017\/11\/logo.jpg","width":500,"height":500,"caption":"GlassOuse Assistive Device"},"image":{"@id":"https:\/\/glassouse.com\/#\/schema\/logo\/image\/"},"sameAs":["https:\/\/www.facebook.com\/glassouse\/","https:\/\/x.com\/glassouse","https:\/\/www.instagram.com\/glassouseassistivedevice\/","https:\/\/www.linkedin.com\/company\/glassouse\/","https:\/\/www.youtube.com\/channel\/UCM5pebcmVXbu00QYd91_Gyw"]}]}},"_links":{"self":[{"href":"https:\/\/glassouse.com\/tr\/wp-json\/wp\/v2\/pages\/5385","targetHints":{"allow":["GET"]}}],"collection":[{"href":"https:\/\/glassouse.com\/tr\/wp-json\/wp\/v2\/pages"}],"about":[{"href":"https:\/\/glassouse.com\/tr\/wp-json\/wp\/v2\/types\/page"}],"author":[{"embeddable":true,"href":"https:\/\/glassouse.com\/tr\/wp-json\/wp\/v2\/users\/1"}],"replies":[{"embeddable":true,"href":"https:\/\/glassouse.com\/tr\/wp-json\/wp\/v2\/comments?post=5385"}],"version-history":[{"count":1,"href":"https:\/\/glassouse.com\/tr\/wp-json\/wp\/v2\/pages\/5385\/revisions"}],"predecessor-version":[{"id":43006,"href":"https:\/\/glassouse.com\/tr\/wp-json\/wp\/v2\/pages\/5385\/revisions\/43006"}],"wp:attachment":[{"href":"https:\/\/glassouse.com\/tr\/wp-json\/wp\/v2\/media?parent=5385"}],"curies":[{"name":"wp","href":"https:\/\/api.w.org\/{rel}","templated":true}]}}