{"id":2921,"date":"2026-04-30T02:22:46","date_gmt":"2026-04-29T18:22:46","guid":{"rendered":"https:\/\/glassouse.com\/?post_type=product&#038;p=2921"},"modified":"2026-04-30T02:22:46","modified_gmt":"2026-04-29T18:22:46","slug":"proximity-switch-glassouse-assistive-device-accessory-hands-free","status":"publish","type":"product","link":"https:\/\/glassouse.com\/tr\/urun\/proximity-switch-glassouse-assistive-device-accessory-hands-free\/","title":{"rendered":"GS09 GlassOuse Yak\u0131nl\u0131k Anahtar\u0131"},"content":{"rendered":"<div class=\"wpb-content-wrapper\"><div data-parent=\"true\" class=\"vc_row compact_section vc_custom_1699886063694 row-container\" style=\"padding-top: 15px ;padding-right: 0px ;padding-left: 0px ;\" id=\"row-unique-0\"><div class=\"row unequal col-no-gutter no-top-padding no-bottom-padding no-h-padding full-width row-parent\"><div class=\"wpb_row row-inner\"><div class=\"wpb_column pos-middle pos-right align_left column_parent col-lg-12 content_column bg_left_top right_content_column no-internal-gutter\"><div class=\"uncol style-light\"  ><div class=\"uncoltable\"><div class=\"uncell  vc_custom_1717460715675 no-block-padding\" style=\"padding-top: 160px ;padding-right: 50px ;padding-bottom: 160px ;padding-left: 0px ;\" ><div class=\"column-background background-element\">\n\t\t\t\t\t\t\t\t\t\t\t<div class=\"background-wrapper\">\n\t\t\t\t\t\t\t\t\t\t\t\t<div class=\"background-inner\" style=\"background-image: url(https:\/\/glassouse.com\/wp-content\/uploads\/2019\/06\/Proximity-Switch-banner-img-1.jpg);background-repeat: no-repeat;background-position: center center;background-size: cover;\" data-o_src=\"https:\/\/glassouse.com\/wp-content\/uploads\/2019\/06\/Proximity-Switch-banner-img-1.jpg\"><\/div>\n\t\t\t\t\t\t\t\t\t\t\t\t\n\t\t\t\t\t\t\t\t\t\t\t<\/div>\n\t\t\t\t\t\t\t\t\t\t<\/div><div class=\"uncont\" ><div class=\"vc_row limit-width vc_custom_1699885489765 row-internal row-container\" style=\"padding-right: 0px ;padding-left: 0px ;\"><div class=\"row col-no-gutter row-child\"><div class=\"wpb_row row-inner row-inner-force\"><div class=\"wpb_column pos-top pos-center align_left column_child col-lg-6 single-internal-gutter\"><div class=\"uncol style-light\" ><div class=\"uncoltable\"><div class=\"uncell no-block-padding\" ><div class=\"uncont\" ><\/div><\/div><\/div><\/div><\/div><div class=\"wpb_column pos-middle pos-right align_left column_child col-lg-6 no-internal-gutter\"><div class=\"uncol style-light\" ><div class=\"uncoltable\"><div class=\"uncell  vc_custom_1717457153605 no-block-padding\" style=\"padding-right: 2% ;padding-left: 0px ;\" ><div class=\"uncont\" style=\" max-width:288px;\" ><div class=\"vc_custom_heading_wrap lh-1\"><div class=\"heading-text el-text\" ><h2 class=\"h3 font-weight-600 text-color-jevc-color\" ><span>Do\u011fru<br \/><\/span><span>Ve Hassas Anahtar<\/span><\/h2><\/div><div class=\"clear\"><\/div><\/div><div class=\"divider-wrapper c-divider\"  >\n    <hr class=\"unseparator border-sep_color-162390-color separator-no-padding\"  style=\"width: 40px;border-top-width: 5px;\" \/>\n<\/div>\n<\/div><\/div><\/div><\/div><\/div><\/div><\/div><\/div><\/div><\/div><\/div><\/div><\/div><script id=\"script-row-unique-0\" data-row=\"script-row-unique-0\" type=\"text\/javascript\" class=\"vc_controls\">UNCODE.initRow(document.getElementById(\"row-unique-0\"));<\/script><\/div><\/div><\/div><div data-parent=\"true\" class=\"vc_row vc_custom_1699887163315 row-container\" style=\"padding-top: 50px ;\" id=\"row-unique-1\"><div class=\"row limit-width row-parent\"><div class=\"wpb_row row-inner\"><div class=\"wpb_column pos-top pos-center align_center column_parent col-lg-12 single-internal-gutter\"><div class=\"uncol style-light\"  ><div class=\"uncoltable\"><div class=\"uncell no-block-padding\" ><div class=\"uncont\" ><div class=\"vc_custom_heading_wrap\"><div class=\"heading-text el-text\" ><h2 class=\"h3 lh-n font-weight-700 text-color-jevc-color\" ><span>Yakla\u015f\u0131m Anahtar\u0131\/Mini Yakla\u015f\u0131m Anahtar\u0131<\/span><\/h2><\/div><div class=\"clear\"><\/div><\/div><div class=\"vc_custom_heading_wrap mt-0 pt-10\"><div class=\"heading-text el-text\" ><p class=\"lh-n font-weight-500 text-color-jevc-color\" ><span>Uyumlu<\/span><\/p><\/div><div class=\"clear\"><\/div><\/div><div class=\"vc_row icon_boxs_wrap vc_custom_1699887284713 row-internal row-container\" style=\"margin-top: 50px ;padding-bottom: 0px ;\"><div class=\"row row-child\"><div class=\"wpb_row row-inner\"><div class=\"wpb_column pos-top pos-center align_center column_child col-lg-12 half-internal-gutter\"><div class=\"uncol style-light\" ><div class=\"uncoltable\"><div class=\"uncell no-block-padding\" ><div class=\"uncont\" ><div class=\"icon-box icon-box-top  icon-inline icon-media-image\" ><div class=\"icon-box-icon fa-container\" style=\"width:300px;\" ><a role=\"button\" href=\"https:\/\/glassouse.com\/tr\/urun\/glassouse-pro-buy\/\" title=\"GlassOuse Pro&#039;nun\" aria-label=\"GlassOuse Pro&#039;nun\" target=\"_blank\" class=\"text-default-color custom-link\"><img decoding=\"async\" class=\"\" src=\"https:\/\/glassouse.com\/wp-content\/uploads\/2024\/05\/GlassOuse-PRO-Link-support-img.png\" width=\"1000\" height=\"1000\" alt=\"GlassOuse-PRO-Link-support-img\"  \/><\/a><\/div><div class=\"icon-box-content\"><div class=\"icon-box-heading icon-box-fa-1x\"><h3 class=\"h4 font-weight-500 lh-n\">GlassOuse PRO \/ Ba\u011flant\u0131<\/h3><\/div><\/div><\/div><div class=\"icon-box icon-box-top  icon-inline icon-media-image\" ><div class=\"icon-box-icon fa-container\" style=\"width:300px;\" ><a role=\"button\" href=\"https:\/\/glassouse.com\/tr\/urun\/glassouse-v1-4-assistive-device-buy\/\" title=\"GlassOuse V1. 4\" aria-label=\"GlassOuse V1. 4\" target=\"_blank\" class=\"text-default-color custom-link\"><img decoding=\"async\" class=\"\" src=\"https:\/\/glassouse.com\/wp-content\/uploads\/2024\/05\/GlassOuse-v.14-img.png\" width=\"1000\" height=\"1000\" alt=\"GlassOuse-v.14\"  \/><\/a><\/div><div class=\"icon-box-content\"><div class=\"icon-box-heading icon-box-fa-1x\"><h3 class=\"h4 font-weight-500 lh-n\">GlassOuse 1.4<\/h3><\/div><\/div><\/div><\/div><\/div><\/div><\/div><\/div><\/div><\/div><\/div><\/div><\/div><\/div><\/div><\/div><script id=\"script-row-unique-1\" data-row=\"script-row-unique-1\" type=\"text\/javascript\" class=\"vc_controls\">UNCODE.initRow(document.getElementById(\"row-unique-1\"));<\/script><\/div><\/div><\/div><div data-parent=\"true\" class=\"vc_row vc_custom_1699889376802 row-container\" style=\"padding-top: 10px ;\" id=\"row-unique-2\"><div class=\"row no-top-padding double-bottom-padding no-h-padding limit-width row-parent\"><div class=\"wpb_row row-inner\"><div class=\"wpb_column pos-top pos-center align_left column_parent col-lg-12 single-internal-gutter\"><div class=\"uncol style-light\"  ><div class=\"uncoltable\"><div class=\"uncell\" ><div class=\"uncont no-block-padding col-custom-width\" style=\" max-width:65%;\" ><div class=\"icon-box icon-box-left  video_box icon-media-image\" ><div class=\"icon-box-icon fa-container\" style=\"width:50px;margin-bottom: 0px;\" ><a role=\"button\" href=\"https:\/\/glassouse.com\/wp-content\/uploads\/2019\/06\/GS09-Proximity-Switch-intro.mp4\" data-lbox=\"ilightbox_single-183817\" data-options=\"width:1920,height:1080,html5video:{preload:&#039;true&#039;,},\" data-active=\"1\" class=\"text-color-xsdn-color custom-link\"><img decoding=\"async\" class=\"\" src=\"https:\/\/glassouse.com\/wp-content\/uploads\/2019\/06\/proximity-switch-video-cover.png\" width=\"5000\" height=\"2797\" alt=\"proximity-switch-video-cover\"  \/><\/a><\/div><\/div><div class=\"uncode_text_column\" ><p><strong>8,63 cm'lik bir aktivasyon y\u00fczeyi ile,<\/strong> Proximity Switch, t\u0131klama i\u015flemini ger\u00e7ekle\u015ftirmek i\u00e7in aktivasyon y\u00fczeyinden farkl\u0131 uzakl\u0131k seviyelerini tespit etmede olduk\u00e7a hassast\u0131r. Y\u00fczeyin \u00fczerinde s\u00fcz\u00fclerek anahtar\u0131 etkinle\u015ftirmek i\u00e7in v\u00fccudunuzun herhangi bir par\u00e7as\u0131n\u0131 kullanabilirsiniz. Proximity Switch, mono 3,5 mm jak konekt\u00f6r fi\u015fi ile birlikte gelir ve GlassOuse hari\u00e7 her t\u00fcrl\u00fc uyarlanm\u0131\u015f cihazla uyumludur.<\/p>\n<p><strong>Yakla\u015f\u0131m Anahtar\u0131, 3 adet AAA kuru veya Ni-MH pil ile \u00e7al\u0131\u015f\u0131r ve ak\u0131ll\u0131 pil sistemi kullan\u0131lmad\u0131\u011f\u0131nda cihaz\u0131 bir saat sonra kapat\u0131r.<\/strong> \u0130\u015fitsel ve g\u00f6rsel geri bildirimler, kullan\u0131c\u0131n\u0131n ihtiya\u00e7lar\u0131na g\u00f6re kolayca se\u00e7ilebilir veya istendi\u011finde kapat\u0131labilir.<\/p>\n<\/div><div class=\"uncode-single-media c_gallery text-center\"><div class=\"single-wrapper\" style=\"max-width: 100%;\"><div class=\"tmb tmb-light  tmb-media-first tmb-media-last tmb-content-overlay tmb-no-bg tmb-lightbox\"><div class=\"t-inside\"><div class=\"t-entry-visual\"><div class=\"t-entry-visual-tc\"><div class=\"uncode-single-media-wrapper\"><div class=\"dummy\" style=\"padding-top: 63.4%;\"><\/div><a href=\"https:\/\/glassouse.com\/wp-content\/uploads\/2019\/06\/Proximity-Switch-gallery-img-1.png\" class=\"pushed\" data-active=\"1\" data-lbox=\"ilightbox_single-21780\" data-options=\"width:1455,height:922,thumbnail: 'https:\/\/glassouse.com\/wp-content\/uploads\/2019\/06\/Proximity-Switch-gallery-img-1-300x190.png'\"><img decoding=\"async\" class=\"wp-image-21780\" src=\"https:\/\/glassouse.com\/wp-content\/uploads\/2019\/06\/Proximity-Switch-gallery-img-1.png\" width=\"1455\" height=\"922\" alt=\"Proximity-Switch-gallery-img\" srcset=\"https:\/\/glassouse.com\/wp-content\/uploads\/2019\/06\/Proximity-Switch-gallery-img-1.png 1455w, https:\/\/glassouse.com\/wp-content\/uploads\/2019\/06\/Proximity-Switch-gallery-img-1-300x190.png 300w, https:\/\/glassouse.com\/wp-content\/uploads\/2019\/06\/Proximity-Switch-gallery-img-1-1024x649.png 1024w, https:\/\/glassouse.com\/wp-content\/uploads\/2019\/06\/Proximity-Switch-gallery-img-1-768x487.png 768w, https:\/\/glassouse.com\/wp-content\/uploads\/2019\/06\/Proximity-Switch-gallery-img-1-350x222.png 350w\" sizes=\"(max-width: 1455px) 100vw, 1455px\" \/><\/a><\/div>\n\t\t\t\t\t<\/div>\n\t\t\t\t<\/div><\/div><\/div><\/div><\/div><div class=\"uncode_text_column\" ><p>\u015eimdi mini bir versiyonumuz da mevcut.<\/p>\n<p><strong>Mini Yakla\u015f\u0131m Anahtar\u0131, 4 cm'lik bir aktivasyon y\u00fczeyine sahiptir <\/strong>ve aktivasyon y\u00fczeyine olan mesafelerdeki de\u011fi\u015fiklikleri alg\u0131lar, bu da v\u00fccudunuzun herhangi bir b\u00f6l\u00fcm\u00fcn\u00fc \u00fczerinde gezdirerek t\u0131klama yapman\u0131za olanak tan\u0131r.<\/p>\n<p>3,5 mm mono jak konekt\u00f6r\u00fc ile donat\u0131lm\u0131\u015f Mini Yakla\u015f\u0131m Anahtar\u0131, GlassOuse ve di\u011fer bir\u00e7ok yard\u0131mc\u0131 cihazla uyumludur.<\/p>\n<p>3 adet AAA normal veya Ni-MH pil ile \u00e7al\u0131\u015f\u0131r ve ak\u0131ll\u0131 pil sistemi cihaz\u0131 bir saatlik hareketsizlikten sonra otomatik olarak kapat\u0131r. Kullan\u0131c\u0131lar, i\u015fitsel ve g\u00f6rsel geri bildirimleri tercihlerine g\u00f6re kolayca ayarlayabilir veya istendi\u011finde tamamen devre d\u0131\u015f\u0131 b\u0131rakabilirler.<\/p>\n<\/div><div id=\"gallery-102570\" class=\"un-media-gallery isotope-system isotope-general-light grid-general-light\">\n\t\t\t\t\t\n\t\n\t<div class=\"isotope-wrapper grid-wrapper single-gutter\" >\n\t\t\t\t\t\t\t\t\t<div class=\"isotope-container isotope-layout style-masonry\" data-type=\"masonry\" data-layout=\"masonry\" data-lg=\"1000\" data-md=\"600\" data-sm=\"480\">\n<div class=\"tmb tmb-iso-w4 tmb-iso-h4 tmb-light tmb-overlay-text-anim tmb-overlay-anim tmb-overlay-middle tmb-overlay-text-left tmb-image-anim tmb-bordered tmb-id-23433  tmb-media-first tmb-media-last tmb-content-overlay tmb-no-bg tmb-lightbox\" ><div class=\"t-inside no-anim\" ><div class=\"t-entry-visual\"><div class=\"t-entry-visual-tc\"><div class=\"t-entry-visual-cont\"><div class=\"dummy\" style=\"padding-top: 62.2%;\"><\/div><a href=\"https:\/\/glassouse.com\/wp-content\/uploads\/2019\/06\/05.png\"  class=\"pushed\" data-active=\"1\" data-lbox=\"ilightbox_gallery-102570\" data-options=\"width:1035,height:644,thumbnail: 'https:\/\/glassouse.com\/wp-content\/uploads\/2019\/06\/05-300x187.png'\" data-lb-index=\"0\"><div class=\"t-entry-visual-overlay\"><div class=\"t-entry-visual-overlay-in style-dark-bg\" style=\"opacity: 0.5;\"><\/div><\/div><img decoding=\"async\" class=\"wp-image-23433\" src=\"https:\/\/glassouse.com\/wp-content\/uploads\/2019\/06\/05.png\" width=\"1035\" height=\"644\" alt=\"GlassOuse Mini Proximity Switch\" srcset=\"https:\/\/glassouse.com\/wp-content\/uploads\/2019\/06\/05.png 1035w, https:\/\/glassouse.com\/wp-content\/uploads\/2019\/06\/05-300x187.png 300w, https:\/\/glassouse.com\/wp-content\/uploads\/2019\/06\/05-1024x637.png 1024w, https:\/\/glassouse.com\/wp-content\/uploads\/2019\/06\/05-768x478.png 768w, https:\/\/glassouse.com\/wp-content\/uploads\/2019\/06\/05-350x218.png 350w\" sizes=\"(max-width: 1035px) 100vw, 1035px\" \/><\/a><\/div>\n\t\t\t\t\t<\/div>\n\t\t\t\t<\/div><\/div><\/div><div class=\"tmb tmb-iso-w4 tmb-iso-h4 tmb-light tmb-overlay-text-anim tmb-overlay-anim tmb-overlay-middle tmb-overlay-text-left tmb-image-anim tmb-bordered tmb-id-23441  tmb-media-first tmb-media-last tmb-content-overlay tmb-no-bg tmb-lightbox\" ><div class=\"t-inside no-anim\" ><div class=\"t-entry-visual\"><div class=\"t-entry-visual-tc\"><div class=\"t-entry-visual-cont\"><div class=\"dummy\" style=\"padding-top: 62.2%;\"><\/div><a href=\"https:\/\/glassouse.com\/wp-content\/uploads\/2019\/06\/06.png\"  class=\"pushed\" data-active=\"1\" data-lbox=\"ilightbox_gallery-102570\" data-options=\"width:1035,height:644,thumbnail: 'https:\/\/glassouse.com\/wp-content\/uploads\/2019\/06\/06-300x187.png'\" data-lb-index=\"1\"><div class=\"t-entry-visual-overlay\"><div class=\"t-entry-visual-overlay-in style-dark-bg\" style=\"opacity: 0.5;\"><\/div><\/div><img decoding=\"async\" class=\"wp-image-23441\" src=\"https:\/\/glassouse.com\/wp-content\/uploads\/2019\/06\/06.png\" width=\"1035\" height=\"644\" alt=\"GlassOuse Mini Proximity Switch\" srcset=\"https:\/\/glassouse.com\/wp-content\/uploads\/2019\/06\/06.png 1035w, https:\/\/glassouse.com\/wp-content\/uploads\/2019\/06\/06-300x187.png 300w, https:\/\/glassouse.com\/wp-content\/uploads\/2019\/06\/06-1024x637.png 1024w, https:\/\/glassouse.com\/wp-content\/uploads\/2019\/06\/06-768x478.png 768w, https:\/\/glassouse.com\/wp-content\/uploads\/2019\/06\/06-350x218.png 350w\" sizes=\"(max-width: 1035px) 100vw, 1035px\" \/><\/a><\/div>\n\t\t\t\t\t<\/div>\n\t\t\t\t<\/div><\/div><\/div>\t\t\t<\/div>\n\t\t\t\t\t<\/div>\n\n\t\n\t\n\t\n<\/div>\n\n<\/div><\/div><\/div><\/div><\/div><script id=\"script-row-unique-2\" data-row=\"script-row-unique-2\" type=\"text\/javascript\" class=\"vc_controls\">UNCODE.initRow(document.getElementById(\"row-unique-2\"));<\/script><\/div><\/div><\/div>\n<\/div>","protected":false},"excerpt":{"rendered":"An AccurateAnd Sensitive Switch Proximity Switch\/ Mini Proximity SwitchCompatible WithGlassOuse PRO\/LinkGlassOuse 1.4With an 8.63cm activation surface, the Proximity Switch is [...]","protected":false},"featured_media":23251,"template":"","meta":{"_acf_changed":false},"product_brand":[],"product_cat":[25],"product_tag":[],"class_list":{"0":"post-2921","1":"product","2":"type-product","3":"status-publish","4":"has-post-thumbnail","6":"product_cat-g-switches_adaptive-switches","8":"first","9":"instock","10":"shipping-taxable","11":"purchasable","12":"product-type-variable"},"acf":[],"yoast_head":"<!-- This site is optimized with the Yoast SEO plugin v27.5 - https:\/\/yoast.com\/product\/yoast-seo-wordpress\/ -->\n<title>Proximity Switch for Disabled - Adapted Switch for Assistive Device<\/title>\n<meta name=\"description\" content=\"Buy Proximity Switch for disabled people. Compatible with GlassOuse V1.2 &amp; any other adapted devices &amp; toys with 3.5mm jack. International shipping.\" \/>\n<meta name=\"robots\" content=\"index, follow, max-snippet:-1, max-image-preview:large, max-video-preview:-1\" \/>\n<link rel=\"canonical\" href=\"https:\/\/glassouse.com\/tr\/urun\/proximity-switch-glassouse-assistive-device-accessory-hands-free\/\" \/>\n<meta property=\"og:locale\" content=\"tr_TR\" \/>\n<meta property=\"og:type\" content=\"article\" \/>\n<meta property=\"og:title\" content=\"Proximity Switch for Disabled - Adapted Switch for Assistive Device\" \/>\n<meta property=\"og:description\" content=\"Buy Proximity Switch for disabled people. Compatible with GlassOuse V1.2 &amp; any other adapted devices &amp; toys with 3.5mm jack. International shipping.\" \/>\n<meta property=\"og:url\" content=\"https:\/\/glassouse.com\/tr\/urun\/proximity-switch-glassouse-assistive-device-accessory-hands-free\/\" \/>\n<meta property=\"og:site_name\" content=\"Glassouse Assistive Device\" \/>\n<meta property=\"article:publisher\" content=\"https:\/\/www.facebook.com\/glassouse\/\" \/>\n<meta property=\"og:image\" content=\"https:\/\/glassouse.com\/wp-content\/uploads\/2019\/04\/00.png\" \/>\n\t<meta property=\"og:image:width\" content=\"1773\" \/>\n\t<meta property=\"og:image:height\" content=\"1773\" \/>\n\t<meta property=\"og:image:type\" content=\"image\/png\" \/>\n<meta name=\"twitter:card\" content=\"summary_large_image\" \/>\n<meta name=\"twitter:site\" content=\"@glassouse\" \/>\n<meta name=\"twitter:label1\" content=\"Tahmini okuma s\u00fcresi\" \/>\n\t<meta name=\"twitter:data1\" content=\"3 dakika\" \/>\n<script type=\"application\/ld+json\" class=\"yoast-schema-graph\">{\"@context\":\"https:\\\/\\\/schema.org\",\"@graph\":[{\"@type\":\"WebPage\",\"@id\":\"https:\\\/\\\/glassouse.com\\\/product\\\/proximity-switch-glassouse-assistive-device-accessory-hands-free\\\/\",\"url\":\"https:\\\/\\\/glassouse.com\\\/product\\\/proximity-switch-glassouse-assistive-device-accessory-hands-free\\\/\",\"name\":\"Proximity Switch for Disabled - Adapted Switch for Assistive Device\",\"isPartOf\":{\"@id\":\"https:\\\/\\\/glassouse.com\\\/#website\"},\"primaryImageOfPage\":{\"@id\":\"https:\\\/\\\/glassouse.com\\\/product\\\/proximity-switch-glassouse-assistive-device-accessory-hands-free\\\/#primaryimage\"},\"image\":{\"@id\":\"https:\\\/\\\/glassouse.com\\\/product\\\/proximity-switch-glassouse-assistive-device-accessory-hands-free\\\/#primaryimage\"},\"thumbnailUrl\":\"https:\\\/\\\/glassouse.com\\\/wp-content\\\/uploads\\\/2019\\\/04\\\/00.png\",\"datePublished\":\"2026-04-29T18:22:46+00:00\",\"description\":\"Buy Proximity Switch for disabled people. Compatible with GlassOuse V1.2 & any other adapted devices & toys with 3.5mm jack. International shipping.\",\"breadcrumb\":{\"@id\":\"https:\\\/\\\/glassouse.com\\\/product\\\/proximity-switch-glassouse-assistive-device-accessory-hands-free\\\/#breadcrumb\"},\"inLanguage\":\"tr\",\"potentialAction\":[{\"@type\":\"ReadAction\",\"target\":[\"https:\\\/\\\/glassouse.com\\\/product\\\/proximity-switch-glassouse-assistive-device-accessory-hands-free\\\/\"]}]},{\"@type\":\"ImageObject\",\"inLanguage\":\"tr\",\"@id\":\"https:\\\/\\\/glassouse.com\\\/product\\\/proximity-switch-glassouse-assistive-device-accessory-hands-free\\\/#primaryimage\",\"url\":\"https:\\\/\\\/glassouse.com\\\/wp-content\\\/uploads\\\/2019\\\/04\\\/00.png\",\"contentUrl\":\"https:\\\/\\\/glassouse.com\\\/wp-content\\\/uploads\\\/2019\\\/04\\\/00.png\",\"width\":1773,\"height\":1773,\"caption\":\"GlassOuse Proximity Switch- Mini and Regular\"},{\"@type\":\"BreadcrumbList\",\"@id\":\"https:\\\/\\\/glassouse.com\\\/product\\\/proximity-switch-glassouse-assistive-device-accessory-hands-free\\\/#breadcrumb\",\"itemListElement\":[{\"@type\":\"ListItem\",\"position\":1,\"name\":\"Home\",\"item\":\"https:\\\/\\\/glassouse.com\\\/\"},{\"@type\":\"ListItem\",\"position\":2,\"name\":\"Shop\",\"item\":\"https:\\\/\\\/glassouse.com\\\/assistive-device_shop\\\/\"},{\"@type\":\"ListItem\",\"position\":3,\"name\":\"GS09 GlassOuse Proximity Switch\"}]},{\"@type\":\"WebSite\",\"@id\":\"https:\\\/\\\/glassouse.com\\\/#website\",\"url\":\"https:\\\/\\\/glassouse.com\\\/\",\"name\":\"Glassouse Assistive Device\",\"description\":\"Assistive Device and Switches for Disabled\",\"publisher\":{\"@id\":\"https:\\\/\\\/glassouse.com\\\/#organization\"},\"potentialAction\":[{\"@type\":\"SearchAction\",\"target\":{\"@type\":\"EntryPoint\",\"urlTemplate\":\"https:\\\/\\\/glassouse.com\\\/?s={search_term_string}\"},\"query-input\":{\"@type\":\"PropertyValueSpecification\",\"valueRequired\":true,\"valueName\":\"search_term_string\"}}],\"inLanguage\":\"tr\"},{\"@type\":\"Organization\",\"@id\":\"https:\\\/\\\/glassouse.com\\\/#organization\",\"name\":\"GlassOuse Assistive Device\",\"url\":\"https:\\\/\\\/glassouse.com\\\/\",\"logo\":{\"@type\":\"ImageObject\",\"inLanguage\":\"tr\",\"@id\":\"https:\\\/\\\/glassouse.com\\\/#\\\/schema\\\/logo\\\/image\\\/\",\"url\":\"https:\\\/\\\/glassouse.com\\\/wp-content\\\/uploads\\\/2017\\\/11\\\/logo.jpg\",\"contentUrl\":\"https:\\\/\\\/glassouse.com\\\/wp-content\\\/uploads\\\/2017\\\/11\\\/logo.jpg\",\"width\":500,\"height\":500,\"caption\":\"GlassOuse Assistive Device\"},\"image\":{\"@id\":\"https:\\\/\\\/glassouse.com\\\/#\\\/schema\\\/logo\\\/image\\\/\"},\"sameAs\":[\"https:\\\/\\\/www.facebook.com\\\/glassouse\\\/\",\"https:\\\/\\\/x.com\\\/glassouse\",\"https:\\\/\\\/www.instagram.com\\\/glassouseassistivedevice\\\/\",\"https:\\\/\\\/www.linkedin.com\\\/company\\\/glassouse\\\/\",\"https:\\\/\\\/www.youtube.com\\\/channel\\\/UCM5pebcmVXbu00QYd91_Gyw\"]}]}<\/script>\n<!-- \/ Yoast SEO plugin. -->","yoast_head_json":{"title":"Proximity Switch for Disabled - Adapted Switch for Assistive Device","description":"Buy Proximity Switch for disabled people. Compatible with GlassOuse V1.2 & any other adapted devices & toys with 3.5mm jack. International shipping.","robots":{"index":"index","follow":"follow","max-snippet":"max-snippet:-1","max-image-preview":"max-image-preview:large","max-video-preview":"max-video-preview:-1"},"canonical":"https:\/\/glassouse.com\/tr\/urun\/proximity-switch-glassouse-assistive-device-accessory-hands-free\/","og_locale":"tr_TR","og_type":"article","og_title":"Proximity Switch for Disabled - Adapted Switch for Assistive Device","og_description":"Buy Proximity Switch for disabled people. Compatible with GlassOuse V1.2 & any other adapted devices & toys with 3.5mm jack. International shipping.","og_url":"https:\/\/glassouse.com\/tr\/urun\/proximity-switch-glassouse-assistive-device-accessory-hands-free\/","og_site_name":"Glassouse Assistive Device","article_publisher":"https:\/\/www.facebook.com\/glassouse\/","og_image":[{"width":1773,"height":1773,"url":"https:\/\/glassouse.com\/wp-content\/uploads\/2019\/04\/00.png","type":"image\/png"}],"twitter_card":"summary_large_image","twitter_site":"@glassouse","twitter_misc":{"Tahmini okuma s\u00fcresi":"3 dakika"},"schema":{"@context":"https:\/\/schema.org","@graph":[{"@type":"WebPage","@id":"https:\/\/glassouse.com\/product\/proximity-switch-glassouse-assistive-device-accessory-hands-free\/","url":"https:\/\/glassouse.com\/product\/proximity-switch-glassouse-assistive-device-accessory-hands-free\/","name":"Proximity Switch for Disabled - Adapted Switch for Assistive Device","isPartOf":{"@id":"https:\/\/glassouse.com\/#website"},"primaryImageOfPage":{"@id":"https:\/\/glassouse.com\/product\/proximity-switch-glassouse-assistive-device-accessory-hands-free\/#primaryimage"},"image":{"@id":"https:\/\/glassouse.com\/product\/proximity-switch-glassouse-assistive-device-accessory-hands-free\/#primaryimage"},"thumbnailUrl":"https:\/\/glassouse.com\/wp-content\/uploads\/2019\/04\/00.png","datePublished":"2026-04-29T18:22:46+00:00","description":"Buy Proximity Switch for disabled people. Compatible with GlassOuse V1.2 & any other adapted devices & toys with 3.5mm jack. International shipping.","breadcrumb":{"@id":"https:\/\/glassouse.com\/product\/proximity-switch-glassouse-assistive-device-accessory-hands-free\/#breadcrumb"},"inLanguage":"tr","potentialAction":[{"@type":"ReadAction","target":["https:\/\/glassouse.com\/product\/proximity-switch-glassouse-assistive-device-accessory-hands-free\/"]}]},{"@type":"ImageObject","inLanguage":"tr","@id":"https:\/\/glassouse.com\/product\/proximity-switch-glassouse-assistive-device-accessory-hands-free\/#primaryimage","url":"https:\/\/glassouse.com\/wp-content\/uploads\/2019\/04\/00.png","contentUrl":"https:\/\/glassouse.com\/wp-content\/uploads\/2019\/04\/00.png","width":1773,"height":1773,"caption":"GlassOuse Proximity Switch- Mini and Regular"},{"@type":"BreadcrumbList","@id":"https:\/\/glassouse.com\/product\/proximity-switch-glassouse-assistive-device-accessory-hands-free\/#breadcrumb","itemListElement":[{"@type":"ListItem","position":1,"name":"Home","item":"https:\/\/glassouse.com\/"},{"@type":"ListItem","position":2,"name":"Shop","item":"https:\/\/glassouse.com\/assistive-device_shop\/"},{"@type":"ListItem","position":3,"name":"GS09 GlassOuse Proximity Switch"}]},{"@type":"WebSite","@id":"https:\/\/glassouse.com\/#website","url":"https:\/\/glassouse.com\/","name":"Glassouse Yard\u0131mc\u0131 Cihaz","description":"Assistive Device and Switches for Disabled","publisher":{"@id":"https:\/\/glassouse.com\/#organization"},"potentialAction":[{"@type":"SearchAction","target":{"@type":"EntryPoint","urlTemplate":"https:\/\/glassouse.com\/?s={search_term_string}"},"query-input":{"@type":"PropertyValueSpecification","valueRequired":true,"valueName":"search_term_string"}}],"inLanguage":"tr"},{"@type":"Organization","@id":"https:\/\/glassouse.com\/#organization","name":"GlassOuse Yard\u0131mc\u0131 Cihaz","url":"https:\/\/glassouse.com\/","logo":{"@type":"ImageObject","inLanguage":"tr","@id":"https:\/\/glassouse.com\/#\/schema\/logo\/image\/","url":"https:\/\/glassouse.com\/wp-content\/uploads\/2017\/11\/logo.jpg","contentUrl":"https:\/\/glassouse.com\/wp-content\/uploads\/2017\/11\/logo.jpg","width":500,"height":500,"caption":"GlassOuse Assistive Device"},"image":{"@id":"https:\/\/glassouse.com\/#\/schema\/logo\/image\/"},"sameAs":["https:\/\/www.facebook.com\/glassouse\/","https:\/\/x.com\/glassouse","https:\/\/www.instagram.com\/glassouseassistivedevice\/","https:\/\/www.linkedin.com\/company\/glassouse\/","https:\/\/www.youtube.com\/channel\/UCM5pebcmVXbu00QYd91_Gyw"]}]}},"_links":{"self":[{"href":"https:\/\/glassouse.com\/tr\/wp-json\/wp\/v2\/product\/2921","targetHints":{"allow":["GET"]}}],"collection":[{"href":"https:\/\/glassouse.com\/tr\/wp-json\/wp\/v2\/product"}],"about":[{"href":"https:\/\/glassouse.com\/tr\/wp-json\/wp\/v2\/types\/product"}],"wp:featuredmedia":[{"embeddable":true,"href":"https:\/\/glassouse.com\/tr\/wp-json\/wp\/v2\/media\/23251"}],"wp:attachment":[{"href":"https:\/\/glassouse.com\/tr\/wp-json\/wp\/v2\/media?parent=2921"}],"wp:term":[{"taxonomy":"product_brand","embeddable":true,"href":"https:\/\/glassouse.com\/tr\/wp-json\/wp\/v2\/product_brand?post=2921"},{"taxonomy":"product_cat","embeddable":true,"href":"https:\/\/glassouse.com\/tr\/wp-json\/wp\/v2\/product_cat?post=2921"},{"taxonomy":"product_tag","embeddable":true,"href":"https:\/\/glassouse.com\/tr\/wp-json\/wp\/v2\/product_tag?post=2921"}],"curies":[{"name":"wp","href":"https:\/\/api.w.org\/{rel}","templated":true}]}}