{"id":33199,"date":"2020-09-30T15:34:41","date_gmt":"2020-09-30T07:34:41","guid":{"rendered":"https:\/\/glassouse.com\/product\/glassouse-v1-3\/"},"modified":"2020-09-30T15:34:41","modified_gmt":"2020-09-30T07:34:41","slug":"glassouse-v1-3","status":"publish","type":"product","link":"https:\/\/glassouse.com\/tr\/product\/glassouse-v1-3\/","title":{"rendered":"GlassOuse V1.3"},"content":{"rendered":"<p>Engelliler i\u00e7in \u00f6d\u00fcll\u00fc yard\u0131mc\u0131 cihaz &#8211; GlassOuse V1.3, Bluetooth 4.0 ve alt\u0131 ile bilgisayarlara, cep telefonlar\u0131na, tabletlere ve ak\u0131ll\u0131 TV&#8217;lere sorunsuzca ba\u011flanabilen ve Windows, iOS14, iPadOS13, macOS, Linux, Android ve Chrome OS ile uyumlu bir yard\u0131mc\u0131 cihazd\u0131r. GlassOuse V1.3, kullan\u0131c\u0131n\u0131n GlassOuse V1.3&#8217;\u00fc tek bir \u015farjla 150+ aktif saatten fazla kullanmas\u0131na olanak tan\u0131yan k\u00fc\u00e7\u00fck boyutlu y\u00fcksek yo\u011funluklu pilini g\u00fc\u00e7lendirir. <\/p>\n<p>GlassOuse v1.3&#8217;\u00fc kendi g\u00f6zl\u00fc\u011f\u00fcn\u00fczle takabilir ve normal g\u00f6zl\u00fckler gibi katlayabilirsiniz. GlassOuse, geli\u015ftirilmi\u015f 9 eksenli jiroskop \u00f6zelli\u011fi ile en ufak ba\u015f hareketlerini alg\u0131layarak ekran\u0131n\u0131zdaki imleci hareket ettirir. GlassOuse&#8217;unuzu cihaz\u0131n\u0131za ba\u011flay\u0131n, %100 do\u011fruluk i\u00e7in k\u0131sa kalibrasyon i\u015flemini tamamlay\u0131n ve cihazlar\u0131n\u0131z\u0131 eller serbest kullanmaya ba\u015flay\u0131n.  <\/p>\n<p>GlassOuse, G-Switch serisindeki dokuz farkl\u0131 anahtardan herhangi birine ve t\u0131klama i\u00e7in 3,5 mm jak destekli di\u011fer uyarlanabilir anahtarlara ba\u011flanabilir.<\/p>\n","protected":false},"excerpt":{"rendered":"<hr>\n<p><strong>Yeni GlassOuse V1.3, selefi V1.2&#8217;nin y\u00fckseltilmi\u015f bir s\u00fcr\u00fcm\u00fcd\u00fcr ve \u015fimdi her zamankinden daha iyi!<\/strong><\/p>\n<p><strong><span style=\"text-decoration: underline;\">Yenilikler<\/span>:<\/strong><\/p>\n<ul>\n<li><strong>Bluetooth 4.0 deste\u011fi<\/strong> &#8211;<em> D\u00fc\u015f\u00fck gecikme s\u00fcresiyle daha h\u0131zl\u0131 ve daha iyi ba\u011flant\u0131<\/em>.<\/li>\n<li><strong>Geli\u015ftirilmi\u015f Pil \u00d6mr\u00fc<\/strong> &#8211; <em>\u00d6nceki s\u00fcr\u00fcme g\u00f6re 10 kat daha uzun pil \u00f6mr\u00fc<\/em><\/li>\n<li><strong>Geli\u015ftirilmi\u015f Hassasiyet Ayar\u0131<\/strong> &#8211;<em> Cihaz\u0131n\u0131z\u0131n hassasiyetini daha do\u011fru bir \u015fekilde ayarlay\u0131n<\/em><\/li>\n<li><strong>Daha G\u00fc\u00e7l\u00fc Malzeme Yap\u0131s\u0131<\/strong> &#8211; <em>\u00dcr\u00fcn\u00fcn<\/em><strong>daha<\/strong> <em>uzun \u00f6m\u00fcrl\u00fc olmas\u0131 i\u00e7in<\/em><\/li>\n<\/ul>\n<p><a href=\"https:\/\/glassouse.com\/wp-content\/uploads\/2020\/11\/GLASSOUSE-V1.3_USER-MANUAL.pdf\"><img decoding=\"async\" class=\"alignnone wp-image-2116\" src=\"https:\/\/glassouse.com\/wp-content\/uploads\/2018\/03\/download_user_manual.png\" alt=\"\" width=\"96\" height=\"96\" srcset=\"https:\/\/glassouse.com\/wp-content\/uploads\/2018\/03\/download_user_manual.png 149w, https:\/\/glassouse.com\/wp-content\/uploads\/2018\/03\/download_user_manual-100x100.png 100w, https:\/\/glassouse.com\/wp-content\/uploads\/2018\/03\/download_user_manual-75x75.png 75w\" sizes=\"(max-width: 96px) 100vw, 96px\" \/><\/a>  <a href=\"https:\/\/glassouse.com\/money-back-guarantee\/\"><img decoding=\"async\" class=\"alignnone wp-image-1817\" src=\"https:\/\/glassouse.com\/wp-content\/uploads\/2017\/11\/15_Day_Money_Back_47882ccb-f31c-4b58-ab77-9b78929009ef_grande.png\" alt=\"\" width=\"95\" height=\"95\" srcset=\"https:\/\/glassouse.com\/wp-content\/uploads\/2017\/11\/15_Day_Money_Back_47882ccb-f31c-4b58-ab77-9b78929009ef_grande.png 150w, https:\/\/glassouse.com\/wp-content\/uploads\/2017\/11\/15_Day_Money_Back_47882ccb-f31c-4b58-ab77-9b78929009ef_grande-100x100.png 100w, https:\/\/glassouse.com\/wp-content\/uploads\/2017\/11\/15_Day_Money_Back_47882ccb-f31c-4b58-ab77-9b78929009ef_grande-75x75.png 75w\" sizes=\"(max-width: 95px) 100vw, 95px\" \/><\/a>  <img decoding=\"async\" class=\"alignnone wp-image-3424\" src=\"https:\/\/glassouse.com\/wp-content\/uploads\/2020\/08\/A4.png\" alt=\"GlassOuse Garanti\" width=\"95\" height=\"95\" srcset=\"https:\/\/glassouse.com\/wp-content\/uploads\/2020\/08\/A4.png 345w, https:\/\/glassouse.com\/wp-content\/uploads\/2020\/08\/A4-300x299.png 300w, https:\/\/glassouse.com\/wp-content\/uploads\/2020\/08\/A4-100x100.png 100w, https:\/\/glassouse.com\/wp-content\/uploads\/2020\/08\/A4-150x150.png 150w\" sizes=\"(max-width: 95px) 100vw, 95px\" \/><\/p>\n<p>GlassOuse V1.3, teknolojiye ba\u011flan\u0131rken s\u0131n\u0131rl\u0131 hareket kabiliyetine sahip olanlar\u0131n ihtiya\u00e7lar\u0131n\u0131 kar\u015f\u0131lamak i\u00e7in daha esnek ve i\u015flevsel olacak \u015fekilde tasarlanm\u0131\u015ft\u0131r. Bluetooth 4.0 ve alt\u0131 ile bilgisayarlara, cep telefonlar\u0131na, tabletlere ve ak\u0131ll\u0131 TV&#8217;lere sorunsuzca ba\u011flanabilen GlassOuse V1.3; Windows, iOS14, iPadOS13, macOS, Linux, Android ve Chrome OS ile uyumlu bir yard\u0131mc\u0131 cihazd\u0131r. GlassOuse, ihtiyaca g\u00f6re yeni G-Switch Serisi se\u00e7enekleriyle ya da do\u011frudan Dwell yaz\u0131l\u0131m\u0131yla e\u015fle\u015ftirilebiliyor.  <\/p>\n<p>GlassOuse V1.3, k\u00fc\u00e7\u00fck boyutlu y\u00fcksek yo\u011funluklu pilini g\u00fc\u00e7lendirerek kullan\u0131c\u0131n\u0131n GlassOuse V1.3&#8217;\u00fc tek bir \u015farjla 150+ saatten fazla aktif olarak kullanabilmesini sa\u011flar.<\/p>\n<p>GlassOuse v1.3&#8217;\u00fc kendi g\u00f6zl\u00fc\u011f\u00fcn\u00fczle takabilir ve normal g\u00f6zl\u00fckler gibi katlayabilirsiniz. GlassOuse, geli\u015ftirilmi\u015f 9 eksenli jiroskop \u00f6zelli\u011fi ile en ufak ba\u015f hareketlerini alg\u0131layarak ekran\u0131n\u0131zdaki imleci hareket ettirir. GlassOuse&#8217;unuzu cihaz\u0131n\u0131za ba\u011flay\u0131n, %100 do\u011fruluk i\u00e7in k\u0131sa kalibrasyon i\u015flemini tamamlay\u0131n ve cihazlar\u0131n\u0131z\u0131 eller serbest kullanmaya ba\u015flay\u0131n.  <\/p>\n<p><strong>Kutu \u0130\u00e7inde<\/strong>:<br \/>\n1x GlassOuse V1.3;<br \/>\n1x \u015earj Kablosu;<br \/>\n2x Kulakl\u0131k<br \/>\n1x Kullan\u0131m K\u0131lavuzu<\/p>\n","protected":false},"featured_media":33207,"template":"","meta":{"_acf_changed":false},"product_brand":[],"product_cat":[428],"product_tag":[],"class_list":{"0":"post-33199","1":"product","2":"type-product","3":"status-publish","4":"has-post-thumbnail","6":"product_cat-glassouse-paketi","8":"first","9":"outofstock","10":"downloadable","11":"shipping-taxable","12":"purchasable","13":"product-type-simple"},"acf":[],"yoast_head":"<!-- This site is optimized with the Yoast SEO plugin v27.4 - https:\/\/yoast.com\/product\/yoast-seo-wordpress\/ -->\n<title>GlassOuse V1.3 - Engelliler i\u00e7in Yard\u0131mc\u0131 Cihaz. Kontrol Cihaz\u0131 Eller Serbest<\/title>\n<meta name=\"description\" content=\"\u00d6d\u00fcll\u00fc GlassOuse yard\u0131mc\u0131 cihaz\u0131 - Engellilerin teknolojiyi eller serbest kontrol edebilmeleri i\u00e7in kablosuz bir kafa faresi. Uluslararas\u0131 g\u00f6nderim.\" \/>\n<meta name=\"robots\" content=\"index, follow, max-snippet:-1, max-image-preview:large, max-video-preview:-1\" \/>\n<link rel=\"canonical\" href=\"https:\/\/glassouse.com\/tr\/product\/glassouse-v1-3\/\" \/>\n<meta property=\"og:locale\" content=\"tr_TR\" \/>\n<meta property=\"og:type\" content=\"article\" \/>\n<meta property=\"og:title\" content=\"GlassOuse V1.3 - Engelliler i\u00e7in Yard\u0131mc\u0131 Cihaz. Kontrol Cihaz\u0131 Eller Serbest\" \/>\n<meta property=\"og:description\" content=\"\u00d6d\u00fcll\u00fc GlassOuse yard\u0131mc\u0131 cihaz\u0131 - Engellilerin teknolojiyi eller serbest kontrol edebilmeleri i\u00e7in kablosuz bir kafa faresi. Uluslararas\u0131 g\u00f6nderim.\" \/>\n<meta property=\"og:url\" content=\"https:\/\/glassouse.com\/tr\/product\/glassouse-v1-3\/\" \/>\n<meta property=\"og:site_name\" content=\"Glassouse Assistive Device\" \/>\n<meta property=\"article:publisher\" content=\"https:\/\/www.facebook.com\/glassouse\/\" \/>\n<meta property=\"og:image\" content=\"https:\/\/glassouse.com\/wp-content\/uploads\/2020\/09\/002.jpg\" \/>\n\t<meta property=\"og:image:width\" content=\"1000\" \/>\n\t<meta property=\"og:image:height\" content=\"1000\" \/>\n\t<meta property=\"og:image:type\" content=\"image\/jpeg\" \/>\n<meta name=\"twitter:card\" content=\"summary_large_image\" \/>\n<meta name=\"twitter:site\" content=\"@glassouse\" \/>\n<meta name=\"twitter:label1\" content=\"Tahmini okuma s\u00fcresi\" \/>\n\t<meta name=\"twitter:data1\" content=\"1 dakika\" \/>\n<script type=\"application\/ld+json\" class=\"yoast-schema-graph\">{\"@context\":\"https:\\\/\\\/schema.org\",\"@graph\":[{\"@type\":\"WebPage\",\"@id\":\"https:\\\/\\\/glassouse.com\\\/tr\\\/product\\\/glassouse-v1-3\\\/\",\"url\":\"https:\\\/\\\/glassouse.com\\\/tr\\\/product\\\/glassouse-v1-3\\\/\",\"name\":\"GlassOuse V1.3 - Engelliler i\u00e7in Yard\u0131mc\u0131 Cihaz. Kontrol Cihaz\u0131 Eller Serbest\",\"isPartOf\":{\"@id\":\"https:\\\/\\\/glassouse.com\\\/tr\\\/#website\"},\"primaryImageOfPage\":{\"@id\":\"https:\\\/\\\/glassouse.com\\\/tr\\\/product\\\/glassouse-v1-3\\\/#primaryimage\"},\"image\":{\"@id\":\"https:\\\/\\\/glassouse.com\\\/tr\\\/product\\\/glassouse-v1-3\\\/#primaryimage\"},\"thumbnailUrl\":\"https:\\\/\\\/glassouse.com\\\/wp-content\\\/uploads\\\/2020\\\/09\\\/002.jpg\",\"datePublished\":\"2020-09-30T07:34:41+00:00\",\"description\":\"\u00d6d\u00fcll\u00fc GlassOuse yard\u0131mc\u0131 cihaz\u0131 - Engellilerin teknolojiyi eller serbest kontrol edebilmeleri i\u00e7in kablosuz bir kafa faresi. Uluslararas\u0131 g\u00f6nderim.\",\"breadcrumb\":{\"@id\":\"https:\\\/\\\/glassouse.com\\\/tr\\\/product\\\/glassouse-v1-3\\\/#breadcrumb\"},\"inLanguage\":\"tr\",\"potentialAction\":[{\"@type\":\"ReadAction\",\"target\":[\"https:\\\/\\\/glassouse.com\\\/tr\\\/product\\\/glassouse-v1-3\\\/\"]}]},{\"@type\":\"ImageObject\",\"inLanguage\":\"tr\",\"@id\":\"https:\\\/\\\/glassouse.com\\\/tr\\\/product\\\/glassouse-v1-3\\\/#primaryimage\",\"url\":\"https:\\\/\\\/glassouse.com\\\/wp-content\\\/uploads\\\/2020\\\/09\\\/002.jpg\",\"contentUrl\":\"https:\\\/\\\/glassouse.com\\\/wp-content\\\/uploads\\\/2020\\\/09\\\/002.jpg\",\"width\":1000,\"height\":1000,\"caption\":\"GlassOuse Engelliler i\u00e7in Yard\u0131mc\u0131 Cihaz\"},{\"@type\":\"BreadcrumbList\",\"@id\":\"https:\\\/\\\/glassouse.com\\\/tr\\\/product\\\/glassouse-v1-3\\\/#breadcrumb\",\"itemListElement\":[{\"@type\":\"ListItem\",\"position\":1,\"name\":\"Home\",\"item\":\"https:\\\/\\\/glassouse.com\\\/tr\\\/ev\\\/\"},{\"@type\":\"ListItem\",\"position\":2,\"name\":\"Ma\u011faza\",\"item\":\"https:\\\/\\\/glassouse.com\\\/tr\\\/magaza\\\/\"},{\"@type\":\"ListItem\",\"position\":3,\"name\":\"Private: GlassOuse V1.3\"}]},{\"@type\":\"WebSite\",\"@id\":\"https:\\\/\\\/glassouse.com\\\/tr\\\/#website\",\"url\":\"https:\\\/\\\/glassouse.com\\\/tr\\\/\",\"name\":\"Glassouse Assistive Device\",\"description\":\"Assistive Device and Switches for Disabled\",\"publisher\":{\"@id\":\"https:\\\/\\\/glassouse.com\\\/tr\\\/#organization\"},\"potentialAction\":[{\"@type\":\"SearchAction\",\"target\":{\"@type\":\"EntryPoint\",\"urlTemplate\":\"https:\\\/\\\/glassouse.com\\\/tr\\\/?s={search_term_string}\"},\"query-input\":{\"@type\":\"PropertyValueSpecification\",\"valueRequired\":true,\"valueName\":\"search_term_string\"}}],\"inLanguage\":\"tr\"},{\"@type\":\"Organization\",\"@id\":\"https:\\\/\\\/glassouse.com\\\/tr\\\/#organization\",\"name\":\"GlassOuse Assistive Device\",\"url\":\"https:\\\/\\\/glassouse.com\\\/tr\\\/\",\"logo\":{\"@type\":\"ImageObject\",\"inLanguage\":\"tr\",\"@id\":\"https:\\\/\\\/glassouse.com\\\/tr\\\/#\\\/schema\\\/logo\\\/image\\\/\",\"url\":\"https:\\\/\\\/glassouse.com\\\/wp-content\\\/uploads\\\/2017\\\/11\\\/logo.jpg\",\"contentUrl\":\"https:\\\/\\\/glassouse.com\\\/wp-content\\\/uploads\\\/2017\\\/11\\\/logo.jpg\",\"width\":500,\"height\":500,\"caption\":\"GlassOuse Assistive Device\"},\"image\":{\"@id\":\"https:\\\/\\\/glassouse.com\\\/tr\\\/#\\\/schema\\\/logo\\\/image\\\/\"},\"sameAs\":[\"https:\\\/\\\/www.facebook.com\\\/glassouse\\\/\",\"https:\\\/\\\/x.com\\\/glassouse\",\"https:\\\/\\\/www.instagram.com\\\/glassouseassistivedevice\\\/\",\"https:\\\/\\\/www.linkedin.com\\\/company\\\/glassouse\\\/\",\"https:\\\/\\\/www.youtube.com\\\/channel\\\/UCM5pebcmVXbu00QYd91_Gyw\"]}]}<\/script>\n<!-- \/ Yoast SEO plugin. -->","yoast_head_json":{"title":"GlassOuse V1.3 - Engelliler i\u00e7in Yard\u0131mc\u0131 Cihaz. Kontrol Cihaz\u0131 Eller Serbest","description":"\u00d6d\u00fcll\u00fc GlassOuse yard\u0131mc\u0131 cihaz\u0131 - Engellilerin teknolojiyi eller serbest kontrol edebilmeleri i\u00e7in kablosuz bir kafa faresi. Uluslararas\u0131 g\u00f6nderim.","robots":{"index":"index","follow":"follow","max-snippet":"max-snippet:-1","max-image-preview":"max-image-preview:large","max-video-preview":"max-video-preview:-1"},"canonical":"https:\/\/glassouse.com\/tr\/product\/glassouse-v1-3\/","og_locale":"tr_TR","og_type":"article","og_title":"GlassOuse V1.3 - Engelliler i\u00e7in Yard\u0131mc\u0131 Cihaz. Kontrol Cihaz\u0131 Eller Serbest","og_description":"\u00d6d\u00fcll\u00fc GlassOuse yard\u0131mc\u0131 cihaz\u0131 - Engellilerin teknolojiyi eller serbest kontrol edebilmeleri i\u00e7in kablosuz bir kafa faresi. Uluslararas\u0131 g\u00f6nderim.","og_url":"https:\/\/glassouse.com\/tr\/product\/glassouse-v1-3\/","og_site_name":"Glassouse Assistive Device","article_publisher":"https:\/\/www.facebook.com\/glassouse\/","og_image":[{"width":1000,"height":1000,"url":"https:\/\/glassouse.com\/wp-content\/uploads\/2020\/09\/002.jpg","type":"image\/jpeg"}],"twitter_card":"summary_large_image","twitter_site":"@glassouse","twitter_misc":{"Tahmini okuma s\u00fcresi":"1 dakika"},"schema":{"@context":"https:\/\/schema.org","@graph":[{"@type":"WebPage","@id":"https:\/\/glassouse.com\/tr\/product\/glassouse-v1-3\/","url":"https:\/\/glassouse.com\/tr\/product\/glassouse-v1-3\/","name":"GlassOuse V1.3 - Engelliler i\u00e7in Yard\u0131mc\u0131 Cihaz. Kontrol Cihaz\u0131 Eller Serbest","isPartOf":{"@id":"https:\/\/glassouse.com\/tr\/#website"},"primaryImageOfPage":{"@id":"https:\/\/glassouse.com\/tr\/product\/glassouse-v1-3\/#primaryimage"},"image":{"@id":"https:\/\/glassouse.com\/tr\/product\/glassouse-v1-3\/#primaryimage"},"thumbnailUrl":"https:\/\/glassouse.com\/wp-content\/uploads\/2020\/09\/002.jpg","datePublished":"2020-09-30T07:34:41+00:00","description":"\u00d6d\u00fcll\u00fc GlassOuse yard\u0131mc\u0131 cihaz\u0131 - Engellilerin teknolojiyi eller serbest kontrol edebilmeleri i\u00e7in kablosuz bir kafa faresi. Uluslararas\u0131 g\u00f6nderim.","breadcrumb":{"@id":"https:\/\/glassouse.com\/tr\/product\/glassouse-v1-3\/#breadcrumb"},"inLanguage":"tr","potentialAction":[{"@type":"ReadAction","target":["https:\/\/glassouse.com\/tr\/product\/glassouse-v1-3\/"]}]},{"@type":"ImageObject","inLanguage":"tr","@id":"https:\/\/glassouse.com\/tr\/product\/glassouse-v1-3\/#primaryimage","url":"https:\/\/glassouse.com\/wp-content\/uploads\/2020\/09\/002.jpg","contentUrl":"https:\/\/glassouse.com\/wp-content\/uploads\/2020\/09\/002.jpg","width":1000,"height":1000,"caption":"GlassOuse Engelliler i\u00e7in Yard\u0131mc\u0131 Cihaz"},{"@type":"BreadcrumbList","@id":"https:\/\/glassouse.com\/tr\/product\/glassouse-v1-3\/#breadcrumb","itemListElement":[{"@type":"ListItem","position":1,"name":"Home","item":"https:\/\/glassouse.com\/tr\/ev\/"},{"@type":"ListItem","position":2,"name":"Ma\u011faza","item":"https:\/\/glassouse.com\/tr\/magaza\/"},{"@type":"ListItem","position":3,"name":"Private: GlassOuse V1.3"}]},{"@type":"WebSite","@id":"https:\/\/glassouse.com\/tr\/#website","url":"https:\/\/glassouse.com\/tr\/","name":"Glassouse Assistive Device","description":"Assistive Device and Switches for Disabled","publisher":{"@id":"https:\/\/glassouse.com\/tr\/#organization"},"potentialAction":[{"@type":"SearchAction","target":{"@type":"EntryPoint","urlTemplate":"https:\/\/glassouse.com\/tr\/?s={search_term_string}"},"query-input":{"@type":"PropertyValueSpecification","valueRequired":true,"valueName":"search_term_string"}}],"inLanguage":"tr"},{"@type":"Organization","@id":"https:\/\/glassouse.com\/tr\/#organization","name":"GlassOuse Assistive Device","url":"https:\/\/glassouse.com\/tr\/","logo":{"@type":"ImageObject","inLanguage":"tr","@id":"https:\/\/glassouse.com\/tr\/#\/schema\/logo\/image\/","url":"https:\/\/glassouse.com\/wp-content\/uploads\/2017\/11\/logo.jpg","contentUrl":"https:\/\/glassouse.com\/wp-content\/uploads\/2017\/11\/logo.jpg","width":500,"height":500,"caption":"GlassOuse Assistive Device"},"image":{"@id":"https:\/\/glassouse.com\/tr\/#\/schema\/logo\/image\/"},"sameAs":["https:\/\/www.facebook.com\/glassouse\/","https:\/\/x.com\/glassouse","https:\/\/www.instagram.com\/glassouseassistivedevice\/","https:\/\/www.linkedin.com\/company\/glassouse\/","https:\/\/www.youtube.com\/channel\/UCM5pebcmVXbu00QYd91_Gyw"]}]}},"_links":{"self":[{"href":"https:\/\/glassouse.com\/tr\/wp-json\/wp\/v2\/product\/33199","targetHints":{"allow":["GET"]}}],"collection":[{"href":"https:\/\/glassouse.com\/tr\/wp-json\/wp\/v2\/product"}],"about":[{"href":"https:\/\/glassouse.com\/tr\/wp-json\/wp\/v2\/types\/product"}],"wp:featuredmedia":[{"embeddable":true,"href":"https:\/\/glassouse.com\/tr\/wp-json\/wp\/v2\/media\/33207"}],"wp:attachment":[{"href":"https:\/\/glassouse.com\/tr\/wp-json\/wp\/v2\/media?parent=33199"}],"wp:term":[{"taxonomy":"product_brand","embeddable":true,"href":"https:\/\/glassouse.com\/tr\/wp-json\/wp\/v2\/product_brand?post=33199"},{"taxonomy":"product_cat","embeddable":true,"href":"https:\/\/glassouse.com\/tr\/wp-json\/wp\/v2\/product_cat?post=33199"},{"taxonomy":"product_tag","embeddable":true,"href":"https:\/\/glassouse.com\/tr\/wp-json\/wp\/v2\/product_tag?post=33199"}],"curies":[{"name":"wp","href":"https:\/\/api.w.org\/{rel}","templated":true}]}}