{"id":33366,"date":"2021-12-21T18:39:20","date_gmt":"2021-12-21T10:39:20","guid":{"rendered":"https:\/\/glassouse.com\/product\/gat06-disko-bob-dans-eden-kedi\/"},"modified":"2021-12-21T18:39:20","modified_gmt":"2021-12-21T10:39:20","slug":"gat06-disko-bob-dans-eden-kedi","status":"publish","type":"product","link":"https:\/\/glassouse.com\/tr\/product\/gat06-disko-bob-dans-eden-kedi\/","title":{"rendered":"GAT06 Disko Bob &#8211; Dans Eden Kedi"},"content":{"rendered":"","protected":false},"excerpt":{"rendered":"<h4>Disko Bob &#8211; Dans Eden Kedi &#8211; GAT06<\/h4>\n<p>1x 3,5 mm jak konekt\u00f6rl\u00fc Jazzy Dancer Oyuncak<br \/>\n1x Kullan\u0131m K\u0131lavuzu<\/p>\n<p><a href=\"https:\/\/glassouse.com\/tr\/para-iade-garantisi\/\"><img decoding=\"async\" class=\"alignnone wp-image-1817\" src=\"https:\/\/glassouse.com\/wp-content\/uploads\/2017\/11\/15_Day_Money_Back_47882ccb-f31c-4b58-ab77-9b78929009ef_grande.png\" alt=\"\" width=\"95\" height=\"95\" srcset=\"https:\/\/glassouse.com\/wp-content\/uploads\/2017\/11\/15_Day_Money_Back_47882ccb-f31c-4b58-ab77-9b78929009ef_grande.png 150w, https:\/\/glassouse.com\/wp-content\/uploads\/2017\/11\/15_Day_Money_Back_47882ccb-f31c-4b58-ab77-9b78929009ef_grande-100x100.png 100w, https:\/\/glassouse.com\/wp-content\/uploads\/2017\/11\/15_Day_Money_Back_47882ccb-f31c-4b58-ab77-9b78929009ef_grande-75x75.png 75w\" sizes=\"(max-width: 95px) 100vw, 95px\" \/><\/a>   <img decoding=\"async\" class=\"alignnone wp-image-3424\" src=\"https:\/\/glassouse.com\/wp-content\/uploads\/2020\/08\/A4.png\" alt=\"GlassOuse Garanti\" width=\"95\" height=\"95\" srcset=\"https:\/\/glassouse.com\/wp-content\/uploads\/2020\/08\/A4.png 345w, https:\/\/glassouse.com\/wp-content\/uploads\/2020\/08\/A4-300x299.png 300w, https:\/\/glassouse.com\/wp-content\/uploads\/2020\/08\/A4-100x100.png 100w, https:\/\/glassouse.com\/wp-content\/uploads\/2020\/08\/A4-150x150.png 150w\" sizes=\"(max-width: 95px) 100vw, 95px\" \/><\/p>\n<p><strong>FONKS\u0130YON: <\/strong>Hepsi ba\u011fl\u0131 bir anahtarla kontrol edilen 18 farkl\u0131 m\u00fczik \u00e7alar ve dans eder. Sa\u011f aya\u011f\u0131ndaki d\u00fc\u011fmeye bast\u0131\u011f\u0131n\u0131zda insan konu\u015fmas\u0131n\u0131 taklit edebilir. <\/p>\n<p><strong>\u015eARTNAME:<\/strong><br \/>\n<strong>Uzunluk:<\/strong> 33cm<br \/>\n<strong>Malzeme:<\/strong> S\u00fcper Yumu\u015fak Pelu\u015f<br \/>\n<strong>Dolgu:<\/strong> \u00c7evre a\u00e7\u0131s\u0131ndan g\u00fcvenli 3D PP pamuk<br \/>\n<strong>G\u00fc\u00e7:<\/strong> 3x AA Pil<\/p>\n<p><strong>TAL\u0130MAT:<\/strong><\/p>\n<ol>\n<li>Se\u00e7ti\u011finiz bir 3,5 mm jak adaptif anahtar\u0131n\u0131 oyunca\u011fa ba\u011flay\u0131n.<\/li>\n<li>OYNATMAK i\u00e7in d\u00fc\u011fmeye k\u0131saca bas\u0131n, oyuncak m\u00fczik \u00e7almaya ve dans etmeye ba\u015flayacakt\u0131r.<\/li>\n<li>M\u00fczi\u011fi de\u011fi\u015ftirmek i\u00e7in d\u00fc\u011fmeye tekrar bas\u0131n.<\/li>\n<li>DURDURMAK i\u00e7in d\u00fc\u011fmeye bir kez daha bas\u0131n.<\/li>\n<li>Mimik konu\u015fma modunu etkinle\u015ftirmek i\u00e7in oyunca\u011f\u0131n sa\u011f aya\u011f\u0131ndaki d\u00fc\u011fmeyi bas\u0131l\u0131 tutun. Bir ses i\u015fareti duydu\u011funuzda d\u00fc\u011fmeyi b\u0131rak\u0131n; oyuncak mimik moduna girecektir. <\/li>\n<li>  Taklit etmeyi durdurmak ve m\u00fczik ve dans moduna d\u00f6nmek i\u00e7in d\u00fc\u011fmeye tekrar bas\u0131n.<\/li>\n<\/ol>\n<p><strong><em>*Anahtarlar ayr\u0131 sat\u0131l\u0131r<\/em><\/strong><\/p>\n<p>_________________________________________________________________________________________________________<\/p>\n","protected":false},"featured_media":33383,"template":"","meta":{"_acf_changed":false},"product_brand":[],"product_cat":[432],"product_tag":[434,435,436,437],"class_list":{"0":"post-33366","1":"product","2":"type-product","3":"status-publish","4":"has-post-thumbnail","6":"product_cat-glassouse-oyuncaklari","7":"product_tag-uyarlanmis-oyuncaklari-degistir","8":"product_tag-uyarlanmis-oyuncaklar","9":"product_tag-ozel-ihtiyac-oyuncaklari","10":"product_tag-engelli-cocuk-oyuncaklari","11":"product_shipping_class-oyuncak","13":"first","14":"instock","15":"shipping-taxable","16":"purchasable","17":"product-type-simple"},"acf":[],"yoast_head":"<!-- This site is optimized with the Yoast SEO plugin v27.4 - https:\/\/yoast.com\/product\/yoast-seo-wordpress\/ -->\n<title>Switch Uyarlanm\u0131\u015f Oyuncak | GlassOuse Yard\u0131mc\u0131 Cihaz<\/title>\n<meta name=\"description\" content=\"Engelli veya \u00f6zel ihtiya\u00e7lar\u0131 olan \u00e7ocuklar i\u00e7in uyarlanm\u0131\u015f oyuncak anahtar\u0131. Uyarlanabilir bir anahtarla ba\u011flan\u0131n ve ard\u0131ndan oyuncaklar\u0131m\u0131zla e\u011flenceli yolculu\u011funuza ba\u015flay\u0131n.\" \/>\n<meta name=\"robots\" content=\"index, follow, max-snippet:-1, max-image-preview:large, max-video-preview:-1\" \/>\n<link rel=\"canonical\" href=\"https:\/\/glassouse.com\/tr\/product\/gat06-disko-bob-dans-eden-kedi\/\" \/>\n<meta property=\"og:locale\" content=\"tr_TR\" \/>\n<meta property=\"og:type\" content=\"article\" \/>\n<meta property=\"og:title\" content=\"Switch Uyarlanm\u0131\u015f Oyuncak | GlassOuse Yard\u0131mc\u0131 Cihaz\" \/>\n<meta property=\"og:description\" content=\"Engelli veya \u00f6zel ihtiya\u00e7lar\u0131 olan \u00e7ocuklar i\u00e7in uyarlanm\u0131\u015f oyuncak anahtar\u0131. Uyarlanabilir bir anahtarla ba\u011flan\u0131n ve ard\u0131ndan oyuncaklar\u0131m\u0131zla e\u011flenceli yolculu\u011funuza ba\u015flay\u0131n.\" \/>\n<meta property=\"og:url\" content=\"https:\/\/glassouse.com\/tr\/product\/gat06-disko-bob-dans-eden-kedi\/\" \/>\n<meta property=\"og:site_name\" content=\"Glassouse Assistive Device\" \/>\n<meta property=\"article:publisher\" content=\"https:\/\/www.facebook.com\/glassouse\/\" \/>\n<meta property=\"og:image\" content=\"https:\/\/glassouse.com\/wp-content\/uploads\/2021\/12\/GAT06-Disco-Bob-\u2013-The-Dancing-Cat-3.jpg\" \/>\n\t<meta property=\"og:image:width\" content=\"1000\" \/>\n\t<meta property=\"og:image:height\" content=\"1000\" \/>\n\t<meta property=\"og:image:type\" content=\"image\/jpeg\" \/>\n<meta name=\"twitter:card\" content=\"summary_large_image\" \/>\n<meta name=\"twitter:site\" content=\"@glassouse\" \/>\n<script type=\"application\/ld+json\" class=\"yoast-schema-graph\">{\"@context\":\"https:\\\/\\\/schema.org\",\"@graph\":[{\"@type\":\"WebPage\",\"@id\":\"https:\\\/\\\/glassouse.com\\\/tr\\\/product\\\/gat06-disko-bob-dans-eden-kedi\\\/\",\"url\":\"https:\\\/\\\/glassouse.com\\\/tr\\\/product\\\/gat06-disko-bob-dans-eden-kedi\\\/\",\"name\":\"Switch Uyarlanm\u0131\u015f Oyuncak | GlassOuse Yard\u0131mc\u0131 Cihaz\",\"isPartOf\":{\"@id\":\"https:\\\/\\\/glassouse.com\\\/tr\\\/#website\"},\"primaryImageOfPage\":{\"@id\":\"https:\\\/\\\/glassouse.com\\\/tr\\\/product\\\/gat06-disko-bob-dans-eden-kedi\\\/#primaryimage\"},\"image\":{\"@id\":\"https:\\\/\\\/glassouse.com\\\/tr\\\/product\\\/gat06-disko-bob-dans-eden-kedi\\\/#primaryimage\"},\"thumbnailUrl\":\"https:\\\/\\\/glassouse.com\\\/wp-content\\\/uploads\\\/2021\\\/12\\\/GAT06-Disco-Bob-\u2013-The-Dancing-Cat-3.jpg\",\"datePublished\":\"2021-12-21T10:39:20+00:00\",\"description\":\"Engelli veya \u00f6zel ihtiya\u00e7lar\u0131 olan \u00e7ocuklar i\u00e7in uyarlanm\u0131\u015f oyuncak anahtar\u0131. Uyarlanabilir bir anahtarla ba\u011flan\u0131n ve ard\u0131ndan oyuncaklar\u0131m\u0131zla e\u011flenceli yolculu\u011funuza ba\u015flay\u0131n.\",\"breadcrumb\":{\"@id\":\"https:\\\/\\\/glassouse.com\\\/tr\\\/product\\\/gat06-disko-bob-dans-eden-kedi\\\/#breadcrumb\"},\"inLanguage\":\"tr\",\"potentialAction\":[{\"@type\":\"ReadAction\",\"target\":[\"https:\\\/\\\/glassouse.com\\\/tr\\\/product\\\/gat06-disko-bob-dans-eden-kedi\\\/\"]}]},{\"@type\":\"ImageObject\",\"inLanguage\":\"tr\",\"@id\":\"https:\\\/\\\/glassouse.com\\\/tr\\\/product\\\/gat06-disko-bob-dans-eden-kedi\\\/#primaryimage\",\"url\":\"https:\\\/\\\/glassouse.com\\\/wp-content\\\/uploads\\\/2021\\\/12\\\/GAT06-Disco-Bob-\u2013-The-Dancing-Cat-3.jpg\",\"contentUrl\":\"https:\\\/\\\/glassouse.com\\\/wp-content\\\/uploads\\\/2021\\\/12\\\/GAT06-Disco-Bob-\u2013-The-Dancing-Cat-3.jpg\",\"width\":1000,\"height\":1000,\"caption\":\"GAT06 Disco Bob - The Dancing Cat, GlassOuse switch \u00f6zel gereksinimli \u00e7ocuklar i\u00e7in uyarlanm\u0131\u015f oyuncaklar\"},{\"@type\":\"BreadcrumbList\",\"@id\":\"https:\\\/\\\/glassouse.com\\\/tr\\\/product\\\/gat06-disko-bob-dans-eden-kedi\\\/#breadcrumb\",\"itemListElement\":[{\"@type\":\"ListItem\",\"position\":1,\"name\":\"Home\",\"item\":\"https:\\\/\\\/glassouse.com\\\/tr\\\/ev\\\/\"},{\"@type\":\"ListItem\",\"position\":2,\"name\":\"Ma\u011faza\",\"item\":\"https:\\\/\\\/glassouse.com\\\/tr\\\/magaza\\\/\"},{\"@type\":\"ListItem\",\"position\":3,\"name\":\"GAT06 Disko Bob &#8211; Dans Eden Kedi\"}]},{\"@type\":\"WebSite\",\"@id\":\"https:\\\/\\\/glassouse.com\\\/tr\\\/#website\",\"url\":\"https:\\\/\\\/glassouse.com\\\/tr\\\/\",\"name\":\"Glassouse Assistive Device\",\"description\":\"Assistive Device and Switches for Disabled\",\"publisher\":{\"@id\":\"https:\\\/\\\/glassouse.com\\\/tr\\\/#organization\"},\"potentialAction\":[{\"@type\":\"SearchAction\",\"target\":{\"@type\":\"EntryPoint\",\"urlTemplate\":\"https:\\\/\\\/glassouse.com\\\/tr\\\/?s={search_term_string}\"},\"query-input\":{\"@type\":\"PropertyValueSpecification\",\"valueRequired\":true,\"valueName\":\"search_term_string\"}}],\"inLanguage\":\"tr\"},{\"@type\":\"Organization\",\"@id\":\"https:\\\/\\\/glassouse.com\\\/tr\\\/#organization\",\"name\":\"GlassOuse Assistive Device\",\"url\":\"https:\\\/\\\/glassouse.com\\\/tr\\\/\",\"logo\":{\"@type\":\"ImageObject\",\"inLanguage\":\"tr\",\"@id\":\"https:\\\/\\\/glassouse.com\\\/tr\\\/#\\\/schema\\\/logo\\\/image\\\/\",\"url\":\"https:\\\/\\\/glassouse.com\\\/wp-content\\\/uploads\\\/2017\\\/11\\\/logo.jpg\",\"contentUrl\":\"https:\\\/\\\/glassouse.com\\\/wp-content\\\/uploads\\\/2017\\\/11\\\/logo.jpg\",\"width\":500,\"height\":500,\"caption\":\"GlassOuse Assistive Device\"},\"image\":{\"@id\":\"https:\\\/\\\/glassouse.com\\\/tr\\\/#\\\/schema\\\/logo\\\/image\\\/\"},\"sameAs\":[\"https:\\\/\\\/www.facebook.com\\\/glassouse\\\/\",\"https:\\\/\\\/x.com\\\/glassouse\",\"https:\\\/\\\/www.instagram.com\\\/glassouseassistivedevice\\\/\",\"https:\\\/\\\/www.linkedin.com\\\/company\\\/glassouse\\\/\",\"https:\\\/\\\/www.youtube.com\\\/channel\\\/UCM5pebcmVXbu00QYd91_Gyw\"]}]}<\/script>\n<!-- \/ Yoast SEO plugin. -->","yoast_head_json":{"title":"Switch Uyarlanm\u0131\u015f Oyuncak | GlassOuse Yard\u0131mc\u0131 Cihaz","description":"Engelli veya \u00f6zel ihtiya\u00e7lar\u0131 olan \u00e7ocuklar i\u00e7in uyarlanm\u0131\u015f oyuncak anahtar\u0131. Uyarlanabilir bir anahtarla ba\u011flan\u0131n ve ard\u0131ndan oyuncaklar\u0131m\u0131zla e\u011flenceli yolculu\u011funuza ba\u015flay\u0131n.","robots":{"index":"index","follow":"follow","max-snippet":"max-snippet:-1","max-image-preview":"max-image-preview:large","max-video-preview":"max-video-preview:-1"},"canonical":"https:\/\/glassouse.com\/tr\/product\/gat06-disko-bob-dans-eden-kedi\/","og_locale":"tr_TR","og_type":"article","og_title":"Switch Uyarlanm\u0131\u015f Oyuncak | GlassOuse Yard\u0131mc\u0131 Cihaz","og_description":"Engelli veya \u00f6zel ihtiya\u00e7lar\u0131 olan \u00e7ocuklar i\u00e7in uyarlanm\u0131\u015f oyuncak anahtar\u0131. Uyarlanabilir bir anahtarla ba\u011flan\u0131n ve ard\u0131ndan oyuncaklar\u0131m\u0131zla e\u011flenceli yolculu\u011funuza ba\u015flay\u0131n.","og_url":"https:\/\/glassouse.com\/tr\/product\/gat06-disko-bob-dans-eden-kedi\/","og_site_name":"Glassouse Assistive Device","article_publisher":"https:\/\/www.facebook.com\/glassouse\/","og_image":[{"width":1000,"height":1000,"url":"https:\/\/glassouse.com\/wp-content\/uploads\/2021\/12\/GAT06-Disco-Bob-\u2013-The-Dancing-Cat-3.jpg","type":"image\/jpeg"}],"twitter_card":"summary_large_image","twitter_site":"@glassouse","schema":{"@context":"https:\/\/schema.org","@graph":[{"@type":"WebPage","@id":"https:\/\/glassouse.com\/tr\/product\/gat06-disko-bob-dans-eden-kedi\/","url":"https:\/\/glassouse.com\/tr\/product\/gat06-disko-bob-dans-eden-kedi\/","name":"Switch Uyarlanm\u0131\u015f Oyuncak | GlassOuse Yard\u0131mc\u0131 Cihaz","isPartOf":{"@id":"https:\/\/glassouse.com\/tr\/#website"},"primaryImageOfPage":{"@id":"https:\/\/glassouse.com\/tr\/product\/gat06-disko-bob-dans-eden-kedi\/#primaryimage"},"image":{"@id":"https:\/\/glassouse.com\/tr\/product\/gat06-disko-bob-dans-eden-kedi\/#primaryimage"},"thumbnailUrl":"https:\/\/glassouse.com\/wp-content\/uploads\/2021\/12\/GAT06-Disco-Bob-\u2013-The-Dancing-Cat-3.jpg","datePublished":"2021-12-21T10:39:20+00:00","description":"Engelli veya \u00f6zel ihtiya\u00e7lar\u0131 olan \u00e7ocuklar i\u00e7in uyarlanm\u0131\u015f oyuncak anahtar\u0131. Uyarlanabilir bir anahtarla ba\u011flan\u0131n ve ard\u0131ndan oyuncaklar\u0131m\u0131zla e\u011flenceli yolculu\u011funuza ba\u015flay\u0131n.","breadcrumb":{"@id":"https:\/\/glassouse.com\/tr\/product\/gat06-disko-bob-dans-eden-kedi\/#breadcrumb"},"inLanguage":"tr","potentialAction":[{"@type":"ReadAction","target":["https:\/\/glassouse.com\/tr\/product\/gat06-disko-bob-dans-eden-kedi\/"]}]},{"@type":"ImageObject","inLanguage":"tr","@id":"https:\/\/glassouse.com\/tr\/product\/gat06-disko-bob-dans-eden-kedi\/#primaryimage","url":"https:\/\/glassouse.com\/wp-content\/uploads\/2021\/12\/GAT06-Disco-Bob-\u2013-The-Dancing-Cat-3.jpg","contentUrl":"https:\/\/glassouse.com\/wp-content\/uploads\/2021\/12\/GAT06-Disco-Bob-\u2013-The-Dancing-Cat-3.jpg","width":1000,"height":1000,"caption":"GAT06 Disco Bob - The Dancing Cat, GlassOuse switch \u00f6zel gereksinimli \u00e7ocuklar i\u00e7in uyarlanm\u0131\u015f oyuncaklar"},{"@type":"BreadcrumbList","@id":"https:\/\/glassouse.com\/tr\/product\/gat06-disko-bob-dans-eden-kedi\/#breadcrumb","itemListElement":[{"@type":"ListItem","position":1,"name":"Home","item":"https:\/\/glassouse.com\/tr\/ev\/"},{"@type":"ListItem","position":2,"name":"Ma\u011faza","item":"https:\/\/glassouse.com\/tr\/magaza\/"},{"@type":"ListItem","position":3,"name":"GAT06 Disko Bob &#8211; Dans Eden Kedi"}]},{"@type":"WebSite","@id":"https:\/\/glassouse.com\/tr\/#website","url":"https:\/\/glassouse.com\/tr\/","name":"Glassouse Assistive Device","description":"Assistive Device and Switches for Disabled","publisher":{"@id":"https:\/\/glassouse.com\/tr\/#organization"},"potentialAction":[{"@type":"SearchAction","target":{"@type":"EntryPoint","urlTemplate":"https:\/\/glassouse.com\/tr\/?s={search_term_string}"},"query-input":{"@type":"PropertyValueSpecification","valueRequired":true,"valueName":"search_term_string"}}],"inLanguage":"tr"},{"@type":"Organization","@id":"https:\/\/glassouse.com\/tr\/#organization","name":"GlassOuse Assistive Device","url":"https:\/\/glassouse.com\/tr\/","logo":{"@type":"ImageObject","inLanguage":"tr","@id":"https:\/\/glassouse.com\/tr\/#\/schema\/logo\/image\/","url":"https:\/\/glassouse.com\/wp-content\/uploads\/2017\/11\/logo.jpg","contentUrl":"https:\/\/glassouse.com\/wp-content\/uploads\/2017\/11\/logo.jpg","width":500,"height":500,"caption":"GlassOuse Assistive Device"},"image":{"@id":"https:\/\/glassouse.com\/tr\/#\/schema\/logo\/image\/"},"sameAs":["https:\/\/www.facebook.com\/glassouse\/","https:\/\/x.com\/glassouse","https:\/\/www.instagram.com\/glassouseassistivedevice\/","https:\/\/www.linkedin.com\/company\/glassouse\/","https:\/\/www.youtube.com\/channel\/UCM5pebcmVXbu00QYd91_Gyw"]}]}},"_links":{"self":[{"href":"https:\/\/glassouse.com\/tr\/wp-json\/wp\/v2\/product\/33366","targetHints":{"allow":["GET"]}}],"collection":[{"href":"https:\/\/glassouse.com\/tr\/wp-json\/wp\/v2\/product"}],"about":[{"href":"https:\/\/glassouse.com\/tr\/wp-json\/wp\/v2\/types\/product"}],"wp:featuredmedia":[{"embeddable":true,"href":"https:\/\/glassouse.com\/tr\/wp-json\/wp\/v2\/media\/33383"}],"wp:attachment":[{"href":"https:\/\/glassouse.com\/tr\/wp-json\/wp\/v2\/media?parent=33366"}],"wp:term":[{"taxonomy":"product_brand","embeddable":true,"href":"https:\/\/glassouse.com\/tr\/wp-json\/wp\/v2\/product_brand?post=33366"},{"taxonomy":"product_cat","embeddable":true,"href":"https:\/\/glassouse.com\/tr\/wp-json\/wp\/v2\/product_cat?post=33366"},{"taxonomy":"product_tag","embeddable":true,"href":"https:\/\/glassouse.com\/tr\/wp-json\/wp\/v2\/product_tag?post=33366"}],"curies":[{"name":"wp","href":"https:\/\/api.w.org\/{rel}","templated":true}]}}