{"id":33531,"date":"2022-06-29T03:36:13","date_gmt":"2022-06-28T19:36:13","guid":{"rendered":"https:\/\/glassouse.com\/product\/gw06-g-strap-buyuk\/"},"modified":"2022-06-29T03:36:13","modified_gmt":"2022-06-28T19:36:13","slug":"gw06-g-strap-buyuk","status":"publish","type":"product","link":"https:\/\/glassouse.com\/tr\/product\/gw06-g-strap-buyuk\/","title":{"rendered":"GW06 G-Strap B\u00fcy\u00fck"},"content":{"rendered":"<h3><strong>\u00dcr\u00fcne Genel Bak\u0131\u015f<\/strong><\/h3>\n<p>Yumu\u015fak ve dokunmas\u0131 rahat elastikten yap\u0131lm\u0131\u015f kal\u0131n, gerilebilir bir bant. GlassOuse&#8217;u tokas\u0131na tutturun ve kullanmaya haz\u0131rs\u0131n\u0131z. GlassOuse&#8217;u ellerinize veya kal\u00e7alar\u0131n\u0131za tak\u0131l\u0131 olarak kullanmak istiyorsan\u0131z iyidir.  <\/p>\n<p>GlassOuse&#8217;u yata\u011f\u0131n\u0131zdan kullanmay\u0131 tercih ederseniz, bu onu sa\u011flam ve v\u00fccudunuza ba\u011fl\u0131 tutman\u0131za yard\u0131mc\u0131 olacakt\u0131r. Uzunlu\u011fu ayarlanabilir. <\/p>\n<h3><strong>Nas\u0131l Kullan\u0131l\u0131r<\/strong><\/h3>\n<ol>\n<li>GlassOuse&#8217;u sa\u011flam ve sabit olana kadar tokan\u0131n i\u00e7ine kayd\u0131rarak G-Strap&#8217;e monte edin.<\/li>\n<li>G-Strap&#8217;i ba\u015f\u0131n\u0131z\u0131n, kolunuzun, baca\u011f\u0131n\u0131z\u0131n veya GlassOuse&#8217;u kontrol etmek istedi\u011finiz v\u00fccudunuzun di\u011fer k\u0131s\u0131mlar\u0131n\u0131n \u00fczerine tak\u0131n. Uzunlu\u011funu buna g\u00f6re art\u0131rabilir veya azaltabilirsiniz. <\/li>\n<li>GlassOuse&#8217;u \u00e7\u0131karmak i\u00e7in toka \u00fczerindeki \u00e7\u0131karma mandal\u0131n\u0131 itin ve GlassOuse&#8217;u d\u0131\u015far\u0131 \u00e7ekin.<\/li>\n<\/ol>\n","protected":false},"excerpt":{"rendered":"<p>\u00dcr\u00fcne Genel Bak\u0131\u015f Yumu\u015fak ve dokunmas\u0131 rahat elastikten yap\u0131lm\u0131\u015f kal\u0131n, gerilebilir bir bant. GlassOuse&#8217;u tokas\u0131na tutturun ve kullanmaya haz\u0131rs\u0131n\u0131z. GlassOuse&#8217;u [&hellip;]<\/p>\n","protected":false},"featured_media":33536,"template":"","meta":{"_acf_changed":false},"product_brand":[],"product_cat":[444],"product_tag":[],"class_list":{"0":"post-33531","1":"product","2":"type-product","3":"status-publish","4":"has-post-thumbnail","6":"product_cat-glassouse-g-wear","8":"first","9":"instock","10":"shipping-taxable","11":"purchasable","12":"product-type-simple"},"acf":[],"yoast_head":"<!-- This site is optimized with the Yoast SEO plugin v27.4 - https:\/\/yoast.com\/product\/yoast-seo-wordpress\/ -->\n<title>GW06 G-Strap B\u00fcy\u00fck - Glassouse Assistive Device<\/title>\n<meta name=\"robots\" content=\"index, follow, max-snippet:-1, max-image-preview:large, max-video-preview:-1\" \/>\n<link rel=\"canonical\" href=\"https:\/\/glassouse.com\/tr\/product\/gw06-g-strap-buyuk\/\" \/>\n<meta property=\"og:locale\" content=\"tr_TR\" \/>\n<meta property=\"og:type\" content=\"article\" \/>\n<meta property=\"og:title\" content=\"GW06 G-Strap B\u00fcy\u00fck - Glassouse Assistive Device\" \/>\n<meta property=\"og:description\" content=\"\u00dcr\u00fcne Genel Bak\u0131\u015f Yumu\u015fak ve dokunmas\u0131 rahat elastikten yap\u0131lm\u0131\u015f kal\u0131n, gerilebilir bir bant. GlassOuse&#8217;u tokas\u0131na tutturun ve kullanmaya haz\u0131rs\u0131n\u0131z. GlassOuse&#8217;u [&hellip;]\" \/>\n<meta property=\"og:url\" content=\"https:\/\/glassouse.com\/tr\/product\/gw06-g-strap-buyuk\/\" \/>\n<meta property=\"og:site_name\" content=\"Glassouse Assistive Device\" \/>\n<meta property=\"article:publisher\" content=\"https:\/\/www.facebook.com\/glassouse\/\" \/>\n<meta property=\"og:image\" content=\"https:\/\/glassouse.com\/wp-content\/uploads\/2022\/06\/GW06-G-Strap-Big-7.jpg\" \/>\n\t<meta property=\"og:image:width\" content=\"1000\" \/>\n\t<meta property=\"og:image:height\" content=\"1000\" \/>\n\t<meta property=\"og:image:type\" content=\"image\/jpeg\" \/>\n<meta name=\"twitter:card\" content=\"summary_large_image\" \/>\n<meta name=\"twitter:site\" content=\"@glassouse\" \/>\n<meta name=\"twitter:label1\" content=\"Tahmini okuma s\u00fcresi\" \/>\n\t<meta name=\"twitter:data1\" content=\"1 dakika\" \/>\n<script type=\"application\/ld+json\" class=\"yoast-schema-graph\">{\"@context\":\"https:\\\/\\\/schema.org\",\"@graph\":[{\"@type\":\"WebPage\",\"@id\":\"https:\\\/\\\/glassouse.com\\\/tr\\\/product\\\/gw06-g-strap-buyuk\\\/\",\"url\":\"https:\\\/\\\/glassouse.com\\\/tr\\\/product\\\/gw06-g-strap-buyuk\\\/\",\"name\":\"GW06 G-Strap B\u00fcy\u00fck - Glassouse Assistive Device\",\"isPartOf\":{\"@id\":\"https:\\\/\\\/glassouse.com\\\/tr\\\/#website\"},\"primaryImageOfPage\":{\"@id\":\"https:\\\/\\\/glassouse.com\\\/tr\\\/product\\\/gw06-g-strap-buyuk\\\/#primaryimage\"},\"image\":{\"@id\":\"https:\\\/\\\/glassouse.com\\\/tr\\\/product\\\/gw06-g-strap-buyuk\\\/#primaryimage\"},\"thumbnailUrl\":\"https:\\\/\\\/glassouse.com\\\/wp-content\\\/uploads\\\/2022\\\/06\\\/GW06-G-Strap-Big-7.jpg\",\"datePublished\":\"2022-06-28T19:36:13+00:00\",\"breadcrumb\":{\"@id\":\"https:\\\/\\\/glassouse.com\\\/tr\\\/product\\\/gw06-g-strap-buyuk\\\/#breadcrumb\"},\"inLanguage\":\"tr\",\"potentialAction\":[{\"@type\":\"ReadAction\",\"target\":[\"https:\\\/\\\/glassouse.com\\\/tr\\\/product\\\/gw06-g-strap-buyuk\\\/\"]}]},{\"@type\":\"ImageObject\",\"inLanguage\":\"tr\",\"@id\":\"https:\\\/\\\/glassouse.com\\\/tr\\\/product\\\/gw06-g-strap-buyuk\\\/#primaryimage\",\"url\":\"https:\\\/\\\/glassouse.com\\\/wp-content\\\/uploads\\\/2022\\\/06\\\/GW06-G-Strap-Big-7.jpg\",\"contentUrl\":\"https:\\\/\\\/glassouse.com\\\/wp-content\\\/uploads\\\/2022\\\/06\\\/GW06-G-Strap-Big-7.jpg\",\"width\":1000,\"height\":1000,\"caption\":\"G-Strap\"},{\"@type\":\"BreadcrumbList\",\"@id\":\"https:\\\/\\\/glassouse.com\\\/tr\\\/product\\\/gw06-g-strap-buyuk\\\/#breadcrumb\",\"itemListElement\":[{\"@type\":\"ListItem\",\"position\":1,\"name\":\"Home\",\"item\":\"https:\\\/\\\/glassouse.com\\\/tr\\\/ev\\\/\"},{\"@type\":\"ListItem\",\"position\":2,\"name\":\"Ma\u011faza\",\"item\":\"https:\\\/\\\/glassouse.com\\\/tr\\\/magaza\\\/\"},{\"@type\":\"ListItem\",\"position\":3,\"name\":\"GW06 G-Strap B\u00fcy\u00fck\"}]},{\"@type\":\"WebSite\",\"@id\":\"https:\\\/\\\/glassouse.com\\\/tr\\\/#website\",\"url\":\"https:\\\/\\\/glassouse.com\\\/tr\\\/\",\"name\":\"Glassouse Assistive Device\",\"description\":\"Assistive Device and Switches for Disabled\",\"publisher\":{\"@id\":\"https:\\\/\\\/glassouse.com\\\/tr\\\/#organization\"},\"potentialAction\":[{\"@type\":\"SearchAction\",\"target\":{\"@type\":\"EntryPoint\",\"urlTemplate\":\"https:\\\/\\\/glassouse.com\\\/tr\\\/?s={search_term_string}\"},\"query-input\":{\"@type\":\"PropertyValueSpecification\",\"valueRequired\":true,\"valueName\":\"search_term_string\"}}],\"inLanguage\":\"tr\"},{\"@type\":\"Organization\",\"@id\":\"https:\\\/\\\/glassouse.com\\\/tr\\\/#organization\",\"name\":\"GlassOuse Assistive Device\",\"url\":\"https:\\\/\\\/glassouse.com\\\/tr\\\/\",\"logo\":{\"@type\":\"ImageObject\",\"inLanguage\":\"tr\",\"@id\":\"https:\\\/\\\/glassouse.com\\\/tr\\\/#\\\/schema\\\/logo\\\/image\\\/\",\"url\":\"https:\\\/\\\/glassouse.com\\\/wp-content\\\/uploads\\\/2017\\\/11\\\/logo.jpg\",\"contentUrl\":\"https:\\\/\\\/glassouse.com\\\/wp-content\\\/uploads\\\/2017\\\/11\\\/logo.jpg\",\"width\":500,\"height\":500,\"caption\":\"GlassOuse Assistive Device\"},\"image\":{\"@id\":\"https:\\\/\\\/glassouse.com\\\/tr\\\/#\\\/schema\\\/logo\\\/image\\\/\"},\"sameAs\":[\"https:\\\/\\\/www.facebook.com\\\/glassouse\\\/\",\"https:\\\/\\\/x.com\\\/glassouse\",\"https:\\\/\\\/www.instagram.com\\\/glassouseassistivedevice\\\/\",\"https:\\\/\\\/www.linkedin.com\\\/company\\\/glassouse\\\/\",\"https:\\\/\\\/www.youtube.com\\\/channel\\\/UCM5pebcmVXbu00QYd91_Gyw\"]}]}<\/script>\n<!-- \/ Yoast SEO plugin. -->","yoast_head_json":{"title":"GW06 G-Strap B\u00fcy\u00fck - Glassouse Assistive Device","robots":{"index":"index","follow":"follow","max-snippet":"max-snippet:-1","max-image-preview":"max-image-preview:large","max-video-preview":"max-video-preview:-1"},"canonical":"https:\/\/glassouse.com\/tr\/product\/gw06-g-strap-buyuk\/","og_locale":"tr_TR","og_type":"article","og_title":"GW06 G-Strap B\u00fcy\u00fck - Glassouse Assistive Device","og_description":"\u00dcr\u00fcne Genel Bak\u0131\u015f Yumu\u015fak ve dokunmas\u0131 rahat elastikten yap\u0131lm\u0131\u015f kal\u0131n, gerilebilir bir bant. GlassOuse&#8217;u tokas\u0131na tutturun ve kullanmaya haz\u0131rs\u0131n\u0131z. GlassOuse&#8217;u [&hellip;]","og_url":"https:\/\/glassouse.com\/tr\/product\/gw06-g-strap-buyuk\/","og_site_name":"Glassouse Assistive Device","article_publisher":"https:\/\/www.facebook.com\/glassouse\/","og_image":[{"width":1000,"height":1000,"url":"https:\/\/glassouse.com\/wp-content\/uploads\/2022\/06\/GW06-G-Strap-Big-7.jpg","type":"image\/jpeg"}],"twitter_card":"summary_large_image","twitter_site":"@glassouse","twitter_misc":{"Tahmini okuma s\u00fcresi":"1 dakika"},"schema":{"@context":"https:\/\/schema.org","@graph":[{"@type":"WebPage","@id":"https:\/\/glassouse.com\/tr\/product\/gw06-g-strap-buyuk\/","url":"https:\/\/glassouse.com\/tr\/product\/gw06-g-strap-buyuk\/","name":"GW06 G-Strap B\u00fcy\u00fck - Glassouse Assistive Device","isPartOf":{"@id":"https:\/\/glassouse.com\/tr\/#website"},"primaryImageOfPage":{"@id":"https:\/\/glassouse.com\/tr\/product\/gw06-g-strap-buyuk\/#primaryimage"},"image":{"@id":"https:\/\/glassouse.com\/tr\/product\/gw06-g-strap-buyuk\/#primaryimage"},"thumbnailUrl":"https:\/\/glassouse.com\/wp-content\/uploads\/2022\/06\/GW06-G-Strap-Big-7.jpg","datePublished":"2022-06-28T19:36:13+00:00","breadcrumb":{"@id":"https:\/\/glassouse.com\/tr\/product\/gw06-g-strap-buyuk\/#breadcrumb"},"inLanguage":"tr","potentialAction":[{"@type":"ReadAction","target":["https:\/\/glassouse.com\/tr\/product\/gw06-g-strap-buyuk\/"]}]},{"@type":"ImageObject","inLanguage":"tr","@id":"https:\/\/glassouse.com\/tr\/product\/gw06-g-strap-buyuk\/#primaryimage","url":"https:\/\/glassouse.com\/wp-content\/uploads\/2022\/06\/GW06-G-Strap-Big-7.jpg","contentUrl":"https:\/\/glassouse.com\/wp-content\/uploads\/2022\/06\/GW06-G-Strap-Big-7.jpg","width":1000,"height":1000,"caption":"G-Strap"},{"@type":"BreadcrumbList","@id":"https:\/\/glassouse.com\/tr\/product\/gw06-g-strap-buyuk\/#breadcrumb","itemListElement":[{"@type":"ListItem","position":1,"name":"Home","item":"https:\/\/glassouse.com\/tr\/ev\/"},{"@type":"ListItem","position":2,"name":"Ma\u011faza","item":"https:\/\/glassouse.com\/tr\/magaza\/"},{"@type":"ListItem","position":3,"name":"GW06 G-Strap B\u00fcy\u00fck"}]},{"@type":"WebSite","@id":"https:\/\/glassouse.com\/tr\/#website","url":"https:\/\/glassouse.com\/tr\/","name":"Glassouse Assistive Device","description":"Assistive Device and Switches for Disabled","publisher":{"@id":"https:\/\/glassouse.com\/tr\/#organization"},"potentialAction":[{"@type":"SearchAction","target":{"@type":"EntryPoint","urlTemplate":"https:\/\/glassouse.com\/tr\/?s={search_term_string}"},"query-input":{"@type":"PropertyValueSpecification","valueRequired":true,"valueName":"search_term_string"}}],"inLanguage":"tr"},{"@type":"Organization","@id":"https:\/\/glassouse.com\/tr\/#organization","name":"GlassOuse Assistive Device","url":"https:\/\/glassouse.com\/tr\/","logo":{"@type":"ImageObject","inLanguage":"tr","@id":"https:\/\/glassouse.com\/tr\/#\/schema\/logo\/image\/","url":"https:\/\/glassouse.com\/wp-content\/uploads\/2017\/11\/logo.jpg","contentUrl":"https:\/\/glassouse.com\/wp-content\/uploads\/2017\/11\/logo.jpg","width":500,"height":500,"caption":"GlassOuse Assistive Device"},"image":{"@id":"https:\/\/glassouse.com\/tr\/#\/schema\/logo\/image\/"},"sameAs":["https:\/\/www.facebook.com\/glassouse\/","https:\/\/x.com\/glassouse","https:\/\/www.instagram.com\/glassouseassistivedevice\/","https:\/\/www.linkedin.com\/company\/glassouse\/","https:\/\/www.youtube.com\/channel\/UCM5pebcmVXbu00QYd91_Gyw"]}]}},"_links":{"self":[{"href":"https:\/\/glassouse.com\/tr\/wp-json\/wp\/v2\/product\/33531","targetHints":{"allow":["GET"]}}],"collection":[{"href":"https:\/\/glassouse.com\/tr\/wp-json\/wp\/v2\/product"}],"about":[{"href":"https:\/\/glassouse.com\/tr\/wp-json\/wp\/v2\/types\/product"}],"wp:featuredmedia":[{"embeddable":true,"href":"https:\/\/glassouse.com\/tr\/wp-json\/wp\/v2\/media\/33536"}],"wp:attachment":[{"href":"https:\/\/glassouse.com\/tr\/wp-json\/wp\/v2\/media?parent=33531"}],"wp:term":[{"taxonomy":"product_brand","embeddable":true,"href":"https:\/\/glassouse.com\/tr\/wp-json\/wp\/v2\/product_brand?post=33531"},{"taxonomy":"product_cat","embeddable":true,"href":"https:\/\/glassouse.com\/tr\/wp-json\/wp\/v2\/product_cat?post=33531"},{"taxonomy":"product_tag","embeddable":true,"href":"https:\/\/glassouse.com\/tr\/wp-json\/wp\/v2\/product_tag?post=33531"}],"curies":[{"name":"wp","href":"https:\/\/api.w.org\/{rel}","templated":true}]}}