{"id":33584,"date":"2022-07-16T02:31:59","date_gmt":"2022-07-15T18:31:59","guid":{"rendered":"https:\/\/glassouse.com\/product\/ac06-35-mm-jak-y-splitter\/"},"modified":"2022-07-16T02:31:59","modified_gmt":"2022-07-15T18:31:59","slug":"ac06-35-mm-jak-y-splitter","status":"publish","type":"product","link":"https:\/\/glassouse.com\/tr\/product\/ac06-35-mm-jak-y-splitter\/","title":{"rendered":"AC06 3,5 mm Jak Y-Splitter"},"content":{"rendered":"","protected":false},"excerpt":{"rendered":"<p><strong>Desteklenir: <\/strong>GlassOuse PRO\/Link.<\/p>\n<p><strong>1X adet 3,5 mm Jak Y-Splitter<\/strong><\/p>\n<p>Kullan\u0131c\u0131n\u0131n GlassOuse PRO ve GlassOuse Link \u00fczerindeki tek bir ba\u011flant\u0131 noktas\u0131na iki yard\u0131mc\u0131 anahtar (3,5 mm jak) ba\u011flamas\u0131na olanak tan\u0131yan 3,5 mm jak ay\u0131r\u0131c\u0131. Ba\u011flanan her iki anahtar\u0131n i\u015flevleri GlassOuse APP kullan\u0131larak atanabilir veya de\u011fi\u015ftirilebilir. <\/p>\n<p><strong>NOT:<\/strong> Bu \u00fcr\u00fcn GlassOuse V1.4&#8217;\u00fc desteklemez<\/p>\n<div id=\"gtx-trans\" style=\"position: absolute; left: 218px; top: 36.3333px;\">\n<div class=\"gtx-trans-icon\"><\/div>\n<\/div>\n","protected":false},"featured_media":33609,"template":"","meta":{"_acf_changed":false},"product_brand":[],"product_cat":[451],"product_tag":[],"class_list":{"0":"post-33584","1":"product","2":"type-product","3":"status-publish","4":"has-post-thumbnail","6":"product_cat-glassouse-aksesuarlari","7":"product_shipping_class-aksesuarlar","9":"first","10":"instock","11":"shipping-taxable","12":"purchasable","13":"product-type-simple"},"acf":[],"yoast_head":"<!-- This site is optimized with the Yoast SEO plugin v27.5 - https:\/\/yoast.com\/product\/yoast-seo-wordpress\/ -->\n<title>Sat\u0131l\u0131k GlassOuse Bite Switch Silikon kapak - Engelliler i\u00e7in Tasar\u0131m<\/title>\n<meta name=\"description\" content=\"GlassOuse yard\u0131mc\u0131 cihaz \u0131s\u0131rma anahtar\u0131 i\u00e7in silikon kapak. Engelliler i\u00e7in tasarlanm\u0131\u015f, dayan\u0131kl\u0131 ve sa\u011flam malzemelerden \u00fcretilmi\u015ftir. D\u00fcnya \u00e7ap\u0131nda g\u00f6nderim.\" \/>\n<meta name=\"robots\" content=\"index, follow, max-snippet:-1, max-image-preview:large, max-video-preview:-1\" \/>\n<link rel=\"canonical\" href=\"https:\/\/glassouse.com\/tr\/product\/ac06-35-mm-jak-y-splitter\/\" \/>\n<meta property=\"og:locale\" content=\"tr_TR\" \/>\n<meta property=\"og:type\" content=\"article\" \/>\n<meta property=\"og:title\" content=\"Sat\u0131l\u0131k GlassOuse Bite Switch Silikon kapak - Engelliler i\u00e7in Tasar\u0131m\" \/>\n<meta property=\"og:description\" content=\"GlassOuse yard\u0131mc\u0131 cihaz \u0131s\u0131rma anahtar\u0131 i\u00e7in silikon kapak. Engelliler i\u00e7in tasarlanm\u0131\u015f, dayan\u0131kl\u0131 ve sa\u011flam malzemelerden \u00fcretilmi\u015ftir. D\u00fcnya \u00e7ap\u0131nda g\u00f6nderim.\" \/>\n<meta property=\"og:url\" content=\"https:\/\/glassouse.com\/tr\/product\/ac06-35-mm-jak-y-splitter\/\" \/>\n<meta property=\"og:site_name\" content=\"Glassouse Assistive Device\" \/>\n<meta property=\"article:publisher\" content=\"https:\/\/www.facebook.com\/glassouse\/\" \/>\n<meta property=\"og:image\" content=\"https:\/\/glassouse.com\/wp-content\/uploads\/2022\/07\/ac06-featured-img.png\" \/>\n\t<meta property=\"og:image:width\" content=\"1000\" \/>\n\t<meta property=\"og:image:height\" content=\"1000\" \/>\n\t<meta property=\"og:image:type\" content=\"image\/png\" \/>\n<meta name=\"twitter:card\" content=\"summary_large_image\" \/>\n<meta name=\"twitter:site\" content=\"@glassouse\" \/>\n<script type=\"application\/ld+json\" class=\"yoast-schema-graph\">{\"@context\":\"https:\\\/\\\/schema.org\",\"@graph\":[{\"@type\":\"WebPage\",\"@id\":\"https:\\\/\\\/glassouse.com\\\/tr\\\/product\\\/ac06-35-mm-jak-y-splitter\\\/\",\"url\":\"https:\\\/\\\/glassouse.com\\\/tr\\\/product\\\/ac06-35-mm-jak-y-splitter\\\/\",\"name\":\"Sat\u0131l\u0131k GlassOuse Bite Switch Silikon kapak - Engelliler i\u00e7in Tasar\u0131m\",\"isPartOf\":{\"@id\":\"https:\\\/\\\/glassouse.com\\\/tr\\\/#website\"},\"primaryImageOfPage\":{\"@id\":\"https:\\\/\\\/glassouse.com\\\/tr\\\/product\\\/ac06-35-mm-jak-y-splitter\\\/#primaryimage\"},\"image\":{\"@id\":\"https:\\\/\\\/glassouse.com\\\/tr\\\/product\\\/ac06-35-mm-jak-y-splitter\\\/#primaryimage\"},\"thumbnailUrl\":\"https:\\\/\\\/glassouse.com\\\/wp-content\\\/uploads\\\/2022\\\/07\\\/ac06-featured-img.png\",\"datePublished\":\"2022-07-15T18:31:59+00:00\",\"description\":\"GlassOuse yard\u0131mc\u0131 cihaz \u0131s\u0131rma anahtar\u0131 i\u00e7in silikon kapak. Engelliler i\u00e7in tasarlanm\u0131\u015f, dayan\u0131kl\u0131 ve sa\u011flam malzemelerden \u00fcretilmi\u015ftir. D\u00fcnya \u00e7ap\u0131nda g\u00f6nderim.\",\"breadcrumb\":{\"@id\":\"https:\\\/\\\/glassouse.com\\\/tr\\\/product\\\/ac06-35-mm-jak-y-splitter\\\/#breadcrumb\"},\"inLanguage\":\"tr\",\"potentialAction\":[{\"@type\":\"ReadAction\",\"target\":[\"https:\\\/\\\/glassouse.com\\\/tr\\\/product\\\/ac06-35-mm-jak-y-splitter\\\/\"]}]},{\"@type\":\"ImageObject\",\"inLanguage\":\"tr\",\"@id\":\"https:\\\/\\\/glassouse.com\\\/tr\\\/product\\\/ac06-35-mm-jak-y-splitter\\\/#primaryimage\",\"url\":\"https:\\\/\\\/glassouse.com\\\/wp-content\\\/uploads\\\/2022\\\/07\\\/ac06-featured-img.png\",\"contentUrl\":\"https:\\\/\\\/glassouse.com\\\/wp-content\\\/uploads\\\/2022\\\/07\\\/ac06-featured-img.png\",\"width\":1000,\"height\":1000,\"caption\":\"Ac06\"},{\"@type\":\"BreadcrumbList\",\"@id\":\"https:\\\/\\\/glassouse.com\\\/tr\\\/product\\\/ac06-35-mm-jak-y-splitter\\\/#breadcrumb\",\"itemListElement\":[{\"@type\":\"ListItem\",\"position\":1,\"name\":\"Home\",\"item\":\"https:\\\/\\\/glassouse.com\\\/tr\\\/\"},{\"@type\":\"ListItem\",\"position\":2,\"name\":\"Ma\u011faza\",\"item\":\"https:\\\/\\\/glassouse.com\\\/tr\\\/magaza\\\/\"},{\"@type\":\"ListItem\",\"position\":3,\"name\":\"AC06 3,5 mm Jak Y-Splitter\"}]},{\"@type\":\"WebSite\",\"@id\":\"https:\\\/\\\/glassouse.com\\\/tr\\\/#website\",\"url\":\"https:\\\/\\\/glassouse.com\\\/tr\\\/\",\"name\":\"Glassouse Assistive Device\",\"description\":\"Assistive Device and Switches for Disabled\",\"publisher\":{\"@id\":\"https:\\\/\\\/glassouse.com\\\/tr\\\/#organization\"},\"potentialAction\":[{\"@type\":\"SearchAction\",\"target\":{\"@type\":\"EntryPoint\",\"urlTemplate\":\"https:\\\/\\\/glassouse.com\\\/tr\\\/?s={search_term_string}\"},\"query-input\":{\"@type\":\"PropertyValueSpecification\",\"valueRequired\":true,\"valueName\":\"search_term_string\"}}],\"inLanguage\":\"tr\"},{\"@type\":\"Organization\",\"@id\":\"https:\\\/\\\/glassouse.com\\\/tr\\\/#organization\",\"name\":\"GlassOuse Assistive Device\",\"url\":\"https:\\\/\\\/glassouse.com\\\/tr\\\/\",\"logo\":{\"@type\":\"ImageObject\",\"inLanguage\":\"tr\",\"@id\":\"https:\\\/\\\/glassouse.com\\\/tr\\\/#\\\/schema\\\/logo\\\/image\\\/\",\"url\":\"https:\\\/\\\/glassouse.com\\\/wp-content\\\/uploads\\\/2017\\\/11\\\/logo.jpg\",\"contentUrl\":\"https:\\\/\\\/glassouse.com\\\/wp-content\\\/uploads\\\/2017\\\/11\\\/logo.jpg\",\"width\":500,\"height\":500,\"caption\":\"GlassOuse Assistive Device\"},\"image\":{\"@id\":\"https:\\\/\\\/glassouse.com\\\/tr\\\/#\\\/schema\\\/logo\\\/image\\\/\"},\"sameAs\":[\"https:\\\/\\\/www.facebook.com\\\/glassouse\\\/\",\"https:\\\/\\\/x.com\\\/glassouse\",\"https:\\\/\\\/www.instagram.com\\\/glassouseassistivedevice\\\/\",\"https:\\\/\\\/www.linkedin.com\\\/company\\\/glassouse\\\/\",\"https:\\\/\\\/www.youtube.com\\\/channel\\\/UCM5pebcmVXbu00QYd91_Gyw\"]}]}<\/script>\n<!-- \/ Yoast SEO plugin. -->","yoast_head_json":{"title":"Sat\u0131l\u0131k GlassOuse Bite Switch Silikon kapak - Engelliler i\u00e7in Tasar\u0131m","description":"GlassOuse yard\u0131mc\u0131 cihaz \u0131s\u0131rma anahtar\u0131 i\u00e7in silikon kapak. Engelliler i\u00e7in tasarlanm\u0131\u015f, dayan\u0131kl\u0131 ve sa\u011flam malzemelerden \u00fcretilmi\u015ftir. D\u00fcnya \u00e7ap\u0131nda g\u00f6nderim.","robots":{"index":"index","follow":"follow","max-snippet":"max-snippet:-1","max-image-preview":"max-image-preview:large","max-video-preview":"max-video-preview:-1"},"canonical":"https:\/\/glassouse.com\/tr\/product\/ac06-35-mm-jak-y-splitter\/","og_locale":"tr_TR","og_type":"article","og_title":"Sat\u0131l\u0131k GlassOuse Bite Switch Silikon kapak - Engelliler i\u00e7in Tasar\u0131m","og_description":"GlassOuse yard\u0131mc\u0131 cihaz \u0131s\u0131rma anahtar\u0131 i\u00e7in silikon kapak. Engelliler i\u00e7in tasarlanm\u0131\u015f, dayan\u0131kl\u0131 ve sa\u011flam malzemelerden \u00fcretilmi\u015ftir. D\u00fcnya \u00e7ap\u0131nda g\u00f6nderim.","og_url":"https:\/\/glassouse.com\/tr\/product\/ac06-35-mm-jak-y-splitter\/","og_site_name":"Glassouse Assistive Device","article_publisher":"https:\/\/www.facebook.com\/glassouse\/","og_image":[{"width":1000,"height":1000,"url":"https:\/\/glassouse.com\/wp-content\/uploads\/2022\/07\/ac06-featured-img.png","type":"image\/png"}],"twitter_card":"summary_large_image","twitter_site":"@glassouse","schema":{"@context":"https:\/\/schema.org","@graph":[{"@type":"WebPage","@id":"https:\/\/glassouse.com\/tr\/product\/ac06-35-mm-jak-y-splitter\/","url":"https:\/\/glassouse.com\/tr\/product\/ac06-35-mm-jak-y-splitter\/","name":"Sat\u0131l\u0131k GlassOuse Bite Switch Silikon kapak - Engelliler i\u00e7in Tasar\u0131m","isPartOf":{"@id":"https:\/\/glassouse.com\/tr\/#website"},"primaryImageOfPage":{"@id":"https:\/\/glassouse.com\/tr\/product\/ac06-35-mm-jak-y-splitter\/#primaryimage"},"image":{"@id":"https:\/\/glassouse.com\/tr\/product\/ac06-35-mm-jak-y-splitter\/#primaryimage"},"thumbnailUrl":"https:\/\/glassouse.com\/wp-content\/uploads\/2022\/07\/ac06-featured-img.png","datePublished":"2022-07-15T18:31:59+00:00","description":"GlassOuse yard\u0131mc\u0131 cihaz \u0131s\u0131rma anahtar\u0131 i\u00e7in silikon kapak. Engelliler i\u00e7in tasarlanm\u0131\u015f, dayan\u0131kl\u0131 ve sa\u011flam malzemelerden \u00fcretilmi\u015ftir. D\u00fcnya \u00e7ap\u0131nda g\u00f6nderim.","breadcrumb":{"@id":"https:\/\/glassouse.com\/tr\/product\/ac06-35-mm-jak-y-splitter\/#breadcrumb"},"inLanguage":"tr","potentialAction":[{"@type":"ReadAction","target":["https:\/\/glassouse.com\/tr\/product\/ac06-35-mm-jak-y-splitter\/"]}]},{"@type":"ImageObject","inLanguage":"tr","@id":"https:\/\/glassouse.com\/tr\/product\/ac06-35-mm-jak-y-splitter\/#primaryimage","url":"https:\/\/glassouse.com\/wp-content\/uploads\/2022\/07\/ac06-featured-img.png","contentUrl":"https:\/\/glassouse.com\/wp-content\/uploads\/2022\/07\/ac06-featured-img.png","width":1000,"height":1000,"caption":"Ac06"},{"@type":"BreadcrumbList","@id":"https:\/\/glassouse.com\/tr\/product\/ac06-35-mm-jak-y-splitter\/#breadcrumb","itemListElement":[{"@type":"ListItem","position":1,"name":"Home","item":"https:\/\/glassouse.com\/tr\/"},{"@type":"ListItem","position":2,"name":"Ma\u011faza","item":"https:\/\/glassouse.com\/tr\/magaza\/"},{"@type":"ListItem","position":3,"name":"AC06 3,5 mm Jak Y-Splitter"}]},{"@type":"WebSite","@id":"https:\/\/glassouse.com\/tr\/#website","url":"https:\/\/glassouse.com\/tr\/","name":"Glassouse Assistive Device","description":"Assistive Device and Switches for Disabled","publisher":{"@id":"https:\/\/glassouse.com\/tr\/#organization"},"potentialAction":[{"@type":"SearchAction","target":{"@type":"EntryPoint","urlTemplate":"https:\/\/glassouse.com\/tr\/?s={search_term_string}"},"query-input":{"@type":"PropertyValueSpecification","valueRequired":true,"valueName":"search_term_string"}}],"inLanguage":"tr"},{"@type":"Organization","@id":"https:\/\/glassouse.com\/tr\/#organization","name":"GlassOuse Assistive Device","url":"https:\/\/glassouse.com\/tr\/","logo":{"@type":"ImageObject","inLanguage":"tr","@id":"https:\/\/glassouse.com\/tr\/#\/schema\/logo\/image\/","url":"https:\/\/glassouse.com\/wp-content\/uploads\/2017\/11\/logo.jpg","contentUrl":"https:\/\/glassouse.com\/wp-content\/uploads\/2017\/11\/logo.jpg","width":500,"height":500,"caption":"GlassOuse Assistive Device"},"image":{"@id":"https:\/\/glassouse.com\/tr\/#\/schema\/logo\/image\/"},"sameAs":["https:\/\/www.facebook.com\/glassouse\/","https:\/\/x.com\/glassouse","https:\/\/www.instagram.com\/glassouseassistivedevice\/","https:\/\/www.linkedin.com\/company\/glassouse\/","https:\/\/www.youtube.com\/channel\/UCM5pebcmVXbu00QYd91_Gyw"]}]}},"_links":{"self":[{"href":"https:\/\/glassouse.com\/tr\/wp-json\/wp\/v2\/product\/33584","targetHints":{"allow":["GET"]}}],"collection":[{"href":"https:\/\/glassouse.com\/tr\/wp-json\/wp\/v2\/product"}],"about":[{"href":"https:\/\/glassouse.com\/tr\/wp-json\/wp\/v2\/types\/product"}],"wp:featuredmedia":[{"embeddable":true,"href":"https:\/\/glassouse.com\/tr\/wp-json\/wp\/v2\/media\/33609"}],"wp:attachment":[{"href":"https:\/\/glassouse.com\/tr\/wp-json\/wp\/v2\/media?parent=33584"}],"wp:term":[{"taxonomy":"product_brand","embeddable":true,"href":"https:\/\/glassouse.com\/tr\/wp-json\/wp\/v2\/product_brand?post=33584"},{"taxonomy":"product_cat","embeddable":true,"href":"https:\/\/glassouse.com\/tr\/wp-json\/wp\/v2\/product_cat?post=33584"},{"taxonomy":"product_tag","embeddable":true,"href":"https:\/\/glassouse.com\/tr\/wp-json\/wp\/v2\/product_tag?post=33584"}],"curies":[{"name":"wp","href":"https:\/\/api.w.org\/{rel}","templated":true}]}}