{"id":33628,"date":"2022-08-25T05:51:33","date_gmt":"2022-08-24T21:51:33","guid":{"rendered":"https:\/\/glassouse.com\/product\/glassouse-pro-paketi\/"},"modified":"2022-08-25T05:51:33","modified_gmt":"2022-08-24T21:51:33","slug":"glassouse-pro-paketi","status":"publish","type":"product","link":"https:\/\/glassouse.com\/tr\/product\/glassouse-pro-paketi\/","title":{"rendered":"GlassOuse PRO Paketi"},"content":{"rendered":"","protected":false},"excerpt":{"rendered":"<p><strong>1x<\/strong> GlassOuse PRO<\/p>\n<p><strong>1x <\/strong>G-Speech<\/p>\n<p><strong>17x<\/strong> G-Anahtarlar\u0131: GS01 Is\u0131rma Anahtar\u0131, GS02 Puf Anahtar\u0131, GS03 Parmak Anahtar\u0131, GS04 Ayak Anahtar\u0131, GS05 Bas\u0131n Anahtar\u0131 100gr(+MINI), GS06 Bas\u0131n Anahtar\u0131 150gr(+MINI), GS07 Yast\u0131k Anahtar\u0131(+MINI), GS08 Dokunma Anahtar\u0131(+MINI), GS09 Yak\u0131nl\u0131k Anahtar\u0131(+MINI), GS11 Yanak Anahtar\u0131, GS12 G\u00f6z K\u0131rpma Anahtar\u0131, GS13 Kas Anahtar\u0131.<\/p>\n<p><strong>7x<\/strong> G-Giysi: GW01 G-Framewear, GW02 G-Headband, GW03 G-Cap, GW04 G-Bere \u015eapka, GW05 G-Strap (S), GW06 G-Strap (B). GW07 Silikon G\u00f6zl\u00fck Kapa\u011f\u0131 <\/p>\n<p><strong>4x<\/strong> Aksesuarlar: AC01 Silikon Anahtar Kapa\u011f\u0131, AC02 3,5 mm Uzatma Kablosu, AC04 Yast\u0131k Anahtar Kapa\u011f\u0131, AC06 3,5 mm Jack Y-Splitter.<\/p>\n<p><strong>1x<\/strong> Telefon ve tabletler i\u00e7in G-Mount<\/p>\n<p>*\u0130lgili t\u00fcm aksesuarlar dahildir<\/p>\n<p><a href=\"https:\/\/glassouse.com\/tr\/para-iade-garantisi\/\"><img decoding=\"async\" class=\"alignnone wp-image-1817\" src=\"https:\/\/glassouse.com\/wp-content\/uploads\/2017\/11\/15_Day_Money_Back_47882ccb-f31c-4b58-ab77-9b78929009ef_grande.png\" alt=\"\" width=\"120\" height=\"120\" srcset=\"https:\/\/glassouse.com\/wp-content\/uploads\/2017\/11\/15_Day_Money_Back_47882ccb-f31c-4b58-ab77-9b78929009ef_grande.png 150w, https:\/\/glassouse.com\/wp-content\/uploads\/2017\/11\/15_Day_Money_Back_47882ccb-f31c-4b58-ab77-9b78929009ef_grande-100x100.png 100w, https:\/\/glassouse.com\/wp-content\/uploads\/2017\/11\/15_Day_Money_Back_47882ccb-f31c-4b58-ab77-9b78929009ef_grande-75x75.png 75w\" sizes=\"(max-width: 120px) 100vw, 120px\" \/><\/a> <img decoding=\"async\" class=\"alignnone wp-image-3424\" src=\"https:\/\/glassouse.com\/wp-content\/uploads\/2020\/08\/A4.png\" alt=\"GlassOuse Garanti\" width=\"120\" height=\"120\" srcset=\"https:\/\/glassouse.com\/wp-content\/uploads\/2020\/08\/A4.png 345w, https:\/\/glassouse.com\/wp-content\/uploads\/2020\/08\/A4-300x299.png 300w, https:\/\/glassouse.com\/wp-content\/uploads\/2020\/08\/A4-100x100.png 100w, https:\/\/glassouse.com\/wp-content\/uploads\/2020\/08\/A4-150x150.png 150w\" sizes=\"(max-width: 120px) 100vw, 120px\" \/><\/p>\n<p><strong>Hepsini sipari\u015f edin, maliyetten tasarruf edin!<\/strong>  GlassOuse PRO, G-Switch Serisi ve G-Wear&#8217;\u0131n t\u00fcm aksesuarlar\u0131yla birlikte eksiksiz seti. Okullar, rehabilitasyon merkezleri ve hastanelerin t\u00fcm \u00fcr\u00fcnleri k\u00fct\u00fcphanelerine eklemeleri i\u00e7in idealdir. Her \u00fcr\u00fcn kutusu, aksesuarlar\u0131 ve kullan\u0131m k\u0131lavuzlar\u0131yla birlikte gelir.  <\/p>\n","protected":false},"featured_media":33632,"template":"","meta":{"_acf_changed":false},"product_brand":[],"product_cat":[428],"product_tag":[],"class_list":{"0":"post-33628","1":"product","2":"type-product","3":"status-publish","4":"has-post-thumbnail","6":"product_cat-glassouse-paketi","7":"product_shipping_class-glassouse","9":"first","10":"instock","11":"sale","12":"shipping-taxable","13":"purchasable","14":"product-type-simple"},"acf":[],"yoast_head":"<!-- This site is optimized with the Yoast SEO plugin v27.5 - https:\/\/yoast.com\/product\/yoast-seo-wordpress\/ -->\n<title>T\u00fcm Adaptif Anahtarlar\u0131 i\u00e7eren GlassOuse PRO Paketi<\/title>\n<meta name=\"description\" content=\"GlassOuse PRO Assistive Bundle Sat\u0131n Al\u0131n - M\u00fckemmel bir yard\u0131mc\u0131 \u00e7\u00f6z\u00fcm. Okullar, hastaneler, rehabilitasyon merkezleri ve kurulu\u015flar i\u00e7in.\" \/>\n<meta name=\"robots\" content=\"index, follow, max-snippet:-1, max-image-preview:large, max-video-preview:-1\" \/>\n<link rel=\"canonical\" href=\"https:\/\/glassouse.com\/tr\/product\/glassouse-pro-paketi\/\" \/>\n<meta property=\"og:locale\" content=\"tr_TR\" \/>\n<meta property=\"og:type\" content=\"article\" \/>\n<meta property=\"og:title\" content=\"T\u00fcm Adaptif Anahtarlar\u0131 i\u00e7eren GlassOuse PRO Paketi\" \/>\n<meta property=\"og:description\" content=\"GlassOuse PRO Assistive Bundle Sat\u0131n Al\u0131n - M\u00fckemmel bir yard\u0131mc\u0131 \u00e7\u00f6z\u00fcm. Okullar, hastaneler, rehabilitasyon merkezleri ve kurulu\u015flar i\u00e7in.\" \/>\n<meta property=\"og:url\" content=\"https:\/\/glassouse.com\/tr\/product\/glassouse-pro-paketi\/\" \/>\n<meta property=\"og:site_name\" content=\"Glassouse Assistive Device\" \/>\n<meta property=\"article:publisher\" content=\"https:\/\/www.facebook.com\/glassouse\/\" \/>\n<meta property=\"og:image\" content=\"https:\/\/glassouse.com\/wp-content\/uploads\/2022\/08\/GlassOuse_PRO_Bundle.jpg\" \/>\n\t<meta property=\"og:image:width\" content=\"2560\" \/>\n\t<meta property=\"og:image:height\" content=\"2560\" \/>\n\t<meta property=\"og:image:type\" content=\"image\/jpeg\" \/>\n<meta name=\"twitter:card\" content=\"summary_large_image\" \/>\n<meta name=\"twitter:site\" content=\"@glassouse\" \/>\n<script type=\"application\/ld+json\" class=\"yoast-schema-graph\">{\"@context\":\"https:\\\/\\\/schema.org\",\"@graph\":[{\"@type\":\"WebPage\",\"@id\":\"https:\\\/\\\/glassouse.com\\\/tr\\\/product\\\/glassouse-pro-paketi\\\/\",\"url\":\"https:\\\/\\\/glassouse.com\\\/tr\\\/product\\\/glassouse-pro-paketi\\\/\",\"name\":\"T\u00fcm Adaptif Anahtarlar\u0131 i\u00e7eren GlassOuse PRO Paketi\",\"isPartOf\":{\"@id\":\"https:\\\/\\\/glassouse.com\\\/tr\\\/#website\"},\"primaryImageOfPage\":{\"@id\":\"https:\\\/\\\/glassouse.com\\\/tr\\\/product\\\/glassouse-pro-paketi\\\/#primaryimage\"},\"image\":{\"@id\":\"https:\\\/\\\/glassouse.com\\\/tr\\\/product\\\/glassouse-pro-paketi\\\/#primaryimage\"},\"thumbnailUrl\":\"https:\\\/\\\/glassouse.com\\\/wp-content\\\/uploads\\\/2022\\\/08\\\/GlassOuse_PRO_Bundle.jpg\",\"datePublished\":\"2022-08-24T21:51:33+00:00\",\"description\":\"GlassOuse PRO Assistive Bundle Sat\u0131n Al\u0131n - M\u00fckemmel bir yard\u0131mc\u0131 \u00e7\u00f6z\u00fcm. Okullar, hastaneler, rehabilitasyon merkezleri ve kurulu\u015flar i\u00e7in.\",\"breadcrumb\":{\"@id\":\"https:\\\/\\\/glassouse.com\\\/tr\\\/product\\\/glassouse-pro-paketi\\\/#breadcrumb\"},\"inLanguage\":\"tr\",\"potentialAction\":[{\"@type\":\"ReadAction\",\"target\":[\"https:\\\/\\\/glassouse.com\\\/tr\\\/product\\\/glassouse-pro-paketi\\\/\"]}]},{\"@type\":\"ImageObject\",\"inLanguage\":\"tr\",\"@id\":\"https:\\\/\\\/glassouse.com\\\/tr\\\/product\\\/glassouse-pro-paketi\\\/#primaryimage\",\"url\":\"https:\\\/\\\/glassouse.com\\\/wp-content\\\/uploads\\\/2022\\\/08\\\/GlassOuse_PRO_Bundle.jpg\",\"contentUrl\":\"https:\\\/\\\/glassouse.com\\\/wp-content\\\/uploads\\\/2022\\\/08\\\/GlassOuse_PRO_Bundle.jpg\",\"width\":2560,\"height\":2560},{\"@type\":\"BreadcrumbList\",\"@id\":\"https:\\\/\\\/glassouse.com\\\/tr\\\/product\\\/glassouse-pro-paketi\\\/#breadcrumb\",\"itemListElement\":[{\"@type\":\"ListItem\",\"position\":1,\"name\":\"Home\",\"item\":\"https:\\\/\\\/glassouse.com\\\/tr\\\/\"},{\"@type\":\"ListItem\",\"position\":2,\"name\":\"Ma\u011faza\",\"item\":\"https:\\\/\\\/glassouse.com\\\/tr\\\/magaza\\\/\"},{\"@type\":\"ListItem\",\"position\":3,\"name\":\"GlassOuse PRO Paketi\"}]},{\"@type\":\"WebSite\",\"@id\":\"https:\\\/\\\/glassouse.com\\\/tr\\\/#website\",\"url\":\"https:\\\/\\\/glassouse.com\\\/tr\\\/\",\"name\":\"Glassouse Assistive Device\",\"description\":\"Assistive Device and Switches for Disabled\",\"publisher\":{\"@id\":\"https:\\\/\\\/glassouse.com\\\/tr\\\/#organization\"},\"potentialAction\":[{\"@type\":\"SearchAction\",\"target\":{\"@type\":\"EntryPoint\",\"urlTemplate\":\"https:\\\/\\\/glassouse.com\\\/tr\\\/?s={search_term_string}\"},\"query-input\":{\"@type\":\"PropertyValueSpecification\",\"valueRequired\":true,\"valueName\":\"search_term_string\"}}],\"inLanguage\":\"tr\"},{\"@type\":\"Organization\",\"@id\":\"https:\\\/\\\/glassouse.com\\\/tr\\\/#organization\",\"name\":\"GlassOuse Assistive Device\",\"url\":\"https:\\\/\\\/glassouse.com\\\/tr\\\/\",\"logo\":{\"@type\":\"ImageObject\",\"inLanguage\":\"tr\",\"@id\":\"https:\\\/\\\/glassouse.com\\\/tr\\\/#\\\/schema\\\/logo\\\/image\\\/\",\"url\":\"https:\\\/\\\/glassouse.com\\\/wp-content\\\/uploads\\\/2017\\\/11\\\/logo.jpg\",\"contentUrl\":\"https:\\\/\\\/glassouse.com\\\/wp-content\\\/uploads\\\/2017\\\/11\\\/logo.jpg\",\"width\":500,\"height\":500,\"caption\":\"GlassOuse Assistive Device\"},\"image\":{\"@id\":\"https:\\\/\\\/glassouse.com\\\/tr\\\/#\\\/schema\\\/logo\\\/image\\\/\"},\"sameAs\":[\"https:\\\/\\\/www.facebook.com\\\/glassouse\\\/\",\"https:\\\/\\\/x.com\\\/glassouse\",\"https:\\\/\\\/www.instagram.com\\\/glassouseassistivedevice\\\/\",\"https:\\\/\\\/www.linkedin.com\\\/company\\\/glassouse\\\/\",\"https:\\\/\\\/www.youtube.com\\\/channel\\\/UCM5pebcmVXbu00QYd91_Gyw\"]}]}<\/script>\n<!-- \/ Yoast SEO plugin. -->","yoast_head_json":{"title":"T\u00fcm Adaptif Anahtarlar\u0131 i\u00e7eren GlassOuse PRO Paketi","description":"GlassOuse PRO Assistive Bundle Sat\u0131n Al\u0131n - M\u00fckemmel bir yard\u0131mc\u0131 \u00e7\u00f6z\u00fcm. Okullar, hastaneler, rehabilitasyon merkezleri ve kurulu\u015flar i\u00e7in.","robots":{"index":"index","follow":"follow","max-snippet":"max-snippet:-1","max-image-preview":"max-image-preview:large","max-video-preview":"max-video-preview:-1"},"canonical":"https:\/\/glassouse.com\/tr\/product\/glassouse-pro-paketi\/","og_locale":"tr_TR","og_type":"article","og_title":"T\u00fcm Adaptif Anahtarlar\u0131 i\u00e7eren GlassOuse PRO Paketi","og_description":"GlassOuse PRO Assistive Bundle Sat\u0131n Al\u0131n - M\u00fckemmel bir yard\u0131mc\u0131 \u00e7\u00f6z\u00fcm. Okullar, hastaneler, rehabilitasyon merkezleri ve kurulu\u015flar i\u00e7in.","og_url":"https:\/\/glassouse.com\/tr\/product\/glassouse-pro-paketi\/","og_site_name":"Glassouse Assistive Device","article_publisher":"https:\/\/www.facebook.com\/glassouse\/","og_image":[{"width":2560,"height":2560,"url":"https:\/\/glassouse.com\/wp-content\/uploads\/2022\/08\/GlassOuse_PRO_Bundle.jpg","type":"image\/jpeg"}],"twitter_card":"summary_large_image","twitter_site":"@glassouse","schema":{"@context":"https:\/\/schema.org","@graph":[{"@type":"WebPage","@id":"https:\/\/glassouse.com\/tr\/product\/glassouse-pro-paketi\/","url":"https:\/\/glassouse.com\/tr\/product\/glassouse-pro-paketi\/","name":"T\u00fcm Adaptif Anahtarlar\u0131 i\u00e7eren GlassOuse PRO Paketi","isPartOf":{"@id":"https:\/\/glassouse.com\/tr\/#website"},"primaryImageOfPage":{"@id":"https:\/\/glassouse.com\/tr\/product\/glassouse-pro-paketi\/#primaryimage"},"image":{"@id":"https:\/\/glassouse.com\/tr\/product\/glassouse-pro-paketi\/#primaryimage"},"thumbnailUrl":"https:\/\/glassouse.com\/wp-content\/uploads\/2022\/08\/GlassOuse_PRO_Bundle.jpg","datePublished":"2022-08-24T21:51:33+00:00","description":"GlassOuse PRO Assistive Bundle Sat\u0131n Al\u0131n - M\u00fckemmel bir yard\u0131mc\u0131 \u00e7\u00f6z\u00fcm. Okullar, hastaneler, rehabilitasyon merkezleri ve kurulu\u015flar i\u00e7in.","breadcrumb":{"@id":"https:\/\/glassouse.com\/tr\/product\/glassouse-pro-paketi\/#breadcrumb"},"inLanguage":"tr","potentialAction":[{"@type":"ReadAction","target":["https:\/\/glassouse.com\/tr\/product\/glassouse-pro-paketi\/"]}]},{"@type":"ImageObject","inLanguage":"tr","@id":"https:\/\/glassouse.com\/tr\/product\/glassouse-pro-paketi\/#primaryimage","url":"https:\/\/glassouse.com\/wp-content\/uploads\/2022\/08\/GlassOuse_PRO_Bundle.jpg","contentUrl":"https:\/\/glassouse.com\/wp-content\/uploads\/2022\/08\/GlassOuse_PRO_Bundle.jpg","width":2560,"height":2560},{"@type":"BreadcrumbList","@id":"https:\/\/glassouse.com\/tr\/product\/glassouse-pro-paketi\/#breadcrumb","itemListElement":[{"@type":"ListItem","position":1,"name":"Home","item":"https:\/\/glassouse.com\/tr\/"},{"@type":"ListItem","position":2,"name":"Ma\u011faza","item":"https:\/\/glassouse.com\/tr\/magaza\/"},{"@type":"ListItem","position":3,"name":"GlassOuse PRO Paketi"}]},{"@type":"WebSite","@id":"https:\/\/glassouse.com\/tr\/#website","url":"https:\/\/glassouse.com\/tr\/","name":"Glassouse Assistive Device","description":"Assistive Device and Switches for Disabled","publisher":{"@id":"https:\/\/glassouse.com\/tr\/#organization"},"potentialAction":[{"@type":"SearchAction","target":{"@type":"EntryPoint","urlTemplate":"https:\/\/glassouse.com\/tr\/?s={search_term_string}"},"query-input":{"@type":"PropertyValueSpecification","valueRequired":true,"valueName":"search_term_string"}}],"inLanguage":"tr"},{"@type":"Organization","@id":"https:\/\/glassouse.com\/tr\/#organization","name":"GlassOuse Assistive Device","url":"https:\/\/glassouse.com\/tr\/","logo":{"@type":"ImageObject","inLanguage":"tr","@id":"https:\/\/glassouse.com\/tr\/#\/schema\/logo\/image\/","url":"https:\/\/glassouse.com\/wp-content\/uploads\/2017\/11\/logo.jpg","contentUrl":"https:\/\/glassouse.com\/wp-content\/uploads\/2017\/11\/logo.jpg","width":500,"height":500,"caption":"GlassOuse Assistive Device"},"image":{"@id":"https:\/\/glassouse.com\/tr\/#\/schema\/logo\/image\/"},"sameAs":["https:\/\/www.facebook.com\/glassouse\/","https:\/\/x.com\/glassouse","https:\/\/www.instagram.com\/glassouseassistivedevice\/","https:\/\/www.linkedin.com\/company\/glassouse\/","https:\/\/www.youtube.com\/channel\/UCM5pebcmVXbu00QYd91_Gyw"]}]}},"_links":{"self":[{"href":"https:\/\/glassouse.com\/tr\/wp-json\/wp\/v2\/product\/33628","targetHints":{"allow":["GET"]}}],"collection":[{"href":"https:\/\/glassouse.com\/tr\/wp-json\/wp\/v2\/product"}],"about":[{"href":"https:\/\/glassouse.com\/tr\/wp-json\/wp\/v2\/types\/product"}],"wp:featuredmedia":[{"embeddable":true,"href":"https:\/\/glassouse.com\/tr\/wp-json\/wp\/v2\/media\/33632"}],"wp:attachment":[{"href":"https:\/\/glassouse.com\/tr\/wp-json\/wp\/v2\/media?parent=33628"}],"wp:term":[{"taxonomy":"product_brand","embeddable":true,"href":"https:\/\/glassouse.com\/tr\/wp-json\/wp\/v2\/product_brand?post=33628"},{"taxonomy":"product_cat","embeddable":true,"href":"https:\/\/glassouse.com\/tr\/wp-json\/wp\/v2\/product_cat?post=33628"},{"taxonomy":"product_tag","embeddable":true,"href":"https:\/\/glassouse.com\/tr\/wp-json\/wp\/v2\/product_tag?post=33628"}],"curies":[{"name":"wp","href":"https:\/\/api.w.org\/{rel}","templated":true}]}}