{"id":33681,"date":"2024-12-20T15:37:53","date_gmt":"2024-12-20T07:37:53","guid":{"rendered":"https:\/\/glassouse.com\/product\/gw07-g-eyeglass-silikon-kapak\/"},"modified":"2024-12-20T15:37:53","modified_gmt":"2024-12-20T07:37:53","slug":"gw07-g-eyeglass-silikon-kapak","status":"publish","type":"product","link":"https:\/\/glassouse.com\/tr\/product\/gw07-g-eyeglass-silikon-kapak\/","title":{"rendered":"GW07 G-Eyeglass Silikon Kapak"},"content":{"rendered":"<h3><strong>\u00dcr\u00fcne Genel Bak\u0131\u015f<\/strong><\/h3>\n<p>G-Eyeglass Silikon Kapak, GlassOuse PRO ve Link&#8217;in sorunsuz kullan\u0131m\u0131n\u0131 sa\u011flayan, g\u00f6zl\u00fckl\u00fc GlassOuse kullan\u0131c\u0131lar\u0131 i\u00e7in m\u00fckemmel bir eklentidir. \u0130ster yuvarlak ister kare \u00e7er\u00e7eveli olsun, \u00e7o\u011fu standart g\u00f6zl\u00fck \u015faka\u011f\u0131na uyacak \u015fekilde tasarlanan bu kapak, \u00e7ok y\u00f6nl\u00fcl\u00fc\u011f\u00fc ve kullan\u0131m kolayl\u0131\u011f\u0131n\u0131 art\u0131r\u0131r. <\/p>\n<h3><strong>Nas\u0131l Kullan\u0131l\u0131r<\/strong><\/h3>\n<ol>\n<li>G\u00f6zl\u00fck \u015faka\u011f\u0131n\u0131 silikon kapa\u011f\u0131n arkas\u0131ndaki uzun yuvalara yerle\u015ftirin. Optimum stabilite ve esneklik i\u00e7in, 1357. \u015feridin d\u0131\u015fa do\u011fru \u00e7\u0131k\u0131nt\u0131 yapmas\u0131n\u0131 sa\u011flayarak sekiz yuvadan s\u0131rayla ge\u00e7irmenizi \u00f6neririz. <\/li>\n<li>GlassOuse PRO\/Link&#8217;i silikon kapa\u011f\u0131n i\u00e7ine yerle\u015ftirin ve \u00fc\u00e7 silikon \u015feridin G-Switch&#8217;lerle sorunsuz ba\u011flant\u0131 sa\u011flamak i\u00e7in W, X, Y veya Z ba\u011flant\u0131 noktalar\u0131n\u0131 engellemedi\u011finden emin olun.<\/li>\n<li>G-Switch&#8217;leri (Y-Splitter konekt\u00f6r\u00fc kullanarak sekize kadar) GlassOuse PRO\/Link&#8217;e ba\u011flay\u0131n ve g\u00f6zl\u00fckleri her zamanki gibi tak\u0131n.<\/li>\n<li>Silikon kapa\u011f\u0131 \u00e7\u0131karmak i\u00e7in g\u00f6zl\u00fck \u015faka\u011f\u0131n\u0131 dikkatlice yuvalardan d\u0131\u015far\u0131 kayd\u0131r\u0131n.<\/li>\n<\/ol>\n<p><strong>Not: <\/strong>G-Eyeglass Silikon Kapak, piyasada bulunan \u00e7o\u011fu standart g\u00f6zl\u00fck \u015fakak \u015fekline ve boyutuna uyar. Ancak, baz\u0131 geleneksel olmayan \u015fakak tasar\u0131mlar\u0131na uymayabilir. <\/p>\n","protected":false},"excerpt":{"rendered":"<p>\u00dcr\u00fcne Genel Bak\u0131\u015f G-Eyeglass Silikon Kapak, GlassOuse PRO ve Link&#8217;in sorunsuz kullan\u0131m\u0131n\u0131 sa\u011flayan, g\u00f6zl\u00fckl\u00fc GlassOuse kullan\u0131c\u0131lar\u0131 i\u00e7in m\u00fckemmel bir eklentidir. [&hellip;]<\/p>\n","protected":false},"featured_media":33684,"template":"","meta":{"_acf_changed":false},"product_brand":[],"product_cat":[444],"product_tag":[],"class_list":{"0":"post-33681","1":"product","2":"type-product","3":"status-publish","4":"has-post-thumbnail","6":"product_cat-glassouse-g-wear","8":"first","9":"instock","10":"shipping-taxable","11":"purchasable","12":"product-type-simple"},"acf":[],"yoast_head":"<!-- This site is optimized with the Yoast SEO plugin v27.4 - https:\/\/yoast.com\/product\/yoast-seo-wordpress\/ -->\n<title>GlassOuse Yard\u0131mc\u0131 Cihaz i\u00e7in: G-Eyeglass Silikon Kapak<\/title>\n<meta name=\"description\" content=\"GlassOuse yard\u0131mc\u0131 cihaz\u0131 i\u00e7in ideal bir aksesuar. GlassOuse PRO ve Link i\u00e7in m\u00fckemmel eklenti. \u00c7o\u011fu standart g\u00f6zl\u00fck \u00e7er\u00e7evesi ile sorunsuz uyumluluk.\" \/>\n<meta name=\"robots\" content=\"index, follow, max-snippet:-1, max-image-preview:large, max-video-preview:-1\" \/>\n<link rel=\"canonical\" href=\"https:\/\/glassouse.com\/tr\/product\/gw07-g-eyeglass-silikon-kapak\/\" \/>\n<meta property=\"og:locale\" content=\"tr_TR\" \/>\n<meta property=\"og:type\" content=\"article\" \/>\n<meta property=\"og:title\" content=\"GlassOuse Yard\u0131mc\u0131 Cihaz i\u00e7in: G-Eyeglass Silikon Kapak\" \/>\n<meta property=\"og:description\" content=\"GlassOuse yard\u0131mc\u0131 cihaz\u0131 i\u00e7in ideal bir aksesuar. GlassOuse PRO ve Link i\u00e7in m\u00fckemmel eklenti. \u00c7o\u011fu standart g\u00f6zl\u00fck \u00e7er\u00e7evesi ile sorunsuz uyumluluk.\" \/>\n<meta property=\"og:url\" content=\"https:\/\/glassouse.com\/tr\/product\/gw07-g-eyeglass-silikon-kapak\/\" \/>\n<meta property=\"og:site_name\" content=\"Glassouse Assistive Device\" \/>\n<meta property=\"article:publisher\" content=\"https:\/\/www.facebook.com\/glassouse\/\" \/>\n<meta property=\"og:image\" content=\"https:\/\/glassouse.com\/wp-content\/uploads\/2024\/12\/GlassOuse-G-Eyeglass-Silicone-Cover.jpg\" \/>\n\t<meta property=\"og:image:width\" content=\"2000\" \/>\n\t<meta property=\"og:image:height\" content=\"2000\" \/>\n\t<meta property=\"og:image:type\" content=\"image\/jpeg\" \/>\n<meta name=\"twitter:card\" content=\"summary_large_image\" \/>\n<meta name=\"twitter:site\" content=\"@glassouse\" \/>\n<meta name=\"twitter:label1\" content=\"Tahmini okuma s\u00fcresi\" \/>\n\t<meta name=\"twitter:data1\" content=\"1 dakika\" \/>\n<script type=\"application\/ld+json\" class=\"yoast-schema-graph\">{\"@context\":\"https:\\\/\\\/schema.org\",\"@graph\":[{\"@type\":\"WebPage\",\"@id\":\"https:\\\/\\\/glassouse.com\\\/tr\\\/product\\\/gw07-g-eyeglass-silikon-kapak\\\/\",\"url\":\"https:\\\/\\\/glassouse.com\\\/tr\\\/product\\\/gw07-g-eyeglass-silikon-kapak\\\/\",\"name\":\"GlassOuse Yard\u0131mc\u0131 Cihaz i\u00e7in: G-Eyeglass Silikon Kapak\",\"isPartOf\":{\"@id\":\"https:\\\/\\\/glassouse.com\\\/tr\\\/#website\"},\"primaryImageOfPage\":{\"@id\":\"https:\\\/\\\/glassouse.com\\\/tr\\\/product\\\/gw07-g-eyeglass-silikon-kapak\\\/#primaryimage\"},\"image\":{\"@id\":\"https:\\\/\\\/glassouse.com\\\/tr\\\/product\\\/gw07-g-eyeglass-silikon-kapak\\\/#primaryimage\"},\"thumbnailUrl\":\"https:\\\/\\\/glassouse.com\\\/wp-content\\\/uploads\\\/2024\\\/12\\\/GlassOuse-G-Eyeglass-Silicone-Cover.jpg\",\"datePublished\":\"2024-12-20T07:37:53+00:00\",\"description\":\"GlassOuse yard\u0131mc\u0131 cihaz\u0131 i\u00e7in ideal bir aksesuar. GlassOuse PRO ve Link i\u00e7in m\u00fckemmel eklenti. \u00c7o\u011fu standart g\u00f6zl\u00fck \u00e7er\u00e7evesi ile sorunsuz uyumluluk.\",\"breadcrumb\":{\"@id\":\"https:\\\/\\\/glassouse.com\\\/tr\\\/product\\\/gw07-g-eyeglass-silikon-kapak\\\/#breadcrumb\"},\"inLanguage\":\"tr\",\"potentialAction\":[{\"@type\":\"ReadAction\",\"target\":[\"https:\\\/\\\/glassouse.com\\\/tr\\\/product\\\/gw07-g-eyeglass-silikon-kapak\\\/\"]}]},{\"@type\":\"ImageObject\",\"inLanguage\":\"tr\",\"@id\":\"https:\\\/\\\/glassouse.com\\\/tr\\\/product\\\/gw07-g-eyeglass-silikon-kapak\\\/#primaryimage\",\"url\":\"https:\\\/\\\/glassouse.com\\\/wp-content\\\/uploads\\\/2024\\\/12\\\/GlassOuse-G-Eyeglass-Silicone-Cover.jpg\",\"contentUrl\":\"https:\\\/\\\/glassouse.com\\\/wp-content\\\/uploads\\\/2024\\\/12\\\/GlassOuse-G-Eyeglass-Silicone-Cover.jpg\",\"width\":2000,\"height\":2000,\"caption\":\"GlassOuse G-Wear Aksesuar\"},{\"@type\":\"BreadcrumbList\",\"@id\":\"https:\\\/\\\/glassouse.com\\\/tr\\\/product\\\/gw07-g-eyeglass-silikon-kapak\\\/#breadcrumb\",\"itemListElement\":[{\"@type\":\"ListItem\",\"position\":1,\"name\":\"Home\",\"item\":\"https:\\\/\\\/glassouse.com\\\/tr\\\/ev\\\/\"},{\"@type\":\"ListItem\",\"position\":2,\"name\":\"Ma\u011faza\",\"item\":\"https:\\\/\\\/glassouse.com\\\/tr\\\/magaza\\\/\"},{\"@type\":\"ListItem\",\"position\":3,\"name\":\"GW07 G-Eyeglass Silikon Kapak\"}]},{\"@type\":\"WebSite\",\"@id\":\"https:\\\/\\\/glassouse.com\\\/tr\\\/#website\",\"url\":\"https:\\\/\\\/glassouse.com\\\/tr\\\/\",\"name\":\"Glassouse Assistive Device\",\"description\":\"Assistive Device and Switches for Disabled\",\"publisher\":{\"@id\":\"https:\\\/\\\/glassouse.com\\\/tr\\\/#organization\"},\"potentialAction\":[{\"@type\":\"SearchAction\",\"target\":{\"@type\":\"EntryPoint\",\"urlTemplate\":\"https:\\\/\\\/glassouse.com\\\/tr\\\/?s={search_term_string}\"},\"query-input\":{\"@type\":\"PropertyValueSpecification\",\"valueRequired\":true,\"valueName\":\"search_term_string\"}}],\"inLanguage\":\"tr\"},{\"@type\":\"Organization\",\"@id\":\"https:\\\/\\\/glassouse.com\\\/tr\\\/#organization\",\"name\":\"GlassOuse Assistive Device\",\"url\":\"https:\\\/\\\/glassouse.com\\\/tr\\\/\",\"logo\":{\"@type\":\"ImageObject\",\"inLanguage\":\"tr\",\"@id\":\"https:\\\/\\\/glassouse.com\\\/tr\\\/#\\\/schema\\\/logo\\\/image\\\/\",\"url\":\"https:\\\/\\\/glassouse.com\\\/wp-content\\\/uploads\\\/2017\\\/11\\\/logo.jpg\",\"contentUrl\":\"https:\\\/\\\/glassouse.com\\\/wp-content\\\/uploads\\\/2017\\\/11\\\/logo.jpg\",\"width\":500,\"height\":500,\"caption\":\"GlassOuse Assistive Device\"},\"image\":{\"@id\":\"https:\\\/\\\/glassouse.com\\\/tr\\\/#\\\/schema\\\/logo\\\/image\\\/\"},\"sameAs\":[\"https:\\\/\\\/www.facebook.com\\\/glassouse\\\/\",\"https:\\\/\\\/x.com\\\/glassouse\",\"https:\\\/\\\/www.instagram.com\\\/glassouseassistivedevice\\\/\",\"https:\\\/\\\/www.linkedin.com\\\/company\\\/glassouse\\\/\",\"https:\\\/\\\/www.youtube.com\\\/channel\\\/UCM5pebcmVXbu00QYd91_Gyw\"]}]}<\/script>\n<!-- \/ Yoast SEO plugin. -->","yoast_head_json":{"title":"GlassOuse Yard\u0131mc\u0131 Cihaz i\u00e7in: G-Eyeglass Silikon Kapak","description":"GlassOuse yard\u0131mc\u0131 cihaz\u0131 i\u00e7in ideal bir aksesuar. GlassOuse PRO ve Link i\u00e7in m\u00fckemmel eklenti. \u00c7o\u011fu standart g\u00f6zl\u00fck \u00e7er\u00e7evesi ile sorunsuz uyumluluk.","robots":{"index":"index","follow":"follow","max-snippet":"max-snippet:-1","max-image-preview":"max-image-preview:large","max-video-preview":"max-video-preview:-1"},"canonical":"https:\/\/glassouse.com\/tr\/product\/gw07-g-eyeglass-silikon-kapak\/","og_locale":"tr_TR","og_type":"article","og_title":"GlassOuse Yard\u0131mc\u0131 Cihaz i\u00e7in: G-Eyeglass Silikon Kapak","og_description":"GlassOuse yard\u0131mc\u0131 cihaz\u0131 i\u00e7in ideal bir aksesuar. GlassOuse PRO ve Link i\u00e7in m\u00fckemmel eklenti. \u00c7o\u011fu standart g\u00f6zl\u00fck \u00e7er\u00e7evesi ile sorunsuz uyumluluk.","og_url":"https:\/\/glassouse.com\/tr\/product\/gw07-g-eyeglass-silikon-kapak\/","og_site_name":"Glassouse Assistive Device","article_publisher":"https:\/\/www.facebook.com\/glassouse\/","og_image":[{"width":2000,"height":2000,"url":"https:\/\/glassouse.com\/wp-content\/uploads\/2024\/12\/GlassOuse-G-Eyeglass-Silicone-Cover.jpg","type":"image\/jpeg"}],"twitter_card":"summary_large_image","twitter_site":"@glassouse","twitter_misc":{"Tahmini okuma s\u00fcresi":"1 dakika"},"schema":{"@context":"https:\/\/schema.org","@graph":[{"@type":"WebPage","@id":"https:\/\/glassouse.com\/tr\/product\/gw07-g-eyeglass-silikon-kapak\/","url":"https:\/\/glassouse.com\/tr\/product\/gw07-g-eyeglass-silikon-kapak\/","name":"GlassOuse Yard\u0131mc\u0131 Cihaz i\u00e7in: G-Eyeglass Silikon Kapak","isPartOf":{"@id":"https:\/\/glassouse.com\/tr\/#website"},"primaryImageOfPage":{"@id":"https:\/\/glassouse.com\/tr\/product\/gw07-g-eyeglass-silikon-kapak\/#primaryimage"},"image":{"@id":"https:\/\/glassouse.com\/tr\/product\/gw07-g-eyeglass-silikon-kapak\/#primaryimage"},"thumbnailUrl":"https:\/\/glassouse.com\/wp-content\/uploads\/2024\/12\/GlassOuse-G-Eyeglass-Silicone-Cover.jpg","datePublished":"2024-12-20T07:37:53+00:00","description":"GlassOuse yard\u0131mc\u0131 cihaz\u0131 i\u00e7in ideal bir aksesuar. GlassOuse PRO ve Link i\u00e7in m\u00fckemmel eklenti. \u00c7o\u011fu standart g\u00f6zl\u00fck \u00e7er\u00e7evesi ile sorunsuz uyumluluk.","breadcrumb":{"@id":"https:\/\/glassouse.com\/tr\/product\/gw07-g-eyeglass-silikon-kapak\/#breadcrumb"},"inLanguage":"tr","potentialAction":[{"@type":"ReadAction","target":["https:\/\/glassouse.com\/tr\/product\/gw07-g-eyeglass-silikon-kapak\/"]}]},{"@type":"ImageObject","inLanguage":"tr","@id":"https:\/\/glassouse.com\/tr\/product\/gw07-g-eyeglass-silikon-kapak\/#primaryimage","url":"https:\/\/glassouse.com\/wp-content\/uploads\/2024\/12\/GlassOuse-G-Eyeglass-Silicone-Cover.jpg","contentUrl":"https:\/\/glassouse.com\/wp-content\/uploads\/2024\/12\/GlassOuse-G-Eyeglass-Silicone-Cover.jpg","width":2000,"height":2000,"caption":"GlassOuse G-Wear Aksesuar"},{"@type":"BreadcrumbList","@id":"https:\/\/glassouse.com\/tr\/product\/gw07-g-eyeglass-silikon-kapak\/#breadcrumb","itemListElement":[{"@type":"ListItem","position":1,"name":"Home","item":"https:\/\/glassouse.com\/tr\/ev\/"},{"@type":"ListItem","position":2,"name":"Ma\u011faza","item":"https:\/\/glassouse.com\/tr\/magaza\/"},{"@type":"ListItem","position":3,"name":"GW07 G-Eyeglass Silikon Kapak"}]},{"@type":"WebSite","@id":"https:\/\/glassouse.com\/tr\/#website","url":"https:\/\/glassouse.com\/tr\/","name":"Glassouse Assistive Device","description":"Assistive Device and Switches for Disabled","publisher":{"@id":"https:\/\/glassouse.com\/tr\/#organization"},"potentialAction":[{"@type":"SearchAction","target":{"@type":"EntryPoint","urlTemplate":"https:\/\/glassouse.com\/tr\/?s={search_term_string}"},"query-input":{"@type":"PropertyValueSpecification","valueRequired":true,"valueName":"search_term_string"}}],"inLanguage":"tr"},{"@type":"Organization","@id":"https:\/\/glassouse.com\/tr\/#organization","name":"GlassOuse Assistive Device","url":"https:\/\/glassouse.com\/tr\/","logo":{"@type":"ImageObject","inLanguage":"tr","@id":"https:\/\/glassouse.com\/tr\/#\/schema\/logo\/image\/","url":"https:\/\/glassouse.com\/wp-content\/uploads\/2017\/11\/logo.jpg","contentUrl":"https:\/\/glassouse.com\/wp-content\/uploads\/2017\/11\/logo.jpg","width":500,"height":500,"caption":"GlassOuse Assistive Device"},"image":{"@id":"https:\/\/glassouse.com\/tr\/#\/schema\/logo\/image\/"},"sameAs":["https:\/\/www.facebook.com\/glassouse\/","https:\/\/x.com\/glassouse","https:\/\/www.instagram.com\/glassouseassistivedevice\/","https:\/\/www.linkedin.com\/company\/glassouse\/","https:\/\/www.youtube.com\/channel\/UCM5pebcmVXbu00QYd91_Gyw"]}]}},"_links":{"self":[{"href":"https:\/\/glassouse.com\/tr\/wp-json\/wp\/v2\/product\/33681","targetHints":{"allow":["GET"]}}],"collection":[{"href":"https:\/\/glassouse.com\/tr\/wp-json\/wp\/v2\/product"}],"about":[{"href":"https:\/\/glassouse.com\/tr\/wp-json\/wp\/v2\/types\/product"}],"wp:featuredmedia":[{"embeddable":true,"href":"https:\/\/glassouse.com\/tr\/wp-json\/wp\/v2\/media\/33684"}],"wp:attachment":[{"href":"https:\/\/glassouse.com\/tr\/wp-json\/wp\/v2\/media?parent=33681"}],"wp:term":[{"taxonomy":"product_brand","embeddable":true,"href":"https:\/\/glassouse.com\/tr\/wp-json\/wp\/v2\/product_brand?post=33681"},{"taxonomy":"product_cat","embeddable":true,"href":"https:\/\/glassouse.com\/tr\/wp-json\/wp\/v2\/product_cat?post=33681"},{"taxonomy":"product_tag","embeddable":true,"href":"https:\/\/glassouse.com\/tr\/wp-json\/wp\/v2\/product_tag?post=33681"}],"curies":[{"name":"wp","href":"https:\/\/api.w.org\/{rel}","templated":true}]}}