{"id":3412,"date":"2026-04-30T02:22:48","date_gmt":"2026-04-29T18:22:48","guid":{"rendered":"https:\/\/glassouse.com\/?post_type=product&#038;p=3412"},"modified":"2026-04-30T02:22:48","modified_gmt":"2026-04-29T18:22:48","slug":"record-play-dinosaur","status":"publish","type":"product","link":"https:\/\/glassouse.com\/tr\/urun\/record-play-dinosaur\/","title":{"rendered":"GAT03 Kay\u0131t &amp; Oynat Dinozor"},"content":{"rendered":"","protected":false},"excerpt":{"rendered":"<h4>KAYDET VE OYNAT D\u0130NOZOR- GAT03<\/h4>\n<p>1x Kay\u0131t ve Oynatma \u00d6zellikli 3.5 mm Jak Ba\u011flant\u0131l\u0131 Dinozor Oyuncak<br \/>\n1 Kullan\u0131m K\u0131lavuzu<\/p>\n<p><a href=\"https:\/\/glassouse.com\/tr\/money-back-guarantee\/\"><img decoding=\"async\" class=\"alignnone wp-image-1817\" src=\"https:\/\/glassouse.com\/wp-content\/uploads\/2017\/11\/15_Day_Money_Back_47882ccb-f31c-4b58-ab77-9b78929009ef_grande.png\" alt=\"\" width=\"95\" height=\"95\" srcset=\"https:\/\/glassouse.com\/wp-content\/uploads\/2017\/11\/15_Day_Money_Back_47882ccb-f31c-4b58-ab77-9b78929009ef_grande.png 150w, https:\/\/glassouse.com\/wp-content\/uploads\/2017\/11\/15_Day_Money_Back_47882ccb-f31c-4b58-ab77-9b78929009ef_grande-100x100.png 100w, https:\/\/glassouse.com\/wp-content\/uploads\/2017\/11\/15_Day_Money_Back_47882ccb-f31c-4b58-ab77-9b78929009ef_grande-75x75.png 75w\" sizes=\"(max-width: 95px) 100vw, 95px\" \/><\/a>\u00a0 \u00a0<img decoding=\"async\" class=\"alignnone wp-image-3424\" src=\"https:\/\/glassouse.com\/wp-content\/uploads\/2020\/08\/A4.png\" alt=\"GlassOuse Warranty\" width=\"95\" height=\"95\" srcset=\"https:\/\/glassouse.com\/wp-content\/uploads\/2020\/08\/A4.png 345w, https:\/\/glassouse.com\/wp-content\/uploads\/2020\/08\/A4-300x299.png 300w, https:\/\/glassouse.com\/wp-content\/uploads\/2020\/08\/A4-100x100.png 100w, https:\/\/glassouse.com\/wp-content\/uploads\/2020\/08\/A4-150x150.png 150w\" sizes=\"(max-width: 95px) 100vw, 95px\" \/><\/p>\n<p><strong>\u0130\u015eLEV <\/strong> Sesinizi 5 dakikaya kadar kaydedebilen ve birden \u00e7ok kez tekrar \u00e7alabilen kay\u0131t ve \u00e7alma\u00f6zelli\u011fine sahip bir dinozor. Konu\u015fmay\u0131 \u00f6\u011frenen veya sadece \u015fark\u0131 s\u00f6ylemek\/konu\u015fmak ve dinlemek isteyen \u00e7ocuklar i\u00e7in m\u00fckemmel bir oyuncak.<\/p>\n<p><strong>\u00d6ZELL\u0130K:<\/strong><br \/>\n<strong>Uzunluk<\/strong>\u00a0 36 santimetre<br \/>\n<strong>A\u011f\u0131rl\u0131k:<\/strong> 0.34 kg \/ 0.75 Pound<br \/>\n<strong>Malzeme<\/strong> S\u00fcper Yumu\u015fak Pelu\u015f<br \/>\n<strong>Dolgu:<\/strong> \u00c7evre dostu 3D PP pamuk<br \/>\n<strong>G\u00fc\u00e7<\/strong>\u00a0 3 adet AA Pil<\/p>\n<p><strong>TAL\u0130MAT:<\/strong><\/p>\n<ol>\n<li>Oyuncak \u00fczerindeki iki adet 3,5 mm jak giri\u015fine istedi\u011finiz 3,5 mm jak adaptif anahtarlar\u0131n\u0131 ba\u011flay\u0131n.<\/li>\n<li>Ne\u00a0<strong>Kay\u0131t,\u00a0<\/strong>Sa\u011fdaki d\u00fc\u011fmeye bas\u0131n, 1 kez bip sesi duyacak ve oyunca\u011f\u0131n kay\u0131t yapt\u0131\u011f\u0131n\u0131 g\u00f6steren k\u0131rm\u0131z\u0131 bir \u0131\u015f\u0131k g\u00f6receksiniz. Oyunca\u011f\u0131n g\u00f6be\u011fine konu\u015fun. Kay\u0131ttan sonra sa\u011fdaki d\u00fc\u011fmeye bir kez daha bas\u0131n, kayd\u0131n durdu\u011funu g\u00f6steren 2 kez bip sesi duyacaks\u0131n\u0131z.<\/li>\n<li>Ne <strong>Oyna<\/strong> Kayd\u0131 ba\u015flatmak i\u00e7in soldaki d\u00fc\u011fmeye bas\u0131n. Ayn\u0131 kayd\u0131 (N) kez \u00e7alabilirsiniz.<\/li>\n<\/ol>\n<p><strong><em>*Anahtarlar ayr\u0131 sat\u0131l\u0131r<\/em><\/strong><\/p>\n<p>____________________________________________________________________________________________________________<\/p>","protected":false},"featured_media":4553,"template":"","meta":{"_acf_changed":false},"product_brand":[],"product_cat":[30],"product_tag":[31,32,33,34],"class_list":{"0":"post-3412","1":"product","2":"type-product","3":"status-publish","4":"has-post-thumbnail","6":"product_cat-switch-adapted-toys","7":"product_tag-adaptive-toys","8":"product_tag-special-needs-toys","9":"product_tag-switch-adapted-toys","10":"product_tag-toys-for-disabled","11":"product_shipping_class-toy","13":"first","14":"instock","15":"shipping-taxable","16":"purchasable","17":"product-type-simple"},"acf":[],"yoast_head":"<!-- This site is optimized with the Yoast SEO plugin v27.5 - https:\/\/yoast.com\/product\/yoast-seo-wordpress\/ -->\n<title>Record &amp; Play Dinosaur - Switch Adapted Toy | GlassOuse<\/title>\n<meta name=\"description\" content=\"Shop this adaptive switch activated record and play dinosaur. Connect any 3.5mm jack switch and play with the toy. Suitable for kids with disabilities.\" \/>\n<meta name=\"robots\" content=\"index, follow, max-snippet:-1, max-image-preview:large, max-video-preview:-1\" \/>\n<link rel=\"canonical\" href=\"https:\/\/glassouse.com\/tr\/urun\/record-play-dinosaur\/\" \/>\n<meta property=\"og:locale\" content=\"tr_TR\" \/>\n<meta property=\"og:type\" content=\"article\" \/>\n<meta property=\"og:title\" content=\"Record &amp; Play Dinosaur - Switch Adapted Toy | GlassOuse\" \/>\n<meta property=\"og:description\" content=\"Shop this adaptive switch activated record and play dinosaur. Connect any 3.5mm jack switch and play with the toy. Suitable for kids with disabilities.\" \/>\n<meta property=\"og:url\" content=\"https:\/\/glassouse.com\/tr\/urun\/record-play-dinosaur\/\" \/>\n<meta property=\"og:site_name\" content=\"Glassouse Assistive Device\" \/>\n<meta property=\"article:publisher\" content=\"https:\/\/www.facebook.com\/glassouse\/\" \/>\n<meta property=\"og:image\" content=\"https:\/\/glassouse.com\/wp-content\/uploads\/2020\/08\/Record-and-Play-Dinosaur-2.jpg\" \/>\n\t<meta property=\"og:image:width\" content=\"1000\" \/>\n\t<meta property=\"og:image:height\" content=\"1000\" \/>\n\t<meta property=\"og:image:type\" content=\"image\/jpeg\" \/>\n<meta name=\"twitter:card\" content=\"summary_large_image\" \/>\n<meta name=\"twitter:site\" content=\"@glassouse\" \/>\n<meta name=\"twitter:label1\" content=\"Tahmini okuma s\u00fcresi\" \/>\n\t<meta name=\"twitter:data1\" content=\"1 dakika\" \/>\n<script type=\"application\/ld+json\" class=\"yoast-schema-graph\">{\"@context\":\"https:\\\/\\\/schema.org\",\"@graph\":[{\"@type\":\"WebPage\",\"@id\":\"https:\\\/\\\/glassouse.com\\\/product\\\/record-play-dinosaur\\\/\",\"url\":\"https:\\\/\\\/glassouse.com\\\/product\\\/record-play-dinosaur\\\/\",\"name\":\"Record & Play Dinosaur - Switch Adapted Toy | GlassOuse\",\"isPartOf\":{\"@id\":\"https:\\\/\\\/glassouse.com\\\/#website\"},\"primaryImageOfPage\":{\"@id\":\"https:\\\/\\\/glassouse.com\\\/product\\\/record-play-dinosaur\\\/#primaryimage\"},\"image\":{\"@id\":\"https:\\\/\\\/glassouse.com\\\/product\\\/record-play-dinosaur\\\/#primaryimage\"},\"thumbnailUrl\":\"https:\\\/\\\/glassouse.com\\\/wp-content\\\/uploads\\\/2020\\\/08\\\/Record-and-Play-Dinosaur-2.jpg\",\"datePublished\":\"2026-04-29T18:22:48+00:00\",\"description\":\"Shop this adaptive switch activated record and play dinosaur. Connect any 3.5mm jack switch and play with the toy. Suitable for kids with disabilities.\",\"breadcrumb\":{\"@id\":\"https:\\\/\\\/glassouse.com\\\/product\\\/record-play-dinosaur\\\/#breadcrumb\"},\"inLanguage\":\"tr\",\"potentialAction\":[{\"@type\":\"ReadAction\",\"target\":[\"https:\\\/\\\/glassouse.com\\\/product\\\/record-play-dinosaur\\\/\"]}]},{\"@type\":\"ImageObject\",\"inLanguage\":\"tr\",\"@id\":\"https:\\\/\\\/glassouse.com\\\/product\\\/record-play-dinosaur\\\/#primaryimage\",\"url\":\"https:\\\/\\\/glassouse.com\\\/wp-content\\\/uploads\\\/2020\\\/08\\\/Record-and-Play-Dinosaur-2.jpg\",\"contentUrl\":\"https:\\\/\\\/glassouse.com\\\/wp-content\\\/uploads\\\/2020\\\/08\\\/Record-and-Play-Dinosaur-2.jpg\",\"width\":1000,\"height\":1000,\"caption\":\"Record-and-Play-Dinosaur\"},{\"@type\":\"BreadcrumbList\",\"@id\":\"https:\\\/\\\/glassouse.com\\\/product\\\/record-play-dinosaur\\\/#breadcrumb\",\"itemListElement\":[{\"@type\":\"ListItem\",\"position\":1,\"name\":\"Home\",\"item\":\"https:\\\/\\\/glassouse.com\\\/\"},{\"@type\":\"ListItem\",\"position\":2,\"name\":\"Shop\",\"item\":\"https:\\\/\\\/glassouse.com\\\/assistive-device_shop\\\/\"},{\"@type\":\"ListItem\",\"position\":3,\"name\":\"GAT03 Record &#038; Play Dinosaur\"}]},{\"@type\":\"WebSite\",\"@id\":\"https:\\\/\\\/glassouse.com\\\/#website\",\"url\":\"https:\\\/\\\/glassouse.com\\\/\",\"name\":\"Glassouse Assistive Device\",\"description\":\"Assistive Device and Switches for Disabled\",\"publisher\":{\"@id\":\"https:\\\/\\\/glassouse.com\\\/#organization\"},\"potentialAction\":[{\"@type\":\"SearchAction\",\"target\":{\"@type\":\"EntryPoint\",\"urlTemplate\":\"https:\\\/\\\/glassouse.com\\\/?s={search_term_string}\"},\"query-input\":{\"@type\":\"PropertyValueSpecification\",\"valueRequired\":true,\"valueName\":\"search_term_string\"}}],\"inLanguage\":\"tr\"},{\"@type\":\"Organization\",\"@id\":\"https:\\\/\\\/glassouse.com\\\/#organization\",\"name\":\"GlassOuse Assistive Device\",\"url\":\"https:\\\/\\\/glassouse.com\\\/\",\"logo\":{\"@type\":\"ImageObject\",\"inLanguage\":\"tr\",\"@id\":\"https:\\\/\\\/glassouse.com\\\/#\\\/schema\\\/logo\\\/image\\\/\",\"url\":\"https:\\\/\\\/glassouse.com\\\/wp-content\\\/uploads\\\/2017\\\/11\\\/logo.jpg\",\"contentUrl\":\"https:\\\/\\\/glassouse.com\\\/wp-content\\\/uploads\\\/2017\\\/11\\\/logo.jpg\",\"width\":500,\"height\":500,\"caption\":\"GlassOuse Assistive Device\"},\"image\":{\"@id\":\"https:\\\/\\\/glassouse.com\\\/#\\\/schema\\\/logo\\\/image\\\/\"},\"sameAs\":[\"https:\\\/\\\/www.facebook.com\\\/glassouse\\\/\",\"https:\\\/\\\/x.com\\\/glassouse\",\"https:\\\/\\\/www.instagram.com\\\/glassouseassistivedevice\\\/\",\"https:\\\/\\\/www.linkedin.com\\\/company\\\/glassouse\\\/\",\"https:\\\/\\\/www.youtube.com\\\/channel\\\/UCM5pebcmVXbu00QYd91_Gyw\"]}]}<\/script>\n<!-- \/ Yoast SEO plugin. -->","yoast_head_json":{"title":"Record & Play Dinosaur - Switch Adapted Toy | GlassOuse","description":"Shop this adaptive switch activated record and play dinosaur. Connect any 3.5mm jack switch and play with the toy. Suitable for kids with disabilities.","robots":{"index":"index","follow":"follow","max-snippet":"max-snippet:-1","max-image-preview":"max-image-preview:large","max-video-preview":"max-video-preview:-1"},"canonical":"https:\/\/glassouse.com\/tr\/urun\/record-play-dinosaur\/","og_locale":"tr_TR","og_type":"article","og_title":"Record & Play Dinosaur - Switch Adapted Toy | GlassOuse","og_description":"Shop this adaptive switch activated record and play dinosaur. Connect any 3.5mm jack switch and play with the toy. Suitable for kids with disabilities.","og_url":"https:\/\/glassouse.com\/tr\/urun\/record-play-dinosaur\/","og_site_name":"Glassouse Assistive Device","article_publisher":"https:\/\/www.facebook.com\/glassouse\/","og_image":[{"width":1000,"height":1000,"url":"https:\/\/glassouse.com\/wp-content\/uploads\/2020\/08\/Record-and-Play-Dinosaur-2.jpg","type":"image\/jpeg"}],"twitter_card":"summary_large_image","twitter_site":"@glassouse","twitter_misc":{"Tahmini okuma s\u00fcresi":"1 dakika"},"schema":{"@context":"https:\/\/schema.org","@graph":[{"@type":"WebPage","@id":"https:\/\/glassouse.com\/product\/record-play-dinosaur\/","url":"https:\/\/glassouse.com\/product\/record-play-dinosaur\/","name":"Record & Play Dinosaur - Switch Adapted Toy | GlassOuse","isPartOf":{"@id":"https:\/\/glassouse.com\/#website"},"primaryImageOfPage":{"@id":"https:\/\/glassouse.com\/product\/record-play-dinosaur\/#primaryimage"},"image":{"@id":"https:\/\/glassouse.com\/product\/record-play-dinosaur\/#primaryimage"},"thumbnailUrl":"https:\/\/glassouse.com\/wp-content\/uploads\/2020\/08\/Record-and-Play-Dinosaur-2.jpg","datePublished":"2026-04-29T18:22:48+00:00","description":"Shop this adaptive switch activated record and play dinosaur. Connect any 3.5mm jack switch and play with the toy. Suitable for kids with disabilities.","breadcrumb":{"@id":"https:\/\/glassouse.com\/product\/record-play-dinosaur\/#breadcrumb"},"inLanguage":"tr","potentialAction":[{"@type":"ReadAction","target":["https:\/\/glassouse.com\/product\/record-play-dinosaur\/"]}]},{"@type":"ImageObject","inLanguage":"tr","@id":"https:\/\/glassouse.com\/product\/record-play-dinosaur\/#primaryimage","url":"https:\/\/glassouse.com\/wp-content\/uploads\/2020\/08\/Record-and-Play-Dinosaur-2.jpg","contentUrl":"https:\/\/glassouse.com\/wp-content\/uploads\/2020\/08\/Record-and-Play-Dinosaur-2.jpg","width":1000,"height":1000,"caption":"Record-and-Play-Dinosaur"},{"@type":"BreadcrumbList","@id":"https:\/\/glassouse.com\/product\/record-play-dinosaur\/#breadcrumb","itemListElement":[{"@type":"ListItem","position":1,"name":"Home","item":"https:\/\/glassouse.com\/"},{"@type":"ListItem","position":2,"name":"Shop","item":"https:\/\/glassouse.com\/assistive-device_shop\/"},{"@type":"ListItem","position":3,"name":"GAT03 Record &#038; Play Dinosaur"}]},{"@type":"WebSite","@id":"https:\/\/glassouse.com\/#website","url":"https:\/\/glassouse.com\/","name":"Glassouse Yard\u0131mc\u0131 Cihaz","description":"Assistive Device and Switches for Disabled","publisher":{"@id":"https:\/\/glassouse.com\/#organization"},"potentialAction":[{"@type":"SearchAction","target":{"@type":"EntryPoint","urlTemplate":"https:\/\/glassouse.com\/?s={search_term_string}"},"query-input":{"@type":"PropertyValueSpecification","valueRequired":true,"valueName":"search_term_string"}}],"inLanguage":"tr"},{"@type":"Organization","@id":"https:\/\/glassouse.com\/#organization","name":"GlassOuse Yard\u0131mc\u0131 Cihaz","url":"https:\/\/glassouse.com\/","logo":{"@type":"ImageObject","inLanguage":"tr","@id":"https:\/\/glassouse.com\/#\/schema\/logo\/image\/","url":"https:\/\/glassouse.com\/wp-content\/uploads\/2017\/11\/logo.jpg","contentUrl":"https:\/\/glassouse.com\/wp-content\/uploads\/2017\/11\/logo.jpg","width":500,"height":500,"caption":"GlassOuse Assistive Device"},"image":{"@id":"https:\/\/glassouse.com\/#\/schema\/logo\/image\/"},"sameAs":["https:\/\/www.facebook.com\/glassouse\/","https:\/\/x.com\/glassouse","https:\/\/www.instagram.com\/glassouseassistivedevice\/","https:\/\/www.linkedin.com\/company\/glassouse\/","https:\/\/www.youtube.com\/channel\/UCM5pebcmVXbu00QYd91_Gyw"]}]}},"_links":{"self":[{"href":"https:\/\/glassouse.com\/tr\/wp-json\/wp\/v2\/product\/3412","targetHints":{"allow":["GET"]}}],"collection":[{"href":"https:\/\/glassouse.com\/tr\/wp-json\/wp\/v2\/product"}],"about":[{"href":"https:\/\/glassouse.com\/tr\/wp-json\/wp\/v2\/types\/product"}],"wp:featuredmedia":[{"embeddable":true,"href":"https:\/\/glassouse.com\/tr\/wp-json\/wp\/v2\/media\/4553"}],"wp:attachment":[{"href":"https:\/\/glassouse.com\/tr\/wp-json\/wp\/v2\/media?parent=3412"}],"wp:term":[{"taxonomy":"product_brand","embeddable":true,"href":"https:\/\/glassouse.com\/tr\/wp-json\/wp\/v2\/product_brand?post=3412"},{"taxonomy":"product_cat","embeddable":true,"href":"https:\/\/glassouse.com\/tr\/wp-json\/wp\/v2\/product_cat?post=3412"},{"taxonomy":"product_tag","embeddable":true,"href":"https:\/\/glassouse.com\/tr\/wp-json\/wp\/v2\/product_tag?post=3412"}],"curies":[{"name":"wp","href":"https:\/\/api.w.org\/{rel}","templated":true}]}}