{"id":34191,"date":"2018-07-26T08:13:01","date_gmt":"2018-07-26T08:13:01","guid":{"rendered":"https:\/\/glassouse.com\/product\/ac03-glassouse-seyahat-cantasi\/"},"modified":"2018-07-26T08:13:01","modified_gmt":"2018-07-26T00:13:01","slug":"ac03-glassouse-seyahat-cantasi","status":"publish","type":"product","link":"https:\/\/glassouse.com\/tr\/product\/ac03-glassouse-seyahat-cantasi\/","title":{"rendered":"AC03 GlassOuse Seyahat \u00c7antas\u0131"},"content":{"rendered":"","protected":false},"excerpt":{"rendered":"<h4>GLASSOUSE V1.4 KILIF<\/h4>\n<p>1x AC03 GlassOuse Seyahat \u00c7antas\u0131<\/p>\n<p>Renk: Siyah<\/p>\n<p>GlassOuse V1.4 \/ GlassOuse V1.3 \/ GlassOuse V1.2 i\u00e7in mat deri sert kapakl\u0131 seyahat \u00e7antas\u0131<\/p>\n","protected":false},"featured_media":34208,"template":"","meta":{"_acf_changed":false},"product_brand":[],"product_cat":[451],"product_tag":[],"class_list":{"0":"post-34191","1":"product","2":"type-product","3":"status-publish","4":"has-post-thumbnail","6":"product_cat-glassouse-aksesuarlari","8":"first","9":"instock","10":"shipping-taxable","11":"purchasable","12":"product-type-simple"},"acf":[],"yoast_head":"<!-- This site is optimized with the Yoast SEO plugin v27.4 - https:\/\/yoast.com\/product\/yoast-seo-wordpress\/ -->\n<title>GlassOuse V1.4 Seyahat \u00c7antas\u0131 S\u0131radan g\u00f6zl\u00fckler i\u00e7in uygundur<\/title>\n<meta name=\"description\" content=\"GlassOuse V1.4 i\u00e7in Seyahat \u00c7antas\u0131, yard\u0131mc\u0131 cihaz veya engelli insanlar, s\u0131radan g\u00f6zl\u00fckler i\u00e7in uygun, dayan\u0131kl\u0131 ve sa\u011flam malzemelerden yap\u0131lm\u0131\u015ft\u0131r. D\u00fcnya \u00e7ap\u0131nda nakliye.\" \/>\n<meta name=\"robots\" content=\"index, follow, max-snippet:-1, max-image-preview:large, max-video-preview:-1\" \/>\n<link rel=\"canonical\" href=\"https:\/\/glassouse.com\/tr\/product\/ac03-glassouse-seyahat-cantasi\/\" \/>\n<meta property=\"og:locale\" content=\"tr_TR\" \/>\n<meta property=\"og:type\" content=\"article\" \/>\n<meta property=\"og:title\" content=\"GlassOuse V1.4 Seyahat \u00c7antas\u0131 S\u0131radan g\u00f6zl\u00fckler i\u00e7in uygundur\" \/>\n<meta property=\"og:description\" content=\"GlassOuse V1.4 i\u00e7in Seyahat \u00c7antas\u0131, yard\u0131mc\u0131 cihaz veya engelli insanlar, s\u0131radan g\u00f6zl\u00fckler i\u00e7in uygun, dayan\u0131kl\u0131 ve sa\u011flam malzemelerden yap\u0131lm\u0131\u015ft\u0131r. D\u00fcnya \u00e7ap\u0131nda nakliye.\" \/>\n<meta property=\"og:url\" content=\"https:\/\/glassouse.com\/tr\/product\/ac03-glassouse-seyahat-cantasi\/\" \/>\n<meta property=\"og:site_name\" content=\"Glassouse Assistive Device\" \/>\n<meta property=\"article:publisher\" content=\"https:\/\/www.facebook.com\/glassouse\/\" \/>\n<meta property=\"og:image\" content=\"https:\/\/glassouse.com\/wp-content\/uploads\/2018\/07\/GLASSOUSE-CASE-5.jpg\" \/>\n\t<meta property=\"og:image:width\" content=\"1000\" \/>\n\t<meta property=\"og:image:height\" content=\"1000\" \/>\n\t<meta property=\"og:image:type\" content=\"image\/jpeg\" \/>\n<meta name=\"twitter:card\" content=\"summary_large_image\" \/>\n<meta name=\"twitter:site\" content=\"@glassouse\" \/>\n<script type=\"application\/ld+json\" class=\"yoast-schema-graph\">{\"@context\":\"https:\\\/\\\/schema.org\",\"@graph\":[{\"@type\":\"WebPage\",\"@id\":\"https:\\\/\\\/glassouse.com\\\/tr\\\/product\\\/ac03-glassouse-seyahat-cantasi\\\/\",\"url\":\"https:\\\/\\\/glassouse.com\\\/tr\\\/product\\\/ac03-glassouse-seyahat-cantasi\\\/\",\"name\":\"GlassOuse V1.4 Seyahat \u00c7antas\u0131 S\u0131radan g\u00f6zl\u00fckler i\u00e7in uygundur\",\"isPartOf\":{\"@id\":\"https:\\\/\\\/glassouse.com\\\/tr\\\/#website\"},\"primaryImageOfPage\":{\"@id\":\"https:\\\/\\\/glassouse.com\\\/tr\\\/product\\\/ac03-glassouse-seyahat-cantasi\\\/#primaryimage\"},\"image\":{\"@id\":\"https:\\\/\\\/glassouse.com\\\/tr\\\/product\\\/ac03-glassouse-seyahat-cantasi\\\/#primaryimage\"},\"thumbnailUrl\":\"https:\\\/\\\/glassouse.com\\\/wp-content\\\/uploads\\\/2018\\\/07\\\/GLASSOUSE-CASE-5.jpg\",\"datePublished\":\"2018-07-26T08:13:01+00:00\",\"description\":\"GlassOuse V1.4 i\u00e7in Seyahat \u00c7antas\u0131, yard\u0131mc\u0131 cihaz veya engelli insanlar, s\u0131radan g\u00f6zl\u00fckler i\u00e7in uygun, dayan\u0131kl\u0131 ve sa\u011flam malzemelerden yap\u0131lm\u0131\u015ft\u0131r. D\u00fcnya \u00e7ap\u0131nda nakliye.\",\"breadcrumb\":{\"@id\":\"https:\\\/\\\/glassouse.com\\\/tr\\\/product\\\/ac03-glassouse-seyahat-cantasi\\\/#breadcrumb\"},\"inLanguage\":\"tr\",\"potentialAction\":[{\"@type\":\"ReadAction\",\"target\":[\"https:\\\/\\\/glassouse.com\\\/tr\\\/product\\\/ac03-glassouse-seyahat-cantasi\\\/\"]}]},{\"@type\":\"ImageObject\",\"inLanguage\":\"tr\",\"@id\":\"https:\\\/\\\/glassouse.com\\\/tr\\\/product\\\/ac03-glassouse-seyahat-cantasi\\\/#primaryimage\",\"url\":\"https:\\\/\\\/glassouse.com\\\/wp-content\\\/uploads\\\/2018\\\/07\\\/GLASSOUSE-CASE-5.jpg\",\"contentUrl\":\"https:\\\/\\\/glassouse.com\\\/wp-content\\\/uploads\\\/2018\\\/07\\\/GLASSOUSE-CASE-5.jpg\",\"width\":1000,\"height\":1000,\"caption\":\"CAM KUTU-CASE\"},{\"@type\":\"BreadcrumbList\",\"@id\":\"https:\\\/\\\/glassouse.com\\\/tr\\\/product\\\/ac03-glassouse-seyahat-cantasi\\\/#breadcrumb\",\"itemListElement\":[{\"@type\":\"ListItem\",\"position\":1,\"name\":\"Home\",\"item\":\"https:\\\/\\\/glassouse.com\\\/tr\\\/ev\\\/\"},{\"@type\":\"ListItem\",\"position\":2,\"name\":\"Ma\u011faza\",\"item\":\"https:\\\/\\\/glassouse.com\\\/tr\\\/magaza\\\/\"},{\"@type\":\"ListItem\",\"position\":3,\"name\":\"AC03 GlassOuse Seyahat \u00c7antas\u0131\"}]},{\"@type\":\"WebSite\",\"@id\":\"https:\\\/\\\/glassouse.com\\\/tr\\\/#website\",\"url\":\"https:\\\/\\\/glassouse.com\\\/tr\\\/\",\"name\":\"Glassouse Assistive Device\",\"description\":\"Assistive Device and Switches for Disabled\",\"publisher\":{\"@id\":\"https:\\\/\\\/glassouse.com\\\/tr\\\/#organization\"},\"potentialAction\":[{\"@type\":\"SearchAction\",\"target\":{\"@type\":\"EntryPoint\",\"urlTemplate\":\"https:\\\/\\\/glassouse.com\\\/tr\\\/?s={search_term_string}\"},\"query-input\":{\"@type\":\"PropertyValueSpecification\",\"valueRequired\":true,\"valueName\":\"search_term_string\"}}],\"inLanguage\":\"tr\"},{\"@type\":\"Organization\",\"@id\":\"https:\\\/\\\/glassouse.com\\\/tr\\\/#organization\",\"name\":\"GlassOuse Assistive Device\",\"url\":\"https:\\\/\\\/glassouse.com\\\/tr\\\/\",\"logo\":{\"@type\":\"ImageObject\",\"inLanguage\":\"tr\",\"@id\":\"https:\\\/\\\/glassouse.com\\\/tr\\\/#\\\/schema\\\/logo\\\/image\\\/\",\"url\":\"https:\\\/\\\/glassouse.com\\\/wp-content\\\/uploads\\\/2017\\\/11\\\/logo.jpg\",\"contentUrl\":\"https:\\\/\\\/glassouse.com\\\/wp-content\\\/uploads\\\/2017\\\/11\\\/logo.jpg\",\"width\":500,\"height\":500,\"caption\":\"GlassOuse Assistive Device\"},\"image\":{\"@id\":\"https:\\\/\\\/glassouse.com\\\/tr\\\/#\\\/schema\\\/logo\\\/image\\\/\"},\"sameAs\":[\"https:\\\/\\\/www.facebook.com\\\/glassouse\\\/\",\"https:\\\/\\\/x.com\\\/glassouse\",\"https:\\\/\\\/www.instagram.com\\\/glassouseassistivedevice\\\/\",\"https:\\\/\\\/www.linkedin.com\\\/company\\\/glassouse\\\/\",\"https:\\\/\\\/www.youtube.com\\\/channel\\\/UCM5pebcmVXbu00QYd91_Gyw\"]}]}<\/script>\n<!-- \/ Yoast SEO plugin. -->","yoast_head_json":{"title":"GlassOuse V1.4 Seyahat \u00c7antas\u0131 S\u0131radan g\u00f6zl\u00fckler i\u00e7in uygundur","description":"GlassOuse V1.4 i\u00e7in Seyahat \u00c7antas\u0131, yard\u0131mc\u0131 cihaz veya engelli insanlar, s\u0131radan g\u00f6zl\u00fckler i\u00e7in uygun, dayan\u0131kl\u0131 ve sa\u011flam malzemelerden yap\u0131lm\u0131\u015ft\u0131r. D\u00fcnya \u00e7ap\u0131nda nakliye.","robots":{"index":"index","follow":"follow","max-snippet":"max-snippet:-1","max-image-preview":"max-image-preview:large","max-video-preview":"max-video-preview:-1"},"canonical":"https:\/\/glassouse.com\/tr\/product\/ac03-glassouse-seyahat-cantasi\/","og_locale":"tr_TR","og_type":"article","og_title":"GlassOuse V1.4 Seyahat \u00c7antas\u0131 S\u0131radan g\u00f6zl\u00fckler i\u00e7in uygundur","og_description":"GlassOuse V1.4 i\u00e7in Seyahat \u00c7antas\u0131, yard\u0131mc\u0131 cihaz veya engelli insanlar, s\u0131radan g\u00f6zl\u00fckler i\u00e7in uygun, dayan\u0131kl\u0131 ve sa\u011flam malzemelerden yap\u0131lm\u0131\u015ft\u0131r. D\u00fcnya \u00e7ap\u0131nda nakliye.","og_url":"https:\/\/glassouse.com\/tr\/product\/ac03-glassouse-seyahat-cantasi\/","og_site_name":"Glassouse Assistive Device","article_publisher":"https:\/\/www.facebook.com\/glassouse\/","og_image":[{"width":1000,"height":1000,"url":"https:\/\/glassouse.com\/wp-content\/uploads\/2018\/07\/GLASSOUSE-CASE-5.jpg","type":"image\/jpeg"}],"twitter_card":"summary_large_image","twitter_site":"@glassouse","schema":{"@context":"https:\/\/schema.org","@graph":[{"@type":"WebPage","@id":"https:\/\/glassouse.com\/tr\/product\/ac03-glassouse-seyahat-cantasi\/","url":"https:\/\/glassouse.com\/tr\/product\/ac03-glassouse-seyahat-cantasi\/","name":"GlassOuse V1.4 Seyahat \u00c7antas\u0131 S\u0131radan g\u00f6zl\u00fckler i\u00e7in uygundur","isPartOf":{"@id":"https:\/\/glassouse.com\/tr\/#website"},"primaryImageOfPage":{"@id":"https:\/\/glassouse.com\/tr\/product\/ac03-glassouse-seyahat-cantasi\/#primaryimage"},"image":{"@id":"https:\/\/glassouse.com\/tr\/product\/ac03-glassouse-seyahat-cantasi\/#primaryimage"},"thumbnailUrl":"https:\/\/glassouse.com\/wp-content\/uploads\/2018\/07\/GLASSOUSE-CASE-5.jpg","datePublished":"2018-07-26T08:13:01+00:00","description":"GlassOuse V1.4 i\u00e7in Seyahat \u00c7antas\u0131, yard\u0131mc\u0131 cihaz veya engelli insanlar, s\u0131radan g\u00f6zl\u00fckler i\u00e7in uygun, dayan\u0131kl\u0131 ve sa\u011flam malzemelerden yap\u0131lm\u0131\u015ft\u0131r. D\u00fcnya \u00e7ap\u0131nda nakliye.","breadcrumb":{"@id":"https:\/\/glassouse.com\/tr\/product\/ac03-glassouse-seyahat-cantasi\/#breadcrumb"},"inLanguage":"tr","potentialAction":[{"@type":"ReadAction","target":["https:\/\/glassouse.com\/tr\/product\/ac03-glassouse-seyahat-cantasi\/"]}]},{"@type":"ImageObject","inLanguage":"tr","@id":"https:\/\/glassouse.com\/tr\/product\/ac03-glassouse-seyahat-cantasi\/#primaryimage","url":"https:\/\/glassouse.com\/wp-content\/uploads\/2018\/07\/GLASSOUSE-CASE-5.jpg","contentUrl":"https:\/\/glassouse.com\/wp-content\/uploads\/2018\/07\/GLASSOUSE-CASE-5.jpg","width":1000,"height":1000,"caption":"CAM KUTU-CASE"},{"@type":"BreadcrumbList","@id":"https:\/\/glassouse.com\/tr\/product\/ac03-glassouse-seyahat-cantasi\/#breadcrumb","itemListElement":[{"@type":"ListItem","position":1,"name":"Home","item":"https:\/\/glassouse.com\/tr\/ev\/"},{"@type":"ListItem","position":2,"name":"Ma\u011faza","item":"https:\/\/glassouse.com\/tr\/magaza\/"},{"@type":"ListItem","position":3,"name":"AC03 GlassOuse Seyahat \u00c7antas\u0131"}]},{"@type":"WebSite","@id":"https:\/\/glassouse.com\/tr\/#website","url":"https:\/\/glassouse.com\/tr\/","name":"Glassouse Assistive Device","description":"Assistive Device and Switches for Disabled","publisher":{"@id":"https:\/\/glassouse.com\/tr\/#organization"},"potentialAction":[{"@type":"SearchAction","target":{"@type":"EntryPoint","urlTemplate":"https:\/\/glassouse.com\/tr\/?s={search_term_string}"},"query-input":{"@type":"PropertyValueSpecification","valueRequired":true,"valueName":"search_term_string"}}],"inLanguage":"tr"},{"@type":"Organization","@id":"https:\/\/glassouse.com\/tr\/#organization","name":"GlassOuse Assistive Device","url":"https:\/\/glassouse.com\/tr\/","logo":{"@type":"ImageObject","inLanguage":"tr","@id":"https:\/\/glassouse.com\/tr\/#\/schema\/logo\/image\/","url":"https:\/\/glassouse.com\/wp-content\/uploads\/2017\/11\/logo.jpg","contentUrl":"https:\/\/glassouse.com\/wp-content\/uploads\/2017\/11\/logo.jpg","width":500,"height":500,"caption":"GlassOuse Assistive Device"},"image":{"@id":"https:\/\/glassouse.com\/tr\/#\/schema\/logo\/image\/"},"sameAs":["https:\/\/www.facebook.com\/glassouse\/","https:\/\/x.com\/glassouse","https:\/\/www.instagram.com\/glassouseassistivedevice\/","https:\/\/www.linkedin.com\/company\/glassouse\/","https:\/\/www.youtube.com\/channel\/UCM5pebcmVXbu00QYd91_Gyw"]}]}},"_links":{"self":[{"href":"https:\/\/glassouse.com\/tr\/wp-json\/wp\/v2\/product\/34191","targetHints":{"allow":["GET"]}}],"collection":[{"href":"https:\/\/glassouse.com\/tr\/wp-json\/wp\/v2\/product"}],"about":[{"href":"https:\/\/glassouse.com\/tr\/wp-json\/wp\/v2\/types\/product"}],"wp:featuredmedia":[{"embeddable":true,"href":"https:\/\/glassouse.com\/tr\/wp-json\/wp\/v2\/media\/34208"}],"wp:attachment":[{"href":"https:\/\/glassouse.com\/tr\/wp-json\/wp\/v2\/media?parent=34191"}],"wp:term":[{"taxonomy":"product_brand","embeddable":true,"href":"https:\/\/glassouse.com\/tr\/wp-json\/wp\/v2\/product_brand?post=34191"},{"taxonomy":"product_cat","embeddable":true,"href":"https:\/\/glassouse.com\/tr\/wp-json\/wp\/v2\/product_cat?post=34191"},{"taxonomy":"product_tag","embeddable":true,"href":"https:\/\/glassouse.com\/tr\/wp-json\/wp\/v2\/product_tag?post=34191"}],"curies":[{"name":"wp","href":"https:\/\/api.w.org\/{rel}","templated":true}]}}