{"id":34210,"date":"2019-04-15T14:38:47","date_gmt":"2019-04-15T06:38:47","guid":{"rendered":"https:\/\/glassouse.com\/product\/gs05-glassouse-pres-anahtari-100gr\/"},"modified":"2026-04-27T17:50:04","modified_gmt":"2026-04-27T09:50:04","slug":"gs05-glassouse-pres-anahtari-100gr","status":"publish","type":"product","link":"https:\/\/glassouse.com\/tr\/product\/gs05-glassouse-pres-anahtari-100gr\/","title":{"rendered":"GS05 GlassOuse Pres Anahtar\u0131 100gr"},"content":{"rendered":"<div class=\"wpb-content-wrapper\"><p>[vc_row unlock_row_content=&#8221;yes&#8221; row_height_percent=&#8221;0&#8243; override_padding=&#8221;yes&#8221; h_padding=&#8221;0&#8243; top_padding=&#8221;0&#8243; bottom_padding=&#8221;0&#8243; overlay_alpha=&#8221;50&#8243; equal_height=&#8221;yes&#8221; gutter_size=&#8221;0&#8243; column_width_percent=&#8221;100&#8243; shift_y=&#8221;0&#8243; z_index=&#8221;0&#8243; el_class=&#8221;compact_section&#8221; uncode_shortcode_id=&#8221;152351&#8243; css=&#8221;.vc_custom_1699886063694{padding-top: 15px !important;padding-right: 0px !important;padding-left: 0px !important;}&#8221;][vc_column column_width_percent=&#8221;100&#8243; position_horizontal=&#8221;left&#8221; position_vertical=&#8221;middle&#8221; gutter_size=&#8221;0&#8243; override_padding=&#8221;yes&#8221; column_padding=&#8221;0&#8243; back_image=&#8221;34240&#8243; back_repeat=&#8221;no-repeat&#8221; overlay_alpha=&#8221;50&#8243; shift_x=&#8221;0&#8243; shift_y=&#8221;0&#8243; shift_y_down=&#8221;0&#8243; z_index=&#8221;0&#8243; medium_width=&#8221;0&#8243; mobile_width=&#8221;0&#8243; width=&#8221;1\/1&#8243; uncode_shortcode_id=&#8221;116957&#8243; css=&#8221;.vc_custom_1716844053858{padding-top: 160px !important;padding-right: 0px !important;padding-bottom: 160px !important;padding-left: 50px !important;}&#8221; el_class=&#8221;content_column bg_right_top&#8221;][vc_row_inner row_inner_height_percent=&#8221;0&#8243; force_width_grid=&#8221;yes&#8221; overlay_alpha=&#8221;50&#8243; gutter_size=&#8221;0&#8243; shift_y=&#8221;0&#8243; z_index=&#8221;0&#8243; uncode_shortcode_id=&#8221;101637&#8243; css=&#8221;.vc_custom_1699885489765{padding-right: 0px !important;padding-left: 0px !important;}&#8221; el_class=&#8221;limit-width&#8221;][vc_column_inner width=&#8221;1\/2&#8243;][\/vc_column_inner][vc_column_inner column_width_percent=&#8221;100&#8243; position_horizontal=&#8221;left&#8221; position_vertical=&#8221;middle&#8221; gutter_size=&#8221;0&#8243; override_padding=&#8221;yes&#8221; column_padding=&#8221;0&#8243; overlay_alpha=&#8221;50&#8243; shift_x=&#8221;0&#8243; shift_y=&#8221;0&#8243; shift_y_down=&#8221;0&#8243; z_index=&#8221;0&#8243; medium_width=&#8221;0&#8243; mobile_width=&#8221;0&#8243; width=&#8221;1\/2&#8243; uncode_shortcode_id=&#8221;160996&#8243; css=&#8221;.vc_custom_1699830045690{padding-right: 2% !important;padding-left: 0px !important;}&#8221;][vc_custom_heading text_color=&#8221;color-jevc&#8221; text_size=&#8221;h3&#8243; text_weight=&#8221;600&#8243; uncode_shortcode_id=&#8221;604962&#8243; text_color_type=&#8221;uncode-palette&#8221; el_class=&#8221;lh-1&#8243;]Hafif, Dokunsal<br \/>\nGeri Bildirim Anahtar\u0131: 100gr\/ 120g[\/vc_custom_heading][vc_separator sep_color=&#8221;&#8221; icon_position=&#8221;left&#8221; el_height=&#8221;5px&#8221; uncode_shortcode_id=&#8221;162390&#8243; sep_color_type=&#8221;uncode-solid&#8221; el_width=&#8221;40px&#8221; sep_color_solid=&#8221;#43b8db&#8221; el_class=&#8221;c-divider&#8221;][\/vc_column_inner][\/vc_row_inner][\/vc_column][\/vc_row][vc_row row_height_percent=&#8221;0&#8243; overlay_alpha=&#8221;50&#8243; gutter_size=&#8221;3&#8243; column_width_percent=&#8221;100&#8243; shift_y=&#8221;0&#8243; z_index=&#8221;0&#8243; uncode_shortcode_id=&#8221;167275&#8243; css=&#8221;.vc_custom_1699887163315{padding-top: 50px !important;}&#8221;][vc_column column_width_percent=&#8221;100&#8243; align_horizontal=&#8221;align_center&#8221; gutter_size=&#8221;3&#8243; overlay_alpha=&#8221;50&#8243; shift_x=&#8221;0&#8243; shift_y=&#8221;0&#8243; shift_y_down=&#8221;0&#8243; z_index=&#8221;0&#8243; medium_width=&#8221;0&#8243; mobile_width=&#8221;0&#8243; width=&#8221;1\/1&#8243; uncode_shortcode_id=&#8221;798976&#8243;][vc_custom_heading text_color=&#8221;color-jevc&#8221; text_size=&#8221;h3&#8243; text_weight=&#8221;700&#8243; text_height=&#8221;lh-n&#8221; uncode_shortcode_id=&#8221;149551&#8243; text_color_type=&#8221;uncode-palette&#8221;]Pres Anahtar\u0131 100gr\/ Mini Pres Anahtar\u0131 120g[\/vc_custom_heading][vc_custom_heading text_color=&#8221;color-jevc&#8221; heading_semantic=&#8221;p&#8221; text_size=&#8221;&#8221; text_weight=&#8221;500&#8243; text_height=&#8221;lh-n&#8221; uncode_shortcode_id=&#8221;367932&#8243; text_color_type=&#8221;uncode-palette&#8221; el_class=&#8221;mt-0 pt-10&#8243;]\u0130le Uyumlu[\/vc_custom_heading][vc_row_inner row_inner_height_percent=&#8221;0&#8243; overlay_alpha=&#8221;50&#8243; gutter_size=&#8221;3&#8243; shift_y=&#8221;0&#8243; z_index=&#8221;0&#8243; uncode_shortcode_id=&#8221;190634&#8243; el_class=&#8221;icon_boxs_wrap&#8221; css=&#8221;.vc_custom_1699887284713{margin-top: 50px !important;padding-bottom: 0px !important;}&#8221;][vc_column_inner column_width_percent=&#8221;100&#8243; align_horizontal=&#8221;align_center&#8221; gutter_size=&#8221;2&#8243; overlay_alpha=&#8221;50&#8243; shift_x=&#8221;0&#8243; shift_y=&#8221;0&#8243; shift_y_down=&#8221;0&#8243; z_index=&#8221;0&#8243; medium_width=&#8221;0&#8243; mobile_width=&#8221;0&#8243; width=&#8221;1\/1&#8243; uncode_shortcode_id=&#8221;168717&#8243;][vc_icon display=&#8221;inline&#8221; icon_image=&#8221;21103&#8243; media_size=&#8221;300&#8243; text_size=&#8221;h4&#8243; text_weight=&#8221;500&#8243; text_height=&#8221;lh-n&#8221; uncode_shortcode_id=&#8221;697144&#8243; title=&#8221;GlassOuse PRO\/Link&#8221; link=&#8221;url:https%3A%2F%2Fglassouse.com%2Ftr%2Fproduct%2Fglassouse-pro-2%2F|title:GlassOuse%20PRO|target:_blank|&#8221;][\/vc_icon][vc_icon display=&#8221;inline&#8221; icon_image=&#8221;21111&#8243; media_size=&#8221;300&#8243; text_size=&#8221;h4&#8243; text_weight=&#8221;500&#8243; text_height=&#8221;lh-n&#8221; uncode_shortcode_id=&#8221;869660&#8243; title=&#8221;GlassOuse 1.4&#8243; link=&#8221;url:https%3A%2F%2Fglassouse.com%2Fproduct%2Fglassouse-v1-4-assistive-device-buy%2F|title:GlassOuse%20V1.4|target:_blank|&#8221;][\/vc_icon][\/vc_column_inner][\/vc_row_inner][\/vc_column][\/vc_row][vc_row row_height_percent=&#8221;0&#8243; override_padding=&#8221;yes&#8221; h_padding=&#8221;0&#8243; top_padding=&#8221;0&#8243; bottom_padding=&#8221;3&#8243; overlay_alpha=&#8221;50&#8243; gutter_size=&#8221;3&#8243; column_width_percent=&#8221;100&#8243; shift_y=&#8221;0&#8243; z_index=&#8221;0&#8243; uncode_shortcode_id=&#8221;337339&#8243; css=&#8221;.vc_custom_1699889376802{padding-top: 10px !important;}&#8221;][vc_column column_width_percent=&#8221;65&#8243; gutter_size=&#8221;3&#8243; overlay_alpha=&#8221;50&#8243; shift_x=&#8221;0&#8243; shift_y=&#8221;0&#8243; shift_y_down=&#8221;0&#8243; z_index=&#8221;0&#8243; medium_width=&#8221;0&#8243; mobile_width=&#8221;0&#8243; width=&#8221;1\/1&#8243; uncode_shortcode_id=&#8221;668692&#8243;][vc_icon position=&#8221;left&#8221; icon=&#8221;fa fa-play&#8221; icon_image=&#8221;21850&#8243; icon_color=&#8221;color-xsdn&#8221; uncode_shortcode_id=&#8221;140516&#8243; icon_color_type=&#8221;uncode-palette&#8221; media_lightbox=&#8221;21858&#8243; el_class=&#8221;video_box&#8221;][\/vc_icon][vc_column_text uncode_shortcode_id=&#8221;147561&#8243;]<strong>Daha az fiziksel kontrole sahip kullan\u0131c\u0131lar i\u00e7in dayan\u0131kl\u0131 bir anahtar se\u00e7ene\u011fi.<\/strong>  Press Switch 100g, 8,63 cm&#8217;lik aktivasyon y\u00fczeyi sa\u011flayarak \u00fcr\u00fcn\u00fc etkile\u015fim i\u00e7in b\u00fcy\u00fck veya k\u00fc\u00e7\u00fck bir hedef alana ihtiya\u00e7 duyan her iki kullan\u0131c\u0131 grubu i\u00e7in de yeterince rahat hale getirir. 100g aktivasyon kuvvetiyle \u00e7al\u0131\u015fan Press Switch 100g, i\u015fitsel bir klik sesine ve dokunsal geri bildirime sahiptir. <\/p>\n<p><strong>Press Switch 100g, 185 cm uzunlu\u011funda bir kablo ve 3,5 mm mono jak eklentisi ile birlikte gelir.<\/strong>  Farkl\u0131 montaj se\u00e7enekleri veya \u00e7ift tarafl\u0131 musluklarla kullan\u0131labilir.[\/vc_column_text][vc_gallery el_id=&#8221;gallery-469288&#8243; isotope_mode=&#8221;fitRows&#8221; medias=&#8221;34241,34243&#8243; gutter_size=&#8221;2&#8243; screen_lg=&#8221;1000&#8243; screen_md=&#8221;600&#8243; screen_sm=&#8221;480&#8243; single_overlay_opacity=&#8221;50&#8243; single_h_align=&#8221;center&#8221; single_padding=&#8221;2&#8243; uncode_shortcode_id=&#8221;138965&#8243; items=&#8221;eyIxMjIwNF9pIjp7InNpbmdsZV90ZXh0Ijoib3ZlcmxheSJ9fQ==&#8221; el_class=&#8221;c_gallery two_column_gallery&#8221;][vc_gallery el_id=&#8221;gallery-469288&#8243; medias=&#8221;34242&#8243; gutter_size=&#8221;3&#8243; screen_lg=&#8221;1000&#8243; screen_md=&#8221;600&#8243; screen_sm=&#8221;480&#8243; single_width=&#8221;12&#8243; single_overlay_opacity=&#8221;50&#8243; single_padding=&#8221;2&#8243; uncode_shortcode_id=&#8221;137025&#8243; el_class=&#8221;c_gallery mt-0 pt-20&#8243;][vc_column_text uncode_shortcode_id=&#8221;127306&#8243;]\u015eimdi, bir de mini versiyonumuz mevcut.<\/p>\n<p>Daha kompakt bir se\u00e7enek tercih edenler i\u00e7in <strong>Mini Press Switch 120g, sadece 120g&#8217;l\u0131k d\u00fc\u015f\u00fck bir aktivasyon kuvvetini korurken 4 cm&#8217;lik bir aktivasyon y\u00fczeyine sahiptir<\/strong>. Dokunsal ve i\u015fitsel geri bildirim sa\u011flar, bu da onu daha k\u00fc\u00e7\u00fck bir hedef alana ihtiya\u00e7 duyan kullan\u0131c\u0131lar i\u00e7in ideal hale getirir. <\/p>\n<p>Mini Press Switch 120g, 195 cm uzunlu\u011funda bir kablo ve 3,5 mm mono jak fi\u015fiyle birlikte gelir. \u00c7e\u015fitli montaj se\u00e7enekleriyle kullan\u0131labilir veya kolay kurulum i\u00e7in \u00e7ift tarafl\u0131 bant kullan\u0131larak rahat\u00e7a tak\u0131labilir.[\/vc_column_text][vc_gallery el_id=&#8221;gallery-174664&#8243; medias=&#8221;34251,34250&#8243; gutter_size=&#8221;3&#8243; screen_lg=&#8221;1000&#8243; screen_md=&#8221;600&#8243; screen_sm=&#8221;480&#8243; single_overlay_opacity=&#8221;50&#8243; single_padding=&#8221;2&#8243; uncode_shortcode_id=&#8221;348696&#8243;][vc_gallery el_id=&#8221;gallery-174664&#8243; medias=&#8221;34252&#8243; gutter_size=&#8221;3&#8243; screen_lg=&#8221;1000&#8243; screen_md=&#8221;600&#8243; screen_sm=&#8221;480&#8243; single_width=&#8221;12&#8243; single_overlay_opacity=&#8221;50&#8243; single_padding=&#8221;2&#8243; uncode_shortcode_id=&#8221;120865&#8243;][\/vc_column][\/vc_row]<\/p>\n<\/div>","protected":false},"excerpt":{"rendered":"<p>[vc_row unlock_row_content=&#8221;yes&#8221; row_height_percent=&#8221;0&#8243; override_padding=&#8221;yes&#8221; h_padding=&#8221;0&#8243; top_padding=&#8221;0&#8243; bottom_padding=&#8221;0&#8243; overlay_alpha=&#8221;50&#8243; equal_height=&#8221;yes&#8221; gutter_size=&#8221;0&#8243; column_width_percent=&#8221;100&#8243; shift_y=&#8221;0&#8243; z_index=&#8221;0&#8243; el_class=&#8221;compact_section&#8221; uncode_shortcode_id=&#8221;152351&#8243; css=&#8221;.vc_custom_1699886063694{padding-top: 15px !important;padding-right: 0px !important;padding-left: [&hellip;]<\/p>\n","protected":false},"featured_media":34247,"template":"","meta":{"_acf_changed":false},"product_brand":[],"product_cat":[459],"product_tag":[],"class_list":{"0":"post-34210","1":"product","2":"type-product","3":"status-publish","4":"has-post-thumbnail","6":"product_cat-g-switchler","8":"first","9":"instock","10":"shipping-taxable","11":"purchasable","12":"product-type-variable"},"acf":[],"yoast_head":"<!-- This site is optimized with the Yoast SEO plugin v27.4 - https:\/\/yoast.com\/product\/yoast-seo-wordpress\/ -->\n<title>Engelliler i\u00e7in Basmal\u0131 Anahtar - Yard\u0131mc\u0131 Cihaz i\u00e7in Uyarlanm\u0131\u015f Anahtar<\/title>\n<meta name=\"description\" content=\"Engelliler i\u00e7in 100gr Basmal\u0131 Anahtar sat\u0131n al\u0131n. GlassOuse V1.2 ve di\u011fer uyarlanm\u0131\u015f cihazlar ve oyuncaklar ile uyumludur. Uluslararas\u0131 g\u00f6nderim.\" \/>\n<meta name=\"robots\" content=\"index, follow, max-snippet:-1, max-image-preview:large, max-video-preview:-1\" \/>\n<link rel=\"canonical\" href=\"https:\/\/glassouse.com\/tr\/product\/gs05-glassouse-pres-anahtari-100gr\/\" \/>\n<meta property=\"og:locale\" content=\"tr_TR\" \/>\n<meta property=\"og:type\" content=\"article\" \/>\n<meta property=\"og:title\" content=\"Engelliler i\u00e7in Basmal\u0131 Anahtar - Yard\u0131mc\u0131 Cihaz i\u00e7in Uyarlanm\u0131\u015f Anahtar\" \/>\n<meta property=\"og:description\" content=\"Engelliler i\u00e7in 100gr Basmal\u0131 Anahtar sat\u0131n al\u0131n. GlassOuse V1.2 ve di\u011fer uyarlanm\u0131\u015f cihazlar ve oyuncaklar ile uyumludur. Uluslararas\u0131 g\u00f6nderim.\" \/>\n<meta property=\"og:url\" content=\"https:\/\/glassouse.com\/tr\/product\/gs05-glassouse-pres-anahtari-100gr\/\" \/>\n<meta property=\"og:site_name\" content=\"Glassouse Assistive Device\" \/>\n<meta property=\"article:publisher\" content=\"https:\/\/www.facebook.com\/glassouse\/\" \/>\n<meta property=\"article:modified_time\" content=\"2026-04-27T09:50:04+00:00\" \/>\n<meta property=\"og:image\" content=\"https:\/\/glassouse.com\/wp-content\/uploads\/2019\/04\/2-2.png\" \/>\n\t<meta property=\"og:image:width\" content=\"1773\" \/>\n\t<meta property=\"og:image:height\" content=\"1773\" \/>\n\t<meta property=\"og:image:type\" content=\"image\/png\" \/>\n<meta name=\"twitter:card\" content=\"summary_large_image\" \/>\n<meta name=\"twitter:site\" content=\"@glassouse\" \/>\n<meta name=\"twitter:label1\" content=\"Tahmini okuma s\u00fcresi\" \/>\n\t<meta name=\"twitter:data1\" content=\"5 dakika\" \/>\n<script type=\"application\/ld+json\" class=\"yoast-schema-graph\">{\"@context\":\"https:\\\/\\\/schema.org\",\"@graph\":[{\"@type\":\"WebPage\",\"@id\":\"https:\\\/\\\/glassouse.com\\\/tr\\\/product\\\/gs05-glassouse-pres-anahtari-100gr\\\/\",\"url\":\"https:\\\/\\\/glassouse.com\\\/tr\\\/product\\\/gs05-glassouse-pres-anahtari-100gr\\\/\",\"name\":\"Engelliler i\u00e7in Basmal\u0131 Anahtar - Yard\u0131mc\u0131 Cihaz i\u00e7in Uyarlanm\u0131\u015f Anahtar\",\"isPartOf\":{\"@id\":\"https:\\\/\\\/glassouse.com\\\/tr\\\/#website\"},\"primaryImageOfPage\":{\"@id\":\"https:\\\/\\\/glassouse.com\\\/tr\\\/product\\\/gs05-glassouse-pres-anahtari-100gr\\\/#primaryimage\"},\"image\":{\"@id\":\"https:\\\/\\\/glassouse.com\\\/tr\\\/product\\\/gs05-glassouse-pres-anahtari-100gr\\\/#primaryimage\"},\"thumbnailUrl\":\"https:\\\/\\\/glassouse.com\\\/wp-content\\\/uploads\\\/2019\\\/04\\\/2-2.png\",\"datePublished\":\"2019-04-15T06:38:47+00:00\",\"dateModified\":\"2026-04-27T09:50:04+00:00\",\"description\":\"Engelliler i\u00e7in 100gr Basmal\u0131 Anahtar sat\u0131n al\u0131n. GlassOuse V1.2 ve di\u011fer uyarlanm\u0131\u015f cihazlar ve oyuncaklar ile uyumludur. Uluslararas\u0131 g\u00f6nderim.\",\"breadcrumb\":{\"@id\":\"https:\\\/\\\/glassouse.com\\\/tr\\\/product\\\/gs05-glassouse-pres-anahtari-100gr\\\/#breadcrumb\"},\"inLanguage\":\"tr\",\"potentialAction\":[{\"@type\":\"ReadAction\",\"target\":[\"https:\\\/\\\/glassouse.com\\\/tr\\\/product\\\/gs05-glassouse-pres-anahtari-100gr\\\/\"]}]},{\"@type\":\"ImageObject\",\"inLanguage\":\"tr\",\"@id\":\"https:\\\/\\\/glassouse.com\\\/tr\\\/product\\\/gs05-glassouse-pres-anahtari-100gr\\\/#primaryimage\",\"url\":\"https:\\\/\\\/glassouse.com\\\/wp-content\\\/uploads\\\/2019\\\/04\\\/2-2.png\",\"contentUrl\":\"https:\\\/\\\/glassouse.com\\\/wp-content\\\/uploads\\\/2019\\\/04\\\/2-2.png\",\"width\":1773,\"height\":1773,\"caption\":\"GlassOuse Pres Anahtar\u0131 - Mini ve Normal\"},{\"@type\":\"BreadcrumbList\",\"@id\":\"https:\\\/\\\/glassouse.com\\\/tr\\\/product\\\/gs05-glassouse-pres-anahtari-100gr\\\/#breadcrumb\",\"itemListElement\":[{\"@type\":\"ListItem\",\"position\":1,\"name\":\"Home\",\"item\":\"https:\\\/\\\/glassouse.com\\\/tr\\\/ev\\\/\"},{\"@type\":\"ListItem\",\"position\":2,\"name\":\"Ma\u011faza\",\"item\":\"https:\\\/\\\/glassouse.com\\\/tr\\\/magaza\\\/\"},{\"@type\":\"ListItem\",\"position\":3,\"name\":\"GS05 GlassOuse Pres Anahtar\u0131 100gr\"}]},{\"@type\":\"WebSite\",\"@id\":\"https:\\\/\\\/glassouse.com\\\/tr\\\/#website\",\"url\":\"https:\\\/\\\/glassouse.com\\\/tr\\\/\",\"name\":\"Glassouse Assistive Device\",\"description\":\"Assistive Device and Switches for Disabled\",\"publisher\":{\"@id\":\"https:\\\/\\\/glassouse.com\\\/tr\\\/#organization\"},\"potentialAction\":[{\"@type\":\"SearchAction\",\"target\":{\"@type\":\"EntryPoint\",\"urlTemplate\":\"https:\\\/\\\/glassouse.com\\\/tr\\\/?s={search_term_string}\"},\"query-input\":{\"@type\":\"PropertyValueSpecification\",\"valueRequired\":true,\"valueName\":\"search_term_string\"}}],\"inLanguage\":\"tr\"},{\"@type\":\"Organization\",\"@id\":\"https:\\\/\\\/glassouse.com\\\/tr\\\/#organization\",\"name\":\"GlassOuse Assistive Device\",\"url\":\"https:\\\/\\\/glassouse.com\\\/tr\\\/\",\"logo\":{\"@type\":\"ImageObject\",\"inLanguage\":\"tr\",\"@id\":\"https:\\\/\\\/glassouse.com\\\/tr\\\/#\\\/schema\\\/logo\\\/image\\\/\",\"url\":\"https:\\\/\\\/glassouse.com\\\/wp-content\\\/uploads\\\/2017\\\/11\\\/logo.jpg\",\"contentUrl\":\"https:\\\/\\\/glassouse.com\\\/wp-content\\\/uploads\\\/2017\\\/11\\\/logo.jpg\",\"width\":500,\"height\":500,\"caption\":\"GlassOuse Assistive Device\"},\"image\":{\"@id\":\"https:\\\/\\\/glassouse.com\\\/tr\\\/#\\\/schema\\\/logo\\\/image\\\/\"},\"sameAs\":[\"https:\\\/\\\/www.facebook.com\\\/glassouse\\\/\",\"https:\\\/\\\/x.com\\\/glassouse\",\"https:\\\/\\\/www.instagram.com\\\/glassouseassistivedevice\\\/\",\"https:\\\/\\\/www.linkedin.com\\\/company\\\/glassouse\\\/\",\"https:\\\/\\\/www.youtube.com\\\/channel\\\/UCM5pebcmVXbu00QYd91_Gyw\"]}]}<\/script>\n<!-- \/ Yoast SEO plugin. -->","yoast_head_json":{"title":"Engelliler i\u00e7in Basmal\u0131 Anahtar - Yard\u0131mc\u0131 Cihaz i\u00e7in Uyarlanm\u0131\u015f Anahtar","description":"Engelliler i\u00e7in 100gr Basmal\u0131 Anahtar sat\u0131n al\u0131n. GlassOuse V1.2 ve di\u011fer uyarlanm\u0131\u015f cihazlar ve oyuncaklar ile uyumludur. Uluslararas\u0131 g\u00f6nderim.","robots":{"index":"index","follow":"follow","max-snippet":"max-snippet:-1","max-image-preview":"max-image-preview:large","max-video-preview":"max-video-preview:-1"},"canonical":"https:\/\/glassouse.com\/tr\/product\/gs05-glassouse-pres-anahtari-100gr\/","og_locale":"tr_TR","og_type":"article","og_title":"Engelliler i\u00e7in Basmal\u0131 Anahtar - Yard\u0131mc\u0131 Cihaz i\u00e7in Uyarlanm\u0131\u015f Anahtar","og_description":"Engelliler i\u00e7in 100gr Basmal\u0131 Anahtar sat\u0131n al\u0131n. GlassOuse V1.2 ve di\u011fer uyarlanm\u0131\u015f cihazlar ve oyuncaklar ile uyumludur. Uluslararas\u0131 g\u00f6nderim.","og_url":"https:\/\/glassouse.com\/tr\/product\/gs05-glassouse-pres-anahtari-100gr\/","og_site_name":"Glassouse Assistive Device","article_publisher":"https:\/\/www.facebook.com\/glassouse\/","article_modified_time":"2026-04-27T09:50:04+00:00","og_image":[{"width":1773,"height":1773,"url":"https:\/\/glassouse.com\/wp-content\/uploads\/2019\/04\/2-2.png","type":"image\/png"}],"twitter_card":"summary_large_image","twitter_site":"@glassouse","twitter_misc":{"Tahmini okuma s\u00fcresi":"5 dakika"},"schema":{"@context":"https:\/\/schema.org","@graph":[{"@type":"WebPage","@id":"https:\/\/glassouse.com\/tr\/product\/gs05-glassouse-pres-anahtari-100gr\/","url":"https:\/\/glassouse.com\/tr\/product\/gs05-glassouse-pres-anahtari-100gr\/","name":"Engelliler i\u00e7in Basmal\u0131 Anahtar - Yard\u0131mc\u0131 Cihaz i\u00e7in Uyarlanm\u0131\u015f Anahtar","isPartOf":{"@id":"https:\/\/glassouse.com\/tr\/#website"},"primaryImageOfPage":{"@id":"https:\/\/glassouse.com\/tr\/product\/gs05-glassouse-pres-anahtari-100gr\/#primaryimage"},"image":{"@id":"https:\/\/glassouse.com\/tr\/product\/gs05-glassouse-pres-anahtari-100gr\/#primaryimage"},"thumbnailUrl":"https:\/\/glassouse.com\/wp-content\/uploads\/2019\/04\/2-2.png","datePublished":"2019-04-15T06:38:47+00:00","dateModified":"2026-04-27T09:50:04+00:00","description":"Engelliler i\u00e7in 100gr Basmal\u0131 Anahtar sat\u0131n al\u0131n. GlassOuse V1.2 ve di\u011fer uyarlanm\u0131\u015f cihazlar ve oyuncaklar ile uyumludur. Uluslararas\u0131 g\u00f6nderim.","breadcrumb":{"@id":"https:\/\/glassouse.com\/tr\/product\/gs05-glassouse-pres-anahtari-100gr\/#breadcrumb"},"inLanguage":"tr","potentialAction":[{"@type":"ReadAction","target":["https:\/\/glassouse.com\/tr\/product\/gs05-glassouse-pres-anahtari-100gr\/"]}]},{"@type":"ImageObject","inLanguage":"tr","@id":"https:\/\/glassouse.com\/tr\/product\/gs05-glassouse-pres-anahtari-100gr\/#primaryimage","url":"https:\/\/glassouse.com\/wp-content\/uploads\/2019\/04\/2-2.png","contentUrl":"https:\/\/glassouse.com\/wp-content\/uploads\/2019\/04\/2-2.png","width":1773,"height":1773,"caption":"GlassOuse Pres Anahtar\u0131 - Mini ve Normal"},{"@type":"BreadcrumbList","@id":"https:\/\/glassouse.com\/tr\/product\/gs05-glassouse-pres-anahtari-100gr\/#breadcrumb","itemListElement":[{"@type":"ListItem","position":1,"name":"Home","item":"https:\/\/glassouse.com\/tr\/ev\/"},{"@type":"ListItem","position":2,"name":"Ma\u011faza","item":"https:\/\/glassouse.com\/tr\/magaza\/"},{"@type":"ListItem","position":3,"name":"GS05 GlassOuse Pres Anahtar\u0131 100gr"}]},{"@type":"WebSite","@id":"https:\/\/glassouse.com\/tr\/#website","url":"https:\/\/glassouse.com\/tr\/","name":"Glassouse Assistive Device","description":"Assistive Device and Switches for Disabled","publisher":{"@id":"https:\/\/glassouse.com\/tr\/#organization"},"potentialAction":[{"@type":"SearchAction","target":{"@type":"EntryPoint","urlTemplate":"https:\/\/glassouse.com\/tr\/?s={search_term_string}"},"query-input":{"@type":"PropertyValueSpecification","valueRequired":true,"valueName":"search_term_string"}}],"inLanguage":"tr"},{"@type":"Organization","@id":"https:\/\/glassouse.com\/tr\/#organization","name":"GlassOuse Assistive Device","url":"https:\/\/glassouse.com\/tr\/","logo":{"@type":"ImageObject","inLanguage":"tr","@id":"https:\/\/glassouse.com\/tr\/#\/schema\/logo\/image\/","url":"https:\/\/glassouse.com\/wp-content\/uploads\/2017\/11\/logo.jpg","contentUrl":"https:\/\/glassouse.com\/wp-content\/uploads\/2017\/11\/logo.jpg","width":500,"height":500,"caption":"GlassOuse Assistive Device"},"image":{"@id":"https:\/\/glassouse.com\/tr\/#\/schema\/logo\/image\/"},"sameAs":["https:\/\/www.facebook.com\/glassouse\/","https:\/\/x.com\/glassouse","https:\/\/www.instagram.com\/glassouseassistivedevice\/","https:\/\/www.linkedin.com\/company\/glassouse\/","https:\/\/www.youtube.com\/channel\/UCM5pebcmVXbu00QYd91_Gyw"]}]}},"_links":{"self":[{"href":"https:\/\/glassouse.com\/tr\/wp-json\/wp\/v2\/product\/34210","targetHints":{"allow":["GET"]}}],"collection":[{"href":"https:\/\/glassouse.com\/tr\/wp-json\/wp\/v2\/product"}],"about":[{"href":"https:\/\/glassouse.com\/tr\/wp-json\/wp\/v2\/types\/product"}],"wp:featuredmedia":[{"embeddable":true,"href":"https:\/\/glassouse.com\/tr\/wp-json\/wp\/v2\/media\/34247"}],"wp:attachment":[{"href":"https:\/\/glassouse.com\/tr\/wp-json\/wp\/v2\/media?parent=34210"}],"wp:term":[{"taxonomy":"product_brand","embeddable":true,"href":"https:\/\/glassouse.com\/tr\/wp-json\/wp\/v2\/product_brand?post=34210"},{"taxonomy":"product_cat","embeddable":true,"href":"https:\/\/glassouse.com\/tr\/wp-json\/wp\/v2\/product_cat?post=34210"},{"taxonomy":"product_tag","embeddable":true,"href":"https:\/\/glassouse.com\/tr\/wp-json\/wp\/v2\/product_tag?post=34210"}],"curies":[{"name":"wp","href":"https:\/\/api.w.org\/{rel}","templated":true}]}}