{"id":34309,"date":"2019-06-20T15:03:39","date_gmt":"2019-06-20T07:03:39","guid":{"rendered":"https:\/\/glassouse.com\/product\/gs08-glassouse-dokunmatik-anahtar\/"},"modified":"2026-04-27T17:50:04","modified_gmt":"2026-04-27T09:50:04","slug":"gs08-glassouse-dokunmatik-anahtar","status":"publish","type":"product","link":"https:\/\/glassouse.com\/tr\/product\/gs08-glassouse-dokunmatik-anahtar\/","title":{"rendered":"GS08 GlassOuse Dokunmatik Anahtar"},"content":{"rendered":"<div class=\"wpb-content-wrapper\"><p>[vc_row unlock_row_content=&#8221;yes&#8221; row_height_percent=&#8221;0&#8243; override_padding=&#8221;yes&#8221; h_padding=&#8221;0&#8243; top_padding=&#8221;0&#8243; bottom_padding=&#8221;0&#8243; overlay_alpha=&#8221;50&#8243; equal_height=&#8221;yes&#8221; gutter_size=&#8221;0&#8243; column_width_percent=&#8221;100&#8243; shift_y=&#8221;0&#8243; z_index=&#8221;0&#8243; el_class=&#8221;compact_section&#8221; uncode_shortcode_id=&#8221;152351&#8243; css=&#8221;.vc_custom_1699886063694{padding-top: 15px !important;padding-right: 0px !important;padding-left: 0px !important;}&#8221;][vc_column column_width_percent=&#8221;100&#8243; position_horizontal=&#8221;right&#8221; position_vertical=&#8221;middle&#8221; gutter_size=&#8221;0&#8243; override_padding=&#8221;yes&#8221; column_padding=&#8221;0&#8243; back_image=&#8221;34322&#8243; back_repeat=&#8221;no-repeat&#8221; overlay_alpha=&#8221;50&#8243; shift_x=&#8221;0&#8243; shift_y=&#8221;0&#8243; shift_y_down=&#8221;0&#8243; z_index=&#8221;0&#8243; medium_width=&#8221;0&#8243; mobile_width=&#8221;0&#8243; width=&#8221;1\/1&#8243; uncode_shortcode_id=&#8221;631391&#8243; css=&#8221;.vc_custom_1717461448840{padding-top: 160px !important;padding-right: 50px !important;padding-bottom: 160px !important;padding-left: 0px !important;}&#8221; el_class=&#8221;content_column bg_left_top right_content_column&#8221;][vc_row_inner row_inner_height_percent=&#8221;0&#8243; force_width_grid=&#8221;yes&#8221; overlay_alpha=&#8221;50&#8243; gutter_size=&#8221;0&#8243; shift_y=&#8221;0&#8243; z_index=&#8221;0&#8243; uncode_shortcode_id=&#8221;101637&#8243; css=&#8221;.vc_custom_1699885489765{padding-right: 0px !important;padding-left: 0px !important;}&#8221; el_class=&#8221;limit-width&#8221;][vc_column_inner width=&#8221;1\/2&#8243;][\/vc_column_inner][vc_column_inner column_width_use_pixel=&#8221;yes&#8221; position_horizontal=&#8221;right&#8221; position_vertical=&#8221;middle&#8221; gutter_size=&#8221;0&#8243; override_padding=&#8221;yes&#8221; column_padding=&#8221;0&#8243; overlay_alpha=&#8221;50&#8243; shift_x=&#8221;0&#8243; shift_y=&#8221;0&#8243; shift_y_down=&#8221;0&#8243; z_index=&#8221;0&#8243; medium_width=&#8221;0&#8243; mobile_width=&#8221;0&#8243; width=&#8221;1\/2&#8243; uncode_shortcode_id=&#8221;457584&#8243; css=&#8221;.vc_custom_1717457153605{padding-right: 2% !important;padding-left: 0px !important;}&#8221; column_width_pixel=&#8221;290&#8243;][vc_custom_heading text_color=&#8221;color-jevc&#8221; text_size=&#8221;h3&#8243; text_weight=&#8221;600&#8243; uncode_shortcode_id=&#8221;634392&#8243; text_color_type=&#8221;uncode-palette&#8221; el_class=&#8221;lh-1&#8243;]Kolay Aktivasyon,<br \/>\nP\u00fcr\u00fczs\u00fcz Hareket[\/vc_custom_heading][vc_separator sep_color=&#8221;&#8221; icon_position=&#8221;left&#8221; el_height=&#8221;5px&#8221; uncode_shortcode_id=&#8221;162390&#8243; sep_color_type=&#8221;uncode-solid&#8221; el_width=&#8221;40px&#8221; sep_color_solid=&#8221;#43b8db&#8221; el_class=&#8221;c-divider&#8221;][\/vc_column_inner][\/vc_row_inner][\/vc_column][\/vc_row][vc_row row_height_percent=&#8221;0&#8243; overlay_alpha=&#8221;50&#8243; gutter_size=&#8221;3&#8243; column_width_percent=&#8221;100&#8243; shift_y=&#8221;0&#8243; z_index=&#8221;0&#8243; uncode_shortcode_id=&#8221;167275&#8243; css=&#8221;.vc_custom_1699887163315{padding-top: 50px !important;}&#8221;][vc_column column_width_percent=&#8221;100&#8243; align_horizontal=&#8221;align_center&#8221; gutter_size=&#8221;3&#8243; overlay_alpha=&#8221;50&#8243; shift_x=&#8221;0&#8243; shift_y=&#8221;0&#8243; shift_y_down=&#8221;0&#8243; z_index=&#8221;0&#8243; medium_width=&#8221;0&#8243; mobile_width=&#8221;0&#8243; width=&#8221;1\/1&#8243; uncode_shortcode_id=&#8221;798976&#8243;][vc_custom_heading text_color=&#8221;color-jevc&#8221; text_size=&#8221;h3&#8243; text_weight=&#8221;700&#8243; text_height=&#8221;lh-n&#8221; uncode_shortcode_id=&#8221;972962&#8243; text_color_type=&#8221;uncode-palette&#8221;]Dokunmatik Anahtar\/ Mini Dokunmatik Anahtar[\/vc_custom_heading][vc_custom_heading text_color=&#8221;color-jevc&#8221; heading_semantic=&#8221;p&#8221; text_size=&#8221;&#8221; text_weight=&#8221;500&#8243; text_height=&#8221;lh-n&#8221; uncode_shortcode_id=&#8221;246135&#8243; text_color_type=&#8221;uncode-palette&#8221; el_class=&#8221;mt-0 pt-10&#8243;]\u0130le Uyumlu[\/vc_custom_heading][vc_row_inner row_inner_height_percent=&#8221;0&#8243; overlay_alpha=&#8221;50&#8243; gutter_size=&#8221;3&#8243; shift_y=&#8221;0&#8243; z_index=&#8221;0&#8243; uncode_shortcode_id=&#8221;190634&#8243; el_class=&#8221;icon_boxs_wrap&#8221; css=&#8221;.vc_custom_1699887284713{margin-top: 50px !important;padding-bottom: 0px !important;}&#8221;][vc_column_inner column_width_percent=&#8221;100&#8243; align_horizontal=&#8221;align_center&#8221; gutter_size=&#8221;2&#8243; overlay_alpha=&#8221;50&#8243; shift_x=&#8221;0&#8243; shift_y=&#8221;0&#8243; shift_y_down=&#8221;0&#8243; z_index=&#8221;0&#8243; medium_width=&#8221;0&#8243; mobile_width=&#8221;0&#8243; width=&#8221;1\/1&#8243; uncode_shortcode_id=&#8221;168717&#8243;][vc_icon display=&#8221;inline&#8221; icon_image=&#8221;21103&#8243; media_size=&#8221;300&#8243; text_size=&#8221;h4&#8243; text_weight=&#8221;500&#8243; text_height=&#8221;lh-n&#8221; uncode_shortcode_id=&#8221;697144&#8243; title=&#8221;GlassOuse PRO\/Link&#8221; link=&#8221;url:https%3A%2F%2Fglassouse.com%2Ftr%2Fproduct%2Fglassouse-pro-2%2F|title:GlassOuse%20PRO|target:_blank|&#8221;][\/vc_icon][vc_icon display=&#8221;inline&#8221; icon_image=&#8221;21111&#8243; media_size=&#8221;300&#8243; text_size=&#8221;h4&#8243; text_weight=&#8221;500&#8243; text_height=&#8221;lh-n&#8221; uncode_shortcode_id=&#8221;869660&#8243; title=&#8221;GlassOuse 1.4&#8243; link=&#8221;url:https%3A%2F%2Fglassouse.com%2Fproduct%2Fglassouse-v1-4-assistive-device-buy%2F|title:GlassOuse%20V1.4|target:_blank|&#8221;][\/vc_icon][\/vc_column_inner][\/vc_row_inner][\/vc_column][\/vc_row][vc_row row_height_percent=&#8221;0&#8243; override_padding=&#8221;yes&#8221; h_padding=&#8221;0&#8243; top_padding=&#8221;0&#8243; bottom_padding=&#8221;3&#8243; overlay_alpha=&#8221;50&#8243; gutter_size=&#8221;3&#8243; column_width_percent=&#8221;100&#8243; shift_y=&#8221;0&#8243; z_index=&#8221;0&#8243; uncode_shortcode_id=&#8221;337339&#8243; css=&#8221;.vc_custom_1699889376802{padding-top: 10px !important;}&#8221;][vc_column column_width_percent=&#8221;65&#8243; gutter_size=&#8221;3&#8243; overlay_alpha=&#8221;50&#8243; shift_x=&#8221;0&#8243; shift_y=&#8221;0&#8243; shift_y_down=&#8221;0&#8243; z_index=&#8221;0&#8243; medium_width=&#8221;0&#8243; mobile_width=&#8221;0&#8243; width=&#8221;1\/1&#8243; uncode_shortcode_id=&#8221;668692&#8243;][vc_icon position=&#8221;left&#8221; icon=&#8221;fa fa-play&#8221; icon_image=&#8221;22046&#8243; icon_color=&#8221;color-xsdn&#8221; uncode_shortcode_id=&#8221;194650&#8243; icon_color_type=&#8221;uncode-palette&#8221; media_lightbox=&#8221;22054&#8243; el_class=&#8221;video_box&#8221;][\/vc_icon][vc_column_text uncode_shortcode_id=&#8221;384191&#8243;]<strong>8,63 cm&#8217;lik etkinle\u015ftirme y\u00fczeyi ile Dokunmatik Anahtar, etkinle\u015ftirme alan\u0131na hafif dokunu\u015flar\u0131 herhangi bir gecikme olmaks\u0131z\u0131n alg\u0131lamak i\u00e7in son derece hassast\u0131r.<\/strong>  Cihaz\u0131n kenarlar\u0131 da dahil olmak \u00fczere t\u0131klamalar\u0131n\u0131z\u0131 ger\u00e7ekle\u015ftirmek i\u00e7in anahtar mod\u00fcl\u00fc \u00fczerindeki herhangi bir alana dokunman\u0131z yeterlidir. Dokunmatik Anahtar, 3,5 mm mono jak konekt\u00f6r fi\u015fiyle birlikte gelir ve her t\u00fcrl\u00fc uyarlanabilir cihazla uyumludur. <\/p>\n<p>Touch Switch 3x AAA kuru veya Ni-MH pil ile \u00e7al\u0131\u015f\u0131r ve ak\u0131ll\u0131 pil sistemi kullan\u0131lmad\u0131\u011f\u0131 takdirde cihaz\u0131 bir saat i\u00e7inde kapat\u0131r. \u0130\u015fitsel ve g\u00f6rsel geri bildirim kullan\u0131c\u0131n\u0131n ihtiyac\u0131na g\u00f6re kolayca se\u00e7ilebilir veya istenirse kapat\u0131labilir. <strong>Harici ikincil anahtar yard\u0131m\u0131 ile daha k\u00fc\u00e7\u00fck bir aktivasyon mod\u00fcl\u00fc ile Touch Switch&#8217;in kullan\u0131m alan\u0131n\u0131 geni\u015fletebilirsiniz<\/strong>.[\/vc_column_text][vc_single_image media=&#8221;34321&#8243; media_lightbox=&#8221;yes&#8221; media_width_percent=&#8221;100&#8243; alignment=&#8221;center&#8221; uncode_shortcode_id=&#8221;745137&#8243; el_class=&#8221;c_gallery&#8221;][vc_column_text uncode_shortcode_id=&#8221;156209&#8243;]Art\u0131k Dokunmatik Anahtar\u0131m\u0131z\u0131n kompakt bir versiyonunu sunuyoruz &#8211; Mini Dokunmatik Anahtar.<\/p>\n<p><strong>4 cm&#8217;lik bir etkinle\u015ftirme y\u00fczeyine sahip olan Mini Dokunmatik Anahtar son derece hassast\u0131r ve en ufak bir dokunu\u015fa bile an\u0131nda yan\u0131t verir.<\/strong>  Anahtar\u0131, cihaz\u0131n kenarlar\u0131 da dahil olmak \u00fczere y\u00fczeyin herhangi bir k\u0131sm\u0131na dokunarak etkinle\u015ftirebilirsiniz. GlassOuse ve di\u011fer \u00e7e\u015fitli yard\u0131mc\u0131 cihazlarla uyumlu olmas\u0131n\u0131 sa\u011flayan 3,5 mm mono jak konekt\u00f6r\u00fc ile donat\u0131lm\u0131\u015ft\u0131r. <\/p>\n<p>Mini Dokunmatik Anahtar 3x AAA kuru veya Ni-MH pil ile \u00e7al\u0131\u015f\u0131r ve ak\u0131ll\u0131 pil sistemi bir saat kullan\u0131lmad\u0131\u011f\u0131nda cihaz\u0131 otomatik olarak kapat\u0131r. Kullan\u0131c\u0131lar ki\u015fisel tercihlerine g\u00f6re i\u015fitsel ve g\u00f6rsel geri bildirimi kolayca de\u011fi\u015ftirebilir veya gerekmedi\u011finde bunlar\u0131 kapatabilir.[\/vc_column_text][vc_gallery el_id=&#8221;gallery-837620&#8243; medias=&#8221;34333,34334&#8243; gutter_size=&#8221;3&#8243; screen_lg=&#8221;1000&#8243; screen_md=&#8221;600&#8243; screen_sm=&#8221;480&#8243; single_overlay_opacity=&#8221;50&#8243; single_padding=&#8221;2&#8243; uncode_shortcode_id=&#8221;205386&#8243;][\/vc_column][\/vc_row]<\/p>\n<\/div>","protected":false},"excerpt":{"rendered":"<p>[vc_row unlock_row_content=&#8221;yes&#8221; row_height_percent=&#8221;0&#8243; override_padding=&#8221;yes&#8221; h_padding=&#8221;0&#8243; top_padding=&#8221;0&#8243; bottom_padding=&#8221;0&#8243; overlay_alpha=&#8221;50&#8243; equal_height=&#8221;yes&#8221; gutter_size=&#8221;0&#8243; column_width_percent=&#8221;100&#8243; shift_y=&#8221;0&#8243; z_index=&#8221;0&#8243; el_class=&#8221;compact_section&#8221; uncode_shortcode_id=&#8221;152351&#8243; css=&#8221;.vc_custom_1699886063694{padding-top: 15px !important;padding-right: 0px !important;padding-left: [&hellip;]<\/p>\n","protected":false},"featured_media":34249,"template":"","meta":{"_acf_changed":false},"product_brand":[],"product_cat":[459],"product_tag":[],"class_list":{"0":"post-34309","1":"product","2":"type-product","3":"status-publish","4":"has-post-thumbnail","6":"product_cat-g-switchler","8":"first","9":"instock","10":"shipping-taxable","11":"purchasable","12":"product-type-variable"},"acf":[],"yoast_head":"<!-- This site is optimized with the Yoast SEO plugin v27.5 - https:\/\/yoast.com\/product\/yoast-seo-wordpress\/ -->\n<title>Engelliler i\u00e7in Dokunmatik Anahtar - Yard\u0131mc\u0131 Cihaz i\u00e7in Uyarlanm\u0131\u015f Anahtar<\/title>\n<meta name=\"description\" content=\"Engelliler i\u00e7in 100gr Basmal\u0131 Anahtar sat\u0131n al\u0131n. GlassOuse V1.2 ve di\u011fer uyarlanm\u0131\u015f cihazlar ve oyuncaklar ile uyumludur. Uluslararas\u0131 g\u00f6nderim.\" \/>\n<meta name=\"robots\" content=\"index, follow, max-snippet:-1, max-image-preview:large, max-video-preview:-1\" \/>\n<link rel=\"canonical\" href=\"https:\/\/glassouse.com\/tr\/product\/gs08-glassouse-dokunmatik-anahtar\/\" \/>\n<meta property=\"og:locale\" content=\"tr_TR\" \/>\n<meta property=\"og:type\" content=\"article\" \/>\n<meta property=\"og:title\" content=\"Engelliler i\u00e7in Dokunmatik Anahtar - Yard\u0131mc\u0131 Cihaz i\u00e7in Uyarlanm\u0131\u015f Anahtar\" \/>\n<meta property=\"og:description\" content=\"Engelliler i\u00e7in 100gr Basmal\u0131 Anahtar sat\u0131n al\u0131n. GlassOuse V1.2 ve di\u011fer uyarlanm\u0131\u015f cihazlar ve oyuncaklar ile uyumludur. Uluslararas\u0131 g\u00f6nderim.\" \/>\n<meta property=\"og:url\" content=\"https:\/\/glassouse.com\/tr\/product\/gs08-glassouse-dokunmatik-anahtar\/\" \/>\n<meta property=\"og:site_name\" content=\"Glassouse Assistive Device\" \/>\n<meta property=\"article:publisher\" content=\"https:\/\/www.facebook.com\/glassouse\/\" \/>\n<meta property=\"article:modified_time\" content=\"2026-04-27T09:50:04+00:00\" \/>\n<meta property=\"og:image\" content=\"https:\/\/glassouse.com\/wp-content\/uploads\/2019\/04\/4.png\" \/>\n\t<meta property=\"og:image:width\" content=\"1773\" \/>\n\t<meta property=\"og:image:height\" content=\"1773\" \/>\n\t<meta property=\"og:image:type\" content=\"image\/png\" \/>\n<meta name=\"twitter:card\" content=\"summary_large_image\" \/>\n<meta name=\"twitter:site\" content=\"@glassouse\" \/>\n<meta name=\"twitter:label1\" content=\"Tahmini okuma s\u00fcresi\" \/>\n\t<meta name=\"twitter:data1\" content=\"5 dakika\" \/>\n<script type=\"application\/ld+json\" class=\"yoast-schema-graph\">{\"@context\":\"https:\\\/\\\/schema.org\",\"@graph\":[{\"@type\":\"WebPage\",\"@id\":\"https:\\\/\\\/glassouse.com\\\/tr\\\/product\\\/gs08-glassouse-dokunmatik-anahtar\\\/\",\"url\":\"https:\\\/\\\/glassouse.com\\\/tr\\\/product\\\/gs08-glassouse-dokunmatik-anahtar\\\/\",\"name\":\"Engelliler i\u00e7in Dokunmatik Anahtar - Yard\u0131mc\u0131 Cihaz i\u00e7in Uyarlanm\u0131\u015f Anahtar\",\"isPartOf\":{\"@id\":\"https:\\\/\\\/glassouse.com\\\/tr\\\/#website\"},\"primaryImageOfPage\":{\"@id\":\"https:\\\/\\\/glassouse.com\\\/tr\\\/product\\\/gs08-glassouse-dokunmatik-anahtar\\\/#primaryimage\"},\"image\":{\"@id\":\"https:\\\/\\\/glassouse.com\\\/tr\\\/product\\\/gs08-glassouse-dokunmatik-anahtar\\\/#primaryimage\"},\"thumbnailUrl\":\"https:\\\/\\\/glassouse.com\\\/wp-content\\\/uploads\\\/2019\\\/04\\\/4.png\",\"datePublished\":\"2019-06-20T07:03:39+00:00\",\"dateModified\":\"2026-04-27T09:50:04+00:00\",\"description\":\"Engelliler i\u00e7in 100gr Basmal\u0131 Anahtar sat\u0131n al\u0131n. GlassOuse V1.2 ve di\u011fer uyarlanm\u0131\u015f cihazlar ve oyuncaklar ile uyumludur. Uluslararas\u0131 g\u00f6nderim.\",\"breadcrumb\":{\"@id\":\"https:\\\/\\\/glassouse.com\\\/tr\\\/product\\\/gs08-glassouse-dokunmatik-anahtar\\\/#breadcrumb\"},\"inLanguage\":\"tr\",\"potentialAction\":[{\"@type\":\"ReadAction\",\"target\":[\"https:\\\/\\\/glassouse.com\\\/tr\\\/product\\\/gs08-glassouse-dokunmatik-anahtar\\\/\"]}]},{\"@type\":\"ImageObject\",\"inLanguage\":\"tr\",\"@id\":\"https:\\\/\\\/glassouse.com\\\/tr\\\/product\\\/gs08-glassouse-dokunmatik-anahtar\\\/#primaryimage\",\"url\":\"https:\\\/\\\/glassouse.com\\\/wp-content\\\/uploads\\\/2019\\\/04\\\/4.png\",\"contentUrl\":\"https:\\\/\\\/glassouse.com\\\/wp-content\\\/uploads\\\/2019\\\/04\\\/4.png\",\"width\":1773,\"height\":1773,\"caption\":\"GlassOuse Dokunmatik Anahtar - Mini ve Normal\"},{\"@type\":\"BreadcrumbList\",\"@id\":\"https:\\\/\\\/glassouse.com\\\/tr\\\/product\\\/gs08-glassouse-dokunmatik-anahtar\\\/#breadcrumb\",\"itemListElement\":[{\"@type\":\"ListItem\",\"position\":1,\"name\":\"Home\",\"item\":\"https:\\\/\\\/glassouse.com\\\/tr\\\/\"},{\"@type\":\"ListItem\",\"position\":2,\"name\":\"Ma\u011faza\",\"item\":\"https:\\\/\\\/glassouse.com\\\/tr\\\/magaza\\\/\"},{\"@type\":\"ListItem\",\"position\":3,\"name\":\"GS08 GlassOuse Dokunmatik Anahtar\"}]},{\"@type\":\"WebSite\",\"@id\":\"https:\\\/\\\/glassouse.com\\\/tr\\\/#website\",\"url\":\"https:\\\/\\\/glassouse.com\\\/tr\\\/\",\"name\":\"Glassouse Assistive Device\",\"description\":\"Assistive Device and Switches for Disabled\",\"publisher\":{\"@id\":\"https:\\\/\\\/glassouse.com\\\/tr\\\/#organization\"},\"potentialAction\":[{\"@type\":\"SearchAction\",\"target\":{\"@type\":\"EntryPoint\",\"urlTemplate\":\"https:\\\/\\\/glassouse.com\\\/tr\\\/?s={search_term_string}\"},\"query-input\":{\"@type\":\"PropertyValueSpecification\",\"valueRequired\":true,\"valueName\":\"search_term_string\"}}],\"inLanguage\":\"tr\"},{\"@type\":\"Organization\",\"@id\":\"https:\\\/\\\/glassouse.com\\\/tr\\\/#organization\",\"name\":\"GlassOuse Assistive Device\",\"url\":\"https:\\\/\\\/glassouse.com\\\/tr\\\/\",\"logo\":{\"@type\":\"ImageObject\",\"inLanguage\":\"tr\",\"@id\":\"https:\\\/\\\/glassouse.com\\\/tr\\\/#\\\/schema\\\/logo\\\/image\\\/\",\"url\":\"https:\\\/\\\/glassouse.com\\\/wp-content\\\/uploads\\\/2017\\\/11\\\/logo.jpg\",\"contentUrl\":\"https:\\\/\\\/glassouse.com\\\/wp-content\\\/uploads\\\/2017\\\/11\\\/logo.jpg\",\"width\":500,\"height\":500,\"caption\":\"GlassOuse Assistive Device\"},\"image\":{\"@id\":\"https:\\\/\\\/glassouse.com\\\/tr\\\/#\\\/schema\\\/logo\\\/image\\\/\"},\"sameAs\":[\"https:\\\/\\\/www.facebook.com\\\/glassouse\\\/\",\"https:\\\/\\\/x.com\\\/glassouse\",\"https:\\\/\\\/www.instagram.com\\\/glassouseassistivedevice\\\/\",\"https:\\\/\\\/www.linkedin.com\\\/company\\\/glassouse\\\/\",\"https:\\\/\\\/www.youtube.com\\\/channel\\\/UCM5pebcmVXbu00QYd91_Gyw\"]}]}<\/script>\n<!-- \/ Yoast SEO plugin. -->","yoast_head_json":{"title":"Engelliler i\u00e7in Dokunmatik Anahtar - Yard\u0131mc\u0131 Cihaz i\u00e7in Uyarlanm\u0131\u015f Anahtar","description":"Engelliler i\u00e7in 100gr Basmal\u0131 Anahtar sat\u0131n al\u0131n. GlassOuse V1.2 ve di\u011fer uyarlanm\u0131\u015f cihazlar ve oyuncaklar ile uyumludur. Uluslararas\u0131 g\u00f6nderim.","robots":{"index":"index","follow":"follow","max-snippet":"max-snippet:-1","max-image-preview":"max-image-preview:large","max-video-preview":"max-video-preview:-1"},"canonical":"https:\/\/glassouse.com\/tr\/product\/gs08-glassouse-dokunmatik-anahtar\/","og_locale":"tr_TR","og_type":"article","og_title":"Engelliler i\u00e7in Dokunmatik Anahtar - Yard\u0131mc\u0131 Cihaz i\u00e7in Uyarlanm\u0131\u015f Anahtar","og_description":"Engelliler i\u00e7in 100gr Basmal\u0131 Anahtar sat\u0131n al\u0131n. GlassOuse V1.2 ve di\u011fer uyarlanm\u0131\u015f cihazlar ve oyuncaklar ile uyumludur. Uluslararas\u0131 g\u00f6nderim.","og_url":"https:\/\/glassouse.com\/tr\/product\/gs08-glassouse-dokunmatik-anahtar\/","og_site_name":"Glassouse Assistive Device","article_publisher":"https:\/\/www.facebook.com\/glassouse\/","article_modified_time":"2026-04-27T09:50:04+00:00","og_image":[{"width":1773,"height":1773,"url":"https:\/\/glassouse.com\/wp-content\/uploads\/2019\/04\/4.png","type":"image\/png"}],"twitter_card":"summary_large_image","twitter_site":"@glassouse","twitter_misc":{"Tahmini okuma s\u00fcresi":"5 dakika"},"schema":{"@context":"https:\/\/schema.org","@graph":[{"@type":"WebPage","@id":"https:\/\/glassouse.com\/tr\/product\/gs08-glassouse-dokunmatik-anahtar\/","url":"https:\/\/glassouse.com\/tr\/product\/gs08-glassouse-dokunmatik-anahtar\/","name":"Engelliler i\u00e7in Dokunmatik Anahtar - Yard\u0131mc\u0131 Cihaz i\u00e7in Uyarlanm\u0131\u015f Anahtar","isPartOf":{"@id":"https:\/\/glassouse.com\/tr\/#website"},"primaryImageOfPage":{"@id":"https:\/\/glassouse.com\/tr\/product\/gs08-glassouse-dokunmatik-anahtar\/#primaryimage"},"image":{"@id":"https:\/\/glassouse.com\/tr\/product\/gs08-glassouse-dokunmatik-anahtar\/#primaryimage"},"thumbnailUrl":"https:\/\/glassouse.com\/wp-content\/uploads\/2019\/04\/4.png","datePublished":"2019-06-20T07:03:39+00:00","dateModified":"2026-04-27T09:50:04+00:00","description":"Engelliler i\u00e7in 100gr Basmal\u0131 Anahtar sat\u0131n al\u0131n. GlassOuse V1.2 ve di\u011fer uyarlanm\u0131\u015f cihazlar ve oyuncaklar ile uyumludur. Uluslararas\u0131 g\u00f6nderim.","breadcrumb":{"@id":"https:\/\/glassouse.com\/tr\/product\/gs08-glassouse-dokunmatik-anahtar\/#breadcrumb"},"inLanguage":"tr","potentialAction":[{"@type":"ReadAction","target":["https:\/\/glassouse.com\/tr\/product\/gs08-glassouse-dokunmatik-anahtar\/"]}]},{"@type":"ImageObject","inLanguage":"tr","@id":"https:\/\/glassouse.com\/tr\/product\/gs08-glassouse-dokunmatik-anahtar\/#primaryimage","url":"https:\/\/glassouse.com\/wp-content\/uploads\/2019\/04\/4.png","contentUrl":"https:\/\/glassouse.com\/wp-content\/uploads\/2019\/04\/4.png","width":1773,"height":1773,"caption":"GlassOuse Dokunmatik Anahtar - Mini ve Normal"},{"@type":"BreadcrumbList","@id":"https:\/\/glassouse.com\/tr\/product\/gs08-glassouse-dokunmatik-anahtar\/#breadcrumb","itemListElement":[{"@type":"ListItem","position":1,"name":"Home","item":"https:\/\/glassouse.com\/tr\/"},{"@type":"ListItem","position":2,"name":"Ma\u011faza","item":"https:\/\/glassouse.com\/tr\/magaza\/"},{"@type":"ListItem","position":3,"name":"GS08 GlassOuse Dokunmatik Anahtar"}]},{"@type":"WebSite","@id":"https:\/\/glassouse.com\/tr\/#website","url":"https:\/\/glassouse.com\/tr\/","name":"Glassouse Assistive Device","description":"Assistive Device and Switches for Disabled","publisher":{"@id":"https:\/\/glassouse.com\/tr\/#organization"},"potentialAction":[{"@type":"SearchAction","target":{"@type":"EntryPoint","urlTemplate":"https:\/\/glassouse.com\/tr\/?s={search_term_string}"},"query-input":{"@type":"PropertyValueSpecification","valueRequired":true,"valueName":"search_term_string"}}],"inLanguage":"tr"},{"@type":"Organization","@id":"https:\/\/glassouse.com\/tr\/#organization","name":"GlassOuse Assistive Device","url":"https:\/\/glassouse.com\/tr\/","logo":{"@type":"ImageObject","inLanguage":"tr","@id":"https:\/\/glassouse.com\/tr\/#\/schema\/logo\/image\/","url":"https:\/\/glassouse.com\/wp-content\/uploads\/2017\/11\/logo.jpg","contentUrl":"https:\/\/glassouse.com\/wp-content\/uploads\/2017\/11\/logo.jpg","width":500,"height":500,"caption":"GlassOuse Assistive Device"},"image":{"@id":"https:\/\/glassouse.com\/tr\/#\/schema\/logo\/image\/"},"sameAs":["https:\/\/www.facebook.com\/glassouse\/","https:\/\/x.com\/glassouse","https:\/\/www.instagram.com\/glassouseassistivedevice\/","https:\/\/www.linkedin.com\/company\/glassouse\/","https:\/\/www.youtube.com\/channel\/UCM5pebcmVXbu00QYd91_Gyw"]}]}},"_links":{"self":[{"href":"https:\/\/glassouse.com\/tr\/wp-json\/wp\/v2\/product\/34309","targetHints":{"allow":["GET"]}}],"collection":[{"href":"https:\/\/glassouse.com\/tr\/wp-json\/wp\/v2\/product"}],"about":[{"href":"https:\/\/glassouse.com\/tr\/wp-json\/wp\/v2\/types\/product"}],"wp:featuredmedia":[{"embeddable":true,"href":"https:\/\/glassouse.com\/tr\/wp-json\/wp\/v2\/media\/34249"}],"wp:attachment":[{"href":"https:\/\/glassouse.com\/tr\/wp-json\/wp\/v2\/media?parent=34309"}],"wp:term":[{"taxonomy":"product_brand","embeddable":true,"href":"https:\/\/glassouse.com\/tr\/wp-json\/wp\/v2\/product_brand?post=34309"},{"taxonomy":"product_cat","embeddable":true,"href":"https:\/\/glassouse.com\/tr\/wp-json\/wp\/v2\/product_cat?post=34309"},{"taxonomy":"product_tag","embeddable":true,"href":"https:\/\/glassouse.com\/tr\/wp-json\/wp\/v2\/product_tag?post=34309"}],"curies":[{"name":"wp","href":"https:\/\/api.w.org\/{rel}","templated":true}]}}