{"id":34396,"date":"2020-08-14T17:47:14","date_gmt":"2020-08-14T09:47:14","guid":{"rendered":"https:\/\/glassouse.com\/product\/gat02-sarki-soyleyen-tavsan\/"},"modified":"2020-08-14T17:47:14","modified_gmt":"2020-08-14T09:47:14","slug":"gat02-sarki-soyleyen-tavsan","status":"publish","type":"product","link":"https:\/\/glassouse.com\/tr\/product\/gat02-sarki-soyleyen-tavsan\/","title":{"rendered":"GAT02 \u015eark\u0131 S\u00f6yleyen Tav\u015fan"},"content":{"rendered":"","protected":false},"excerpt":{"rendered":"<h4>\u015eARKI S\u00d6YLEYEN TAV\u015eAN &#8211; GAT02<\/h4>\n<p>1x \u015eark\u0131 S\u00f6yleyen Tav\u015fan Oyuncak, 3,5 mm Jak konekt\u00f6rl\u00fc<br \/>\n1x Kullan\u0131m K\u0131lavuzu<\/p>\n<p><a href=\"https:\/\/glassouse.com\/tr\/para-iade-garantisi\/\"><img decoding=\"async\" class=\"alignnone wp-image-1817\" src=\"https:\/\/glassouse.com\/wp-content\/uploads\/2017\/11\/15_Day_Money_Back_47882ccb-f31c-4b58-ab77-9b78929009ef_grande.png\" alt=\"\" width=\"95\" height=\"95\" srcset=\"https:\/\/glassouse.com\/wp-content\/uploads\/2017\/11\/15_Day_Money_Back_47882ccb-f31c-4b58-ab77-9b78929009ef_grande.png 150w, https:\/\/glassouse.com\/wp-content\/uploads\/2017\/11\/15_Day_Money_Back_47882ccb-f31c-4b58-ab77-9b78929009ef_grande-100x100.png 100w, https:\/\/glassouse.com\/wp-content\/uploads\/2017\/11\/15_Day_Money_Back_47882ccb-f31c-4b58-ab77-9b78929009ef_grande-75x75.png 75w\" sizes=\"(max-width: 95px) 100vw, 95px\" \/><\/a>   <img decoding=\"async\" class=\"alignnone wp-image-3424\" src=\"https:\/\/glassouse.com\/wp-content\/uploads\/2020\/08\/A4.png\" alt=\"GlassOuse Garanti\" width=\"95\" height=\"95\" srcset=\"https:\/\/glassouse.com\/wp-content\/uploads\/2020\/08\/A4.png 345w, https:\/\/glassouse.com\/wp-content\/uploads\/2020\/08\/A4-300x299.png 300w, https:\/\/glassouse.com\/wp-content\/uploads\/2020\/08\/A4-100x100.png 100w, https:\/\/glassouse.com\/wp-content\/uploads\/2020\/08\/A4-150x150.png 150w\" sizes=\"(max-width: 95px) 100vw, 95px\" \/><\/p>\n<p><strong>FONKS\u0130YON: <\/strong>Hareketli kulaklar\u0131 olan ve \u015fark\u0131 s\u00f6yleyen sevimli beyaz tav\u015fan.<\/p>\n<p><strong>\u015eARTNAME:<\/strong><br \/>\n<strong>Uzunluk:<\/strong> 32cm<br \/>\n<strong>A\u011f\u0131rl\u0131k:<\/strong> 0,3kg \/ 0,66 Pound<br \/>\n<strong>Malzeme:<\/strong> S\u00fcper Yumu\u015fak Pelu\u015f<br \/>\n<strong>Dolgu:<\/strong> \u00c7evreye zarar vermeyen 3D PP pamuk<br \/>\n<strong>G\u00fc\u00e7:<\/strong> 3x AA Pil<\/p>\n<p><strong>TAL\u0130MAT:<\/strong><\/p>\n<ol>\n<li>3,5 mm jak adaptif anahtar\u0131n\u0131 oyuncaktaki her iki anahtar portuna ba\u011flay\u0131n.<\/li>\n<li>Tav\u015fan\u0131n kulaklar\u0131n\u0131 peekabo sesiyle \u00e7\u0131rpmas\u0131n\u0131 sa\u011flamak i\u00e7in Sol d\u00fc\u011fmeyi etkinle\u015ftirin. Durdurmak i\u00e7in tekrar bas\u0131n. <\/li>\n<li>Tav\u015fan\u0131n \u015fark\u0131 s\u00f6ylemesini sa\u011flamak i\u00e7in Sa\u011f d\u00fc\u011fmeyi etkinle\u015ftirin, durdurmak i\u00e7in tekrar bas\u0131n.<\/li>\n<\/ol>\n<p><strong><em>*Anahtarlar ayr\u0131 sat\u0131l\u0131r<\/em><\/strong><\/p>\n<p>____________________________________________________________________________________________________________<\/p>\n","protected":false},"featured_media":34409,"template":"","meta":{"_acf_changed":false},"product_brand":[],"product_cat":[432],"product_tag":[435,464,465,466],"class_list":{"0":"post-34396","1":"product","2":"type-product","3":"status-publish","4":"has-post-thumbnail","6":"product_cat-glassouse-oyuncaklari","7":"product_tag-uyarlanmis-oyuncaklar","8":"product_tag-anahtar-uyarlamali-tavsan-oyuncagi","9":"product_tag-ozel-ihtiyaclar-icin-oyuncaklar","10":"product_tag-engelli-cocuklar-icin-oyuncaklar","11":"product_shipping_class-oyuncak","13":"first","14":"instock","15":"shipping-taxable","16":"purchasable","17":"product-type-simple"},"acf":[],"yoast_head":"<!-- This site is optimized with the Yoast SEO plugin v27.4 - https:\/\/yoast.com\/product\/yoast-seo-wordpress\/ -->\n<title>GAT02 \u015eark\u0131 S\u00f6yleyen Tav\u015fan - Glassouse Assistive Device<\/title>\n<meta name=\"robots\" content=\"index, follow, max-snippet:-1, max-image-preview:large, max-video-preview:-1\" \/>\n<link rel=\"canonical\" href=\"https:\/\/glassouse.com\/tr\/product\/gat02-sarki-soyleyen-tavsan\/\" \/>\n<meta property=\"og:locale\" content=\"tr_TR\" \/>\n<meta property=\"og:type\" content=\"article\" \/>\n<meta property=\"og:title\" content=\"GAT02 \u015eark\u0131 S\u00f6yleyen Tav\u015fan - Glassouse Assistive Device\" \/>\n<meta property=\"og:description\" content=\"\u015eARKI S\u00d6YLEYEN TAV\u015eAN - GAT02 1x \u015eark\u0131 S\u00f6yleyen Tav\u015fan Oyuncak, 3,5 mm Jak konekt\u00f6rl\u00fc 1x Kullan\u0131m K\u0131lavuzu    FONKS\u0130YON: Hareketli kulaklar\u0131 olan ve \u015fark\u0131 s\u00f6yleyen sevimli beyaz tav\u015fan. \u015eARTNAME: Uzunluk: 32cm A\u011f\u0131rl\u0131k: 0,3kg \/ 0,66 Pound Malzeme: S\u00fcper Yumu\u015fak Pelu\u015f Dolgu: \u00c7evreye zarar vermeyen 3D PP pamuk G\u00fc\u00e7: 3x AA Pil TAL\u0130MAT:  3,5 mm jak adaptif anahtar\u0131n\u0131 oyuncaktaki her iki anahtar portuna ba\u011flay\u0131n.  Tav\u015fan\u0131n kulaklar\u0131n\u0131 peekabo sesiyle \u00e7\u0131rpmas\u0131n\u0131 sa\u011flamak i\u00e7in Sol d\u00fc\u011fmeyi etkinle\u015ftirin. Durdurmak i\u00e7in tekrar bas\u0131n.  Tav\u015fan\u0131n \u015fark\u0131 s\u00f6ylemesini sa\u011flamak i\u00e7in Sa\u011f d\u00fc\u011fmeyi etkinle\u015ftirin, durdurmak i\u00e7in tekrar bas\u0131n. *Anahtarlar ayr\u0131 sat\u0131l\u0131r ____________________________________________________________________________________________________________\" \/>\n<meta property=\"og:url\" content=\"https:\/\/glassouse.com\/tr\/product\/gat02-sarki-soyleyen-tavsan\/\" \/>\n<meta property=\"og:site_name\" content=\"Glassouse Assistive Device\" \/>\n<meta property=\"article:publisher\" content=\"https:\/\/www.facebook.com\/glassouse\/\" \/>\n<meta property=\"og:image\" content=\"https:\/\/glassouse.com\/wp-content\/uploads\/2020\/08\/Singing-Bunny-4.jpg\" \/>\n\t<meta property=\"og:image:width\" content=\"1000\" \/>\n\t<meta property=\"og:image:height\" content=\"1000\" \/>\n\t<meta property=\"og:image:type\" content=\"image\/jpeg\" \/>\n<meta name=\"twitter:card\" content=\"summary_large_image\" \/>\n<meta name=\"twitter:site\" content=\"@glassouse\" \/>\n<script type=\"application\/ld+json\" class=\"yoast-schema-graph\">{\"@context\":\"https:\\\/\\\/schema.org\",\"@graph\":[{\"@type\":\"WebPage\",\"@id\":\"https:\\\/\\\/glassouse.com\\\/tr\\\/product\\\/gat02-sarki-soyleyen-tavsan\\\/\",\"url\":\"https:\\\/\\\/glassouse.com\\\/tr\\\/product\\\/gat02-sarki-soyleyen-tavsan\\\/\",\"name\":\"GAT02 \u015eark\u0131 S\u00f6yleyen Tav\u015fan - Glassouse Assistive Device\",\"isPartOf\":{\"@id\":\"https:\\\/\\\/glassouse.com\\\/tr\\\/#website\"},\"primaryImageOfPage\":{\"@id\":\"https:\\\/\\\/glassouse.com\\\/tr\\\/product\\\/gat02-sarki-soyleyen-tavsan\\\/#primaryimage\"},\"image\":{\"@id\":\"https:\\\/\\\/glassouse.com\\\/tr\\\/product\\\/gat02-sarki-soyleyen-tavsan\\\/#primaryimage\"},\"thumbnailUrl\":\"https:\\\/\\\/glassouse.com\\\/wp-content\\\/uploads\\\/2020\\\/08\\\/Singing-Bunny-4.jpg\",\"datePublished\":\"2020-08-14T09:47:14+00:00\",\"breadcrumb\":{\"@id\":\"https:\\\/\\\/glassouse.com\\\/tr\\\/product\\\/gat02-sarki-soyleyen-tavsan\\\/#breadcrumb\"},\"inLanguage\":\"tr\",\"potentialAction\":[{\"@type\":\"ReadAction\",\"target\":[\"https:\\\/\\\/glassouse.com\\\/tr\\\/product\\\/gat02-sarki-soyleyen-tavsan\\\/\"]}]},{\"@type\":\"ImageObject\",\"inLanguage\":\"tr\",\"@id\":\"https:\\\/\\\/glassouse.com\\\/tr\\\/product\\\/gat02-sarki-soyleyen-tavsan\\\/#primaryimage\",\"url\":\"https:\\\/\\\/glassouse.com\\\/wp-content\\\/uploads\\\/2020\\\/08\\\/Singing-Bunny-4.jpg\",\"contentUrl\":\"https:\\\/\\\/glassouse.com\\\/wp-content\\\/uploads\\\/2020\\\/08\\\/Singing-Bunny-4.jpg\",\"width\":1000,\"height\":1000,\"caption\":\"Singing-Bunny\"},{\"@type\":\"BreadcrumbList\",\"@id\":\"https:\\\/\\\/glassouse.com\\\/tr\\\/product\\\/gat02-sarki-soyleyen-tavsan\\\/#breadcrumb\",\"itemListElement\":[{\"@type\":\"ListItem\",\"position\":1,\"name\":\"Home\",\"item\":\"https:\\\/\\\/glassouse.com\\\/tr\\\/ev\\\/\"},{\"@type\":\"ListItem\",\"position\":2,\"name\":\"Ma\u011faza\",\"item\":\"https:\\\/\\\/glassouse.com\\\/tr\\\/magaza\\\/\"},{\"@type\":\"ListItem\",\"position\":3,\"name\":\"GAT02 \u015eark\u0131 S\u00f6yleyen Tav\u015fan\"}]},{\"@type\":\"WebSite\",\"@id\":\"https:\\\/\\\/glassouse.com\\\/tr\\\/#website\",\"url\":\"https:\\\/\\\/glassouse.com\\\/tr\\\/\",\"name\":\"Glassouse Assistive Device\",\"description\":\"Assistive Device and Switches for Disabled\",\"publisher\":{\"@id\":\"https:\\\/\\\/glassouse.com\\\/tr\\\/#organization\"},\"potentialAction\":[{\"@type\":\"SearchAction\",\"target\":{\"@type\":\"EntryPoint\",\"urlTemplate\":\"https:\\\/\\\/glassouse.com\\\/tr\\\/?s={search_term_string}\"},\"query-input\":{\"@type\":\"PropertyValueSpecification\",\"valueRequired\":true,\"valueName\":\"search_term_string\"}}],\"inLanguage\":\"tr\"},{\"@type\":\"Organization\",\"@id\":\"https:\\\/\\\/glassouse.com\\\/tr\\\/#organization\",\"name\":\"GlassOuse Assistive Device\",\"url\":\"https:\\\/\\\/glassouse.com\\\/tr\\\/\",\"logo\":{\"@type\":\"ImageObject\",\"inLanguage\":\"tr\",\"@id\":\"https:\\\/\\\/glassouse.com\\\/tr\\\/#\\\/schema\\\/logo\\\/image\\\/\",\"url\":\"https:\\\/\\\/glassouse.com\\\/wp-content\\\/uploads\\\/2017\\\/11\\\/logo.jpg\",\"contentUrl\":\"https:\\\/\\\/glassouse.com\\\/wp-content\\\/uploads\\\/2017\\\/11\\\/logo.jpg\",\"width\":500,\"height\":500,\"caption\":\"GlassOuse Assistive Device\"},\"image\":{\"@id\":\"https:\\\/\\\/glassouse.com\\\/tr\\\/#\\\/schema\\\/logo\\\/image\\\/\"},\"sameAs\":[\"https:\\\/\\\/www.facebook.com\\\/glassouse\\\/\",\"https:\\\/\\\/x.com\\\/glassouse\",\"https:\\\/\\\/www.instagram.com\\\/glassouseassistivedevice\\\/\",\"https:\\\/\\\/www.linkedin.com\\\/company\\\/glassouse\\\/\",\"https:\\\/\\\/www.youtube.com\\\/channel\\\/UCM5pebcmVXbu00QYd91_Gyw\"]}]}<\/script>\n<!-- \/ Yoast SEO plugin. -->","yoast_head_json":{"title":"GAT02 \u015eark\u0131 S\u00f6yleyen Tav\u015fan - Glassouse Assistive Device","robots":{"index":"index","follow":"follow","max-snippet":"max-snippet:-1","max-image-preview":"max-image-preview:large","max-video-preview":"max-video-preview:-1"},"canonical":"https:\/\/glassouse.com\/tr\/product\/gat02-sarki-soyleyen-tavsan\/","og_locale":"tr_TR","og_type":"article","og_title":"GAT02 \u015eark\u0131 S\u00f6yleyen Tav\u015fan - Glassouse Assistive Device","og_description":"\u015eARKI S\u00d6YLEYEN TAV\u015eAN - GAT02 1x \u015eark\u0131 S\u00f6yleyen Tav\u015fan Oyuncak, 3,5 mm Jak konekt\u00f6rl\u00fc 1x Kullan\u0131m K\u0131lavuzu    FONKS\u0130YON: Hareketli kulaklar\u0131 olan ve \u015fark\u0131 s\u00f6yleyen sevimli beyaz tav\u015fan. \u015eARTNAME: Uzunluk: 32cm A\u011f\u0131rl\u0131k: 0,3kg \/ 0,66 Pound Malzeme: S\u00fcper Yumu\u015fak Pelu\u015f Dolgu: \u00c7evreye zarar vermeyen 3D PP pamuk G\u00fc\u00e7: 3x AA Pil TAL\u0130MAT:  3,5 mm jak adaptif anahtar\u0131n\u0131 oyuncaktaki her iki anahtar portuna ba\u011flay\u0131n.  Tav\u015fan\u0131n kulaklar\u0131n\u0131 peekabo sesiyle \u00e7\u0131rpmas\u0131n\u0131 sa\u011flamak i\u00e7in Sol d\u00fc\u011fmeyi etkinle\u015ftirin. Durdurmak i\u00e7in tekrar bas\u0131n.  Tav\u015fan\u0131n \u015fark\u0131 s\u00f6ylemesini sa\u011flamak i\u00e7in Sa\u011f d\u00fc\u011fmeyi etkinle\u015ftirin, durdurmak i\u00e7in tekrar bas\u0131n. *Anahtarlar ayr\u0131 sat\u0131l\u0131r ____________________________________________________________________________________________________________","og_url":"https:\/\/glassouse.com\/tr\/product\/gat02-sarki-soyleyen-tavsan\/","og_site_name":"Glassouse Assistive Device","article_publisher":"https:\/\/www.facebook.com\/glassouse\/","og_image":[{"width":1000,"height":1000,"url":"https:\/\/glassouse.com\/wp-content\/uploads\/2020\/08\/Singing-Bunny-4.jpg","type":"image\/jpeg"}],"twitter_card":"summary_large_image","twitter_site":"@glassouse","schema":{"@context":"https:\/\/schema.org","@graph":[{"@type":"WebPage","@id":"https:\/\/glassouse.com\/tr\/product\/gat02-sarki-soyleyen-tavsan\/","url":"https:\/\/glassouse.com\/tr\/product\/gat02-sarki-soyleyen-tavsan\/","name":"GAT02 \u015eark\u0131 S\u00f6yleyen Tav\u015fan - Glassouse Assistive Device","isPartOf":{"@id":"https:\/\/glassouse.com\/tr\/#website"},"primaryImageOfPage":{"@id":"https:\/\/glassouse.com\/tr\/product\/gat02-sarki-soyleyen-tavsan\/#primaryimage"},"image":{"@id":"https:\/\/glassouse.com\/tr\/product\/gat02-sarki-soyleyen-tavsan\/#primaryimage"},"thumbnailUrl":"https:\/\/glassouse.com\/wp-content\/uploads\/2020\/08\/Singing-Bunny-4.jpg","datePublished":"2020-08-14T09:47:14+00:00","breadcrumb":{"@id":"https:\/\/glassouse.com\/tr\/product\/gat02-sarki-soyleyen-tavsan\/#breadcrumb"},"inLanguage":"tr","potentialAction":[{"@type":"ReadAction","target":["https:\/\/glassouse.com\/tr\/product\/gat02-sarki-soyleyen-tavsan\/"]}]},{"@type":"ImageObject","inLanguage":"tr","@id":"https:\/\/glassouse.com\/tr\/product\/gat02-sarki-soyleyen-tavsan\/#primaryimage","url":"https:\/\/glassouse.com\/wp-content\/uploads\/2020\/08\/Singing-Bunny-4.jpg","contentUrl":"https:\/\/glassouse.com\/wp-content\/uploads\/2020\/08\/Singing-Bunny-4.jpg","width":1000,"height":1000,"caption":"Singing-Bunny"},{"@type":"BreadcrumbList","@id":"https:\/\/glassouse.com\/tr\/product\/gat02-sarki-soyleyen-tavsan\/#breadcrumb","itemListElement":[{"@type":"ListItem","position":1,"name":"Home","item":"https:\/\/glassouse.com\/tr\/ev\/"},{"@type":"ListItem","position":2,"name":"Ma\u011faza","item":"https:\/\/glassouse.com\/tr\/magaza\/"},{"@type":"ListItem","position":3,"name":"GAT02 \u015eark\u0131 S\u00f6yleyen Tav\u015fan"}]},{"@type":"WebSite","@id":"https:\/\/glassouse.com\/tr\/#website","url":"https:\/\/glassouse.com\/tr\/","name":"Glassouse Assistive Device","description":"Assistive Device and Switches for Disabled","publisher":{"@id":"https:\/\/glassouse.com\/tr\/#organization"},"potentialAction":[{"@type":"SearchAction","target":{"@type":"EntryPoint","urlTemplate":"https:\/\/glassouse.com\/tr\/?s={search_term_string}"},"query-input":{"@type":"PropertyValueSpecification","valueRequired":true,"valueName":"search_term_string"}}],"inLanguage":"tr"},{"@type":"Organization","@id":"https:\/\/glassouse.com\/tr\/#organization","name":"GlassOuse Assistive Device","url":"https:\/\/glassouse.com\/tr\/","logo":{"@type":"ImageObject","inLanguage":"tr","@id":"https:\/\/glassouse.com\/tr\/#\/schema\/logo\/image\/","url":"https:\/\/glassouse.com\/wp-content\/uploads\/2017\/11\/logo.jpg","contentUrl":"https:\/\/glassouse.com\/wp-content\/uploads\/2017\/11\/logo.jpg","width":500,"height":500,"caption":"GlassOuse Assistive Device"},"image":{"@id":"https:\/\/glassouse.com\/tr\/#\/schema\/logo\/image\/"},"sameAs":["https:\/\/www.facebook.com\/glassouse\/","https:\/\/x.com\/glassouse","https:\/\/www.instagram.com\/glassouseassistivedevice\/","https:\/\/www.linkedin.com\/company\/glassouse\/","https:\/\/www.youtube.com\/channel\/UCM5pebcmVXbu00QYd91_Gyw"]}]}},"_links":{"self":[{"href":"https:\/\/glassouse.com\/tr\/wp-json\/wp\/v2\/product\/34396","targetHints":{"allow":["GET"]}}],"collection":[{"href":"https:\/\/glassouse.com\/tr\/wp-json\/wp\/v2\/product"}],"about":[{"href":"https:\/\/glassouse.com\/tr\/wp-json\/wp\/v2\/types\/product"}],"wp:featuredmedia":[{"embeddable":true,"href":"https:\/\/glassouse.com\/tr\/wp-json\/wp\/v2\/media\/34409"}],"wp:attachment":[{"href":"https:\/\/glassouse.com\/tr\/wp-json\/wp\/v2\/media?parent=34396"}],"wp:term":[{"taxonomy":"product_brand","embeddable":true,"href":"https:\/\/glassouse.com\/tr\/wp-json\/wp\/v2\/product_brand?post=34396"},{"taxonomy":"product_cat","embeddable":true,"href":"https:\/\/glassouse.com\/tr\/wp-json\/wp\/v2\/product_cat?post=34396"},{"taxonomy":"product_tag","embeddable":true,"href":"https:\/\/glassouse.com\/tr\/wp-json\/wp\/v2\/product_tag?post=34396"}],"curies":[{"name":"wp","href":"https:\/\/api.w.org\/{rel}","templated":true}]}}