{"id":36886,"date":"2017-11-23T09:27:47","date_gmt":"2017-11-23T09:27:47","guid":{"rendered":"https:\/\/glassouse.com\/product\/ac01-bite-switch-360-bite-switch-icin-silikon-kapak\/"},"modified":"2017-11-23T09:27:47","modified_gmt":"2017-11-23T01:27:47","slug":"ac01-bite-switch-360-bite-switch-icin-silikon-kapak","status":"publish","type":"product","link":"https:\/\/glassouse.com\/tr\/product\/ac01-bite-switch-360-bite-switch-icin-silikon-kapak\/","title":{"rendered":"AC01 Bite Switch\/360 Bite Switch i\u00e7in Silikon Kapak"},"content":{"rendered":"","protected":false},"excerpt":{"rendered":"<p><strong>1x adet Bite Switch\/360 Bite Switch i\u00e7in Silikon Kapak<\/strong><\/p>\n<p>GlassOuse V1.4 &amp; Link &amp; Pro&#8217;nun Bite Switch ve 360 Bite Switch \u00fcr\u00fcnleri i\u00e7in ek silikon anahtar kapa\u011f\u0131. Kapak kanserojen olmayan malzemeden yap\u0131lm\u0131\u015ft\u0131r ve de\u011fi\u015ftirilmesi ve temizlenmesi kolayd\u0131r. Sadece anahtar mod\u00fcl\u00fcnden \u00e7\u0131kar\u0131n, y\u0131kay\u0131n veya nemli bir bezle temizleyin.  <\/p>\n","protected":false},"featured_media":36890,"template":"","meta":{"_acf_changed":false},"product_brand":[],"product_cat":[451],"product_tag":[],"class_list":{"0":"post-36886","1":"product","2":"type-product","3":"status-publish","4":"has-post-thumbnail","6":"product_cat-glassouse-aksesuarlari","7":"product_shipping_class-aksesuarlar","9":"first","10":"instock","11":"shipping-taxable","12":"purchasable","13":"product-type-variable","14":"has-default-attributes"},"acf":[],"yoast_head":"<!-- This site is optimized with the Yoast SEO plugin v27.4 - https:\/\/yoast.com\/product\/yoast-seo-wordpress\/ -->\n<title>Sat\u0131l\u0131k Bite Switch\/360 Bite Switch i\u00e7in GlassOuse Silikon Kapak - Engelliler i\u00e7in Tasar\u0131m<\/title>\n<meta name=\"description\" content=\"GlassOuse yard\u0131mc\u0131 cihaz\u0131 Bite Switch\/360 Bite Switch i\u00e7in silikon kapak. Engelli insanlar i\u00e7in tasarlanm\u0131\u015f, dayan\u0131kl\u0131 ve sa\u011flam malzemelerden yap\u0131lm\u0131\u015ft\u0131r. D\u00fcnya \u00e7ap\u0131nda g\u00f6nderim.\" \/>\n<meta name=\"robots\" content=\"index, follow, max-snippet:-1, max-image-preview:large, max-video-preview:-1\" \/>\n<link rel=\"canonical\" href=\"https:\/\/glassouse.com\/tr\/product\/ac01-bite-switch-360-bite-switch-icin-silikon-kapak\/\" \/>\n<meta property=\"og:locale\" content=\"tr_TR\" \/>\n<meta property=\"og:type\" content=\"article\" \/>\n<meta property=\"og:title\" content=\"Sat\u0131l\u0131k Bite Switch\/360 Bite Switch i\u00e7in GlassOuse Silikon Kapak - Engelliler i\u00e7in Tasar\u0131m\" \/>\n<meta property=\"og:description\" content=\"GlassOuse yard\u0131mc\u0131 cihaz\u0131 Bite Switch\/360 Bite Switch i\u00e7in silikon kapak. Engelli insanlar i\u00e7in tasarlanm\u0131\u015f, dayan\u0131kl\u0131 ve sa\u011flam malzemelerden yap\u0131lm\u0131\u015ft\u0131r. D\u00fcnya \u00e7ap\u0131nda g\u00f6nderim.\" \/>\n<meta property=\"og:url\" content=\"https:\/\/glassouse.com\/tr\/product\/ac01-bite-switch-360-bite-switch-icin-silikon-kapak\/\" \/>\n<meta property=\"og:site_name\" content=\"Glassouse Assistive Device\" \/>\n<meta property=\"article:publisher\" content=\"https:\/\/www.facebook.com\/glassouse\/\" \/>\n<meta property=\"og:image\" content=\"https:\/\/glassouse.com\/wp-content\/uploads\/2017\/11\/Bite-Switch-Silicone-Cover-img.jpg\" \/>\n\t<meta property=\"og:image:width\" content=\"516\" \/>\n\t<meta property=\"og:image:height\" content=\"516\" \/>\n\t<meta property=\"og:image:type\" content=\"image\/jpeg\" \/>\n<meta name=\"twitter:card\" content=\"summary_large_image\" \/>\n<meta name=\"twitter:site\" content=\"@glassouse\" \/>\n<script type=\"application\/ld+json\" class=\"yoast-schema-graph\">{\"@context\":\"https:\\\/\\\/schema.org\",\"@graph\":[{\"@type\":\"WebPage\",\"@id\":\"https:\\\/\\\/glassouse.com\\\/tr\\\/product\\\/ac01-bite-switch-360-bite-switch-icin-silikon-kapak\\\/\",\"url\":\"https:\\\/\\\/glassouse.com\\\/tr\\\/product\\\/ac01-bite-switch-360-bite-switch-icin-silikon-kapak\\\/\",\"name\":\"Sat\u0131l\u0131k Bite Switch\\\/360 Bite Switch i\u00e7in GlassOuse Silikon Kapak - Engelliler i\u00e7in Tasar\u0131m\",\"isPartOf\":{\"@id\":\"https:\\\/\\\/glassouse.com\\\/tr\\\/#website\"},\"primaryImageOfPage\":{\"@id\":\"https:\\\/\\\/glassouse.com\\\/tr\\\/product\\\/ac01-bite-switch-360-bite-switch-icin-silikon-kapak\\\/#primaryimage\"},\"image\":{\"@id\":\"https:\\\/\\\/glassouse.com\\\/tr\\\/product\\\/ac01-bite-switch-360-bite-switch-icin-silikon-kapak\\\/#primaryimage\"},\"thumbnailUrl\":\"https:\\\/\\\/glassouse.com\\\/wp-content\\\/uploads\\\/2017\\\/11\\\/Bite-Switch-Silicone-Cover-img.jpg\",\"datePublished\":\"2017-11-23T09:27:47+00:00\",\"description\":\"GlassOuse yard\u0131mc\u0131 cihaz\u0131 Bite Switch\\\/360 Bite Switch i\u00e7in silikon kapak. Engelli insanlar i\u00e7in tasarlanm\u0131\u015f, dayan\u0131kl\u0131 ve sa\u011flam malzemelerden yap\u0131lm\u0131\u015ft\u0131r. D\u00fcnya \u00e7ap\u0131nda g\u00f6nderim.\",\"breadcrumb\":{\"@id\":\"https:\\\/\\\/glassouse.com\\\/tr\\\/product\\\/ac01-bite-switch-360-bite-switch-icin-silikon-kapak\\\/#breadcrumb\"},\"inLanguage\":\"tr\",\"potentialAction\":[{\"@type\":\"ReadAction\",\"target\":[\"https:\\\/\\\/glassouse.com\\\/tr\\\/product\\\/ac01-bite-switch-360-bite-switch-icin-silikon-kapak\\\/\"]}]},{\"@type\":\"ImageObject\",\"inLanguage\":\"tr\",\"@id\":\"https:\\\/\\\/glassouse.com\\\/tr\\\/product\\\/ac01-bite-switch-360-bite-switch-icin-silikon-kapak\\\/#primaryimage\",\"url\":\"https:\\\/\\\/glassouse.com\\\/wp-content\\\/uploads\\\/2017\\\/11\\\/Bite-Switch-Silicone-Cover-img.jpg\",\"contentUrl\":\"https:\\\/\\\/glassouse.com\\\/wp-content\\\/uploads\\\/2017\\\/11\\\/Bite-Switch-Silicone-Cover-img.jpg\",\"width\":516,\"height\":516,\"caption\":\"Bite-Switch-Silikon-Kapak-img\"},{\"@type\":\"BreadcrumbList\",\"@id\":\"https:\\\/\\\/glassouse.com\\\/tr\\\/product\\\/ac01-bite-switch-360-bite-switch-icin-silikon-kapak\\\/#breadcrumb\",\"itemListElement\":[{\"@type\":\"ListItem\",\"position\":1,\"name\":\"Home\",\"item\":\"https:\\\/\\\/glassouse.com\\\/tr\\\/ev\\\/\"},{\"@type\":\"ListItem\",\"position\":2,\"name\":\"Ma\u011faza\",\"item\":\"https:\\\/\\\/glassouse.com\\\/tr\\\/magaza\\\/\"},{\"@type\":\"ListItem\",\"position\":3,\"name\":\"AC01 Bite Switch\\\/360 Bite Switch i\u00e7in Silikon Kapak\"}]},{\"@type\":\"WebSite\",\"@id\":\"https:\\\/\\\/glassouse.com\\\/tr\\\/#website\",\"url\":\"https:\\\/\\\/glassouse.com\\\/tr\\\/\",\"name\":\"Glassouse Assistive Device\",\"description\":\"Assistive Device and Switches for Disabled\",\"publisher\":{\"@id\":\"https:\\\/\\\/glassouse.com\\\/tr\\\/#organization\"},\"potentialAction\":[{\"@type\":\"SearchAction\",\"target\":{\"@type\":\"EntryPoint\",\"urlTemplate\":\"https:\\\/\\\/glassouse.com\\\/tr\\\/?s={search_term_string}\"},\"query-input\":{\"@type\":\"PropertyValueSpecification\",\"valueRequired\":true,\"valueName\":\"search_term_string\"}}],\"inLanguage\":\"tr\"},{\"@type\":\"Organization\",\"@id\":\"https:\\\/\\\/glassouse.com\\\/tr\\\/#organization\",\"name\":\"GlassOuse Assistive Device\",\"url\":\"https:\\\/\\\/glassouse.com\\\/tr\\\/\",\"logo\":{\"@type\":\"ImageObject\",\"inLanguage\":\"tr\",\"@id\":\"https:\\\/\\\/glassouse.com\\\/tr\\\/#\\\/schema\\\/logo\\\/image\\\/\",\"url\":\"https:\\\/\\\/glassouse.com\\\/wp-content\\\/uploads\\\/2017\\\/11\\\/logo.jpg\",\"contentUrl\":\"https:\\\/\\\/glassouse.com\\\/wp-content\\\/uploads\\\/2017\\\/11\\\/logo.jpg\",\"width\":500,\"height\":500,\"caption\":\"GlassOuse Assistive Device\"},\"image\":{\"@id\":\"https:\\\/\\\/glassouse.com\\\/tr\\\/#\\\/schema\\\/logo\\\/image\\\/\"},\"sameAs\":[\"https:\\\/\\\/www.facebook.com\\\/glassouse\\\/\",\"https:\\\/\\\/x.com\\\/glassouse\",\"https:\\\/\\\/www.instagram.com\\\/glassouseassistivedevice\\\/\",\"https:\\\/\\\/www.linkedin.com\\\/company\\\/glassouse\\\/\",\"https:\\\/\\\/www.youtube.com\\\/channel\\\/UCM5pebcmVXbu00QYd91_Gyw\"]}]}<\/script>\n<!-- \/ Yoast SEO plugin. -->","yoast_head_json":{"title":"Sat\u0131l\u0131k Bite Switch\/360 Bite Switch i\u00e7in GlassOuse Silikon Kapak - Engelliler i\u00e7in Tasar\u0131m","description":"GlassOuse yard\u0131mc\u0131 cihaz\u0131 Bite Switch\/360 Bite Switch i\u00e7in silikon kapak. Engelli insanlar i\u00e7in tasarlanm\u0131\u015f, dayan\u0131kl\u0131 ve sa\u011flam malzemelerden yap\u0131lm\u0131\u015ft\u0131r. D\u00fcnya \u00e7ap\u0131nda g\u00f6nderim.","robots":{"index":"index","follow":"follow","max-snippet":"max-snippet:-1","max-image-preview":"max-image-preview:large","max-video-preview":"max-video-preview:-1"},"canonical":"https:\/\/glassouse.com\/tr\/product\/ac01-bite-switch-360-bite-switch-icin-silikon-kapak\/","og_locale":"tr_TR","og_type":"article","og_title":"Sat\u0131l\u0131k Bite Switch\/360 Bite Switch i\u00e7in GlassOuse Silikon Kapak - Engelliler i\u00e7in Tasar\u0131m","og_description":"GlassOuse yard\u0131mc\u0131 cihaz\u0131 Bite Switch\/360 Bite Switch i\u00e7in silikon kapak. Engelli insanlar i\u00e7in tasarlanm\u0131\u015f, dayan\u0131kl\u0131 ve sa\u011flam malzemelerden yap\u0131lm\u0131\u015ft\u0131r. D\u00fcnya \u00e7ap\u0131nda g\u00f6nderim.","og_url":"https:\/\/glassouse.com\/tr\/product\/ac01-bite-switch-360-bite-switch-icin-silikon-kapak\/","og_site_name":"Glassouse Assistive Device","article_publisher":"https:\/\/www.facebook.com\/glassouse\/","og_image":[{"width":516,"height":516,"url":"https:\/\/glassouse.com\/wp-content\/uploads\/2017\/11\/Bite-Switch-Silicone-Cover-img.jpg","type":"image\/jpeg"}],"twitter_card":"summary_large_image","twitter_site":"@glassouse","schema":{"@context":"https:\/\/schema.org","@graph":[{"@type":"WebPage","@id":"https:\/\/glassouse.com\/tr\/product\/ac01-bite-switch-360-bite-switch-icin-silikon-kapak\/","url":"https:\/\/glassouse.com\/tr\/product\/ac01-bite-switch-360-bite-switch-icin-silikon-kapak\/","name":"Sat\u0131l\u0131k Bite Switch\/360 Bite Switch i\u00e7in GlassOuse Silikon Kapak - Engelliler i\u00e7in Tasar\u0131m","isPartOf":{"@id":"https:\/\/glassouse.com\/tr\/#website"},"primaryImageOfPage":{"@id":"https:\/\/glassouse.com\/tr\/product\/ac01-bite-switch-360-bite-switch-icin-silikon-kapak\/#primaryimage"},"image":{"@id":"https:\/\/glassouse.com\/tr\/product\/ac01-bite-switch-360-bite-switch-icin-silikon-kapak\/#primaryimage"},"thumbnailUrl":"https:\/\/glassouse.com\/wp-content\/uploads\/2017\/11\/Bite-Switch-Silicone-Cover-img.jpg","datePublished":"2017-11-23T09:27:47+00:00","description":"GlassOuse yard\u0131mc\u0131 cihaz\u0131 Bite Switch\/360 Bite Switch i\u00e7in silikon kapak. Engelli insanlar i\u00e7in tasarlanm\u0131\u015f, dayan\u0131kl\u0131 ve sa\u011flam malzemelerden yap\u0131lm\u0131\u015ft\u0131r. D\u00fcnya \u00e7ap\u0131nda g\u00f6nderim.","breadcrumb":{"@id":"https:\/\/glassouse.com\/tr\/product\/ac01-bite-switch-360-bite-switch-icin-silikon-kapak\/#breadcrumb"},"inLanguage":"tr","potentialAction":[{"@type":"ReadAction","target":["https:\/\/glassouse.com\/tr\/product\/ac01-bite-switch-360-bite-switch-icin-silikon-kapak\/"]}]},{"@type":"ImageObject","inLanguage":"tr","@id":"https:\/\/glassouse.com\/tr\/product\/ac01-bite-switch-360-bite-switch-icin-silikon-kapak\/#primaryimage","url":"https:\/\/glassouse.com\/wp-content\/uploads\/2017\/11\/Bite-Switch-Silicone-Cover-img.jpg","contentUrl":"https:\/\/glassouse.com\/wp-content\/uploads\/2017\/11\/Bite-Switch-Silicone-Cover-img.jpg","width":516,"height":516,"caption":"Bite-Switch-Silikon-Kapak-img"},{"@type":"BreadcrumbList","@id":"https:\/\/glassouse.com\/tr\/product\/ac01-bite-switch-360-bite-switch-icin-silikon-kapak\/#breadcrumb","itemListElement":[{"@type":"ListItem","position":1,"name":"Home","item":"https:\/\/glassouse.com\/tr\/ev\/"},{"@type":"ListItem","position":2,"name":"Ma\u011faza","item":"https:\/\/glassouse.com\/tr\/magaza\/"},{"@type":"ListItem","position":3,"name":"AC01 Bite Switch\/360 Bite Switch i\u00e7in Silikon Kapak"}]},{"@type":"WebSite","@id":"https:\/\/glassouse.com\/tr\/#website","url":"https:\/\/glassouse.com\/tr\/","name":"Glassouse Assistive Device","description":"Assistive Device and Switches for Disabled","publisher":{"@id":"https:\/\/glassouse.com\/tr\/#organization"},"potentialAction":[{"@type":"SearchAction","target":{"@type":"EntryPoint","urlTemplate":"https:\/\/glassouse.com\/tr\/?s={search_term_string}"},"query-input":{"@type":"PropertyValueSpecification","valueRequired":true,"valueName":"search_term_string"}}],"inLanguage":"tr"},{"@type":"Organization","@id":"https:\/\/glassouse.com\/tr\/#organization","name":"GlassOuse Assistive Device","url":"https:\/\/glassouse.com\/tr\/","logo":{"@type":"ImageObject","inLanguage":"tr","@id":"https:\/\/glassouse.com\/tr\/#\/schema\/logo\/image\/","url":"https:\/\/glassouse.com\/wp-content\/uploads\/2017\/11\/logo.jpg","contentUrl":"https:\/\/glassouse.com\/wp-content\/uploads\/2017\/11\/logo.jpg","width":500,"height":500,"caption":"GlassOuse Assistive Device"},"image":{"@id":"https:\/\/glassouse.com\/tr\/#\/schema\/logo\/image\/"},"sameAs":["https:\/\/www.facebook.com\/glassouse\/","https:\/\/x.com\/glassouse","https:\/\/www.instagram.com\/glassouseassistivedevice\/","https:\/\/www.linkedin.com\/company\/glassouse\/","https:\/\/www.youtube.com\/channel\/UCM5pebcmVXbu00QYd91_Gyw"]}]}},"_links":{"self":[{"href":"https:\/\/glassouse.com\/tr\/wp-json\/wp\/v2\/product\/36886","targetHints":{"allow":["GET"]}}],"collection":[{"href":"https:\/\/glassouse.com\/tr\/wp-json\/wp\/v2\/product"}],"about":[{"href":"https:\/\/glassouse.com\/tr\/wp-json\/wp\/v2\/types\/product"}],"wp:featuredmedia":[{"embeddable":true,"href":"https:\/\/glassouse.com\/tr\/wp-json\/wp\/v2\/media\/36890"}],"wp:attachment":[{"href":"https:\/\/glassouse.com\/tr\/wp-json\/wp\/v2\/media?parent=36886"}],"wp:term":[{"taxonomy":"product_brand","embeddable":true,"href":"https:\/\/glassouse.com\/tr\/wp-json\/wp\/v2\/product_brand?post=36886"},{"taxonomy":"product_cat","embeddable":true,"href":"https:\/\/glassouse.com\/tr\/wp-json\/wp\/v2\/product_cat?post=36886"},{"taxonomy":"product_tag","embeddable":true,"href":"https:\/\/glassouse.com\/tr\/wp-json\/wp\/v2\/product_tag?post=36886"}],"curies":[{"name":"wp","href":"https:\/\/api.w.org\/{rel}","templated":true}]}}